{"id":990,"date":"2017-09-22T14:35:09","date_gmt":"2017-09-22T18:35:09","guid":{"rendered":"http:\/\/www.jttpressworks.com\/index.php\/home\/"},"modified":"2021-07-08T13:37:23","modified_gmt":"2021-07-08T17:37:23","slug":"home","status":"publish","type":"page","link":"http:\/\/www.jttpressworks.com\/fr\/","title":{"rendered":"Accueil"},"content":{"rendered":"<p>[et_pb_section fb_built=&#8221;1&#8243; _builder_version=&#8221;3.22&#8243; background_image=&#8221;http:\/\/www.jttpressworks.com\/wp-content\/uploads\/home-opt-somewhere-speemasterxl106.jpg&#8221;][et_pb_row use_custom_gutter=&#8221;on&#8221; gutter_width=&#8221;1&#8243; _builder_version=&#8221;3.25&#8243; background_size=&#8221;initial&#8221; background_position=&#8221;top_left&#8221; background_repeat=&#8221;repeat&#8221; max_width=&#8221;80%&#8221; use_custom_width=&#8221;on&#8221; width_unit=&#8221;off&#8221;][et_pb_column type=&#8221;4_4&#8243; _builder_version=&#8221;3.25&#8243; custom_padding=&#8221;|||&#8221; custom_padding__hover=&#8221;|||&#8221;][et_pb_image src=&#8221;http:\/\/www.jttpressworks.com\/wp-content\/uploads\/JTTPressworks-logo.png&#8221; align=&#8221;center&#8221; force_fullwidth=&#8221;on&#8221; align_tablet=&#8221;center&#8221; align_last_edited=&#8221;on|desktop&#8221; _builder_version=&#8221;3.23&#8243; animation_style=&#8221;slide&#8221; animation_direction=&#8221;left&#8221; animation_duration=&#8221;500ms&#8221; animation_intensity_slide=&#8221;10%&#8221;]\u00a0<br \/>\n[\/et_pb_image][\/et_pb_column][\/et_pb_row][\/et_pb_section][et_pb_section fb_built=&#8221;1&#8243; _builder_version=&#8221;3.22&#8243;][et_pb_row module_class=&#8221; et_pb_row_fullwidth&#8221; _builder_version=&#8221;3.25&#8243; width=&#8221;89%&#8221; width_tablet=&#8221;80%&#8221; width_last_edited=&#8221;on|desktop&#8221; max_width=&#8221;89%&#8221; max_width_tablet=&#8221;80%&#8221; max_width_last_edited=&#8221;on|desktop&#8221; make_fullwidth=&#8221;on&#8221;][et_pb_column type=&#8221;4_4&#8243; _builder_version=&#8221;3.25&#8243; custom_padding=&#8221;|||&#8221; custom_padding__hover=&#8221;|||&#8221;][et_pb_text _builder_version=&#8221;3.27.4&#8243; text_font_size=&#8221;21px&#8221; custom_padding_tablet=&#8221;&#8221; custom_padding_phone=&#8221;&#8221; custom_padding_last_edited=&#8221;on|tablet&#8221;]<\/p>\n<blockquote>\n<p class=\"WCDBody\"><strong><span style=\"color: #0066ff;\">\u00a0\u00c0 JTT\u00a0Pressworks, nous r\u00e9parons et entretenons les presses offset Heidelberg et nous vendons des pi\u00e8ces de rechange d\u2019origine et des consommables pour ces presses.<\/span><\/strong> Notre entreprise sert des clients en Ontario, au Qu\u00e9bec et dans le reste du Canada. Nos techniciens ont \u00e9t\u00e9 form\u00e9s en usine par le fabricant et ont des dizaines d\u2019ann\u00e9es d\u2019exp\u00e9rience dans le domaine.<\/p>\n<p>&nbsp;<\/p>\n<p>Notre entreprise existe depuis 2002. Elle est dirig\u00e9e par les propri\u00e9taires, ce qui vous garantit que nous avons votre r\u00e9ussite \u00e0 c\u0153ur. Notre client\u00e8le fid\u00e8le appr\u00e9cie l\u2019excellente qualit\u00e9 de notre travail, notre exp\u00e9rience de r\u00e9solution de probl\u00e8mes et nos prix raisonnables.<\/p>\n<\/blockquote>\n<p>[\/et_pb_text][\/et_pb_column][\/et_pb_row][\/et_pb_section][et_pb_section fb_built=&#8221;1&#8243; inner_shadow=&#8221;on&#8221; _builder_version=&#8221;3.22&#8243; background_color=&#8221;rgba(89,89,89,0.08)&#8221; custom_padding=&#8221;0px|0px|0px|0px&#8221;][et_pb_row use_custom_gutter=&#8221;on&#8221; gutter_width=&#8221;1&#8243; make_equal=&#8221;on&#8221; _builder_version=&#8221;3.25&#8243; background_color=&#8221;#f8f8f8&#8243; module_alignment=&#8221;center&#8221; custom_padding=&#8221;0px|0px|0px|0px&#8221; column_structure=&#8221;1_2,1_2&#8243;][et_pb_column type=&#8221;1_2&#8243; _builder_version=&#8221;3.25&#8243; background_color=&#8221;#f8f8f8&#8243; custom_padding=&#8221;|||&#8221; custom_padding__hover=&#8221;|||&#8221;][et_pb_text _builder_version=&#8221;3.27.4&#8243; background_color=&#8221;#f8f8f8&#8243; custom_margin=&#8221;0px|0px|0px|0px&#8221; custom_padding=&#8221;50px|50px|50px|50px&#8221;]<\/p>\n<h2>R\u00e9paration d\u2019urgence<\/h2>\n<p>Quand une r\u00e9paration d\u2019urgence s\u2019impose, la rapidit\u00e9 et l\u2019expertise sont essentielles. Si votre presse est en panne, appelez-nous. Nos experts fiables s\u2019occuperont rapidement de votre probl\u00e8me urgent.<br \/>\n[\/et_pb_text][et_pb_button button_url=&#8221;http:\/\/www.jttpressworks.com\/fr\/services\/reparation-urgence\/&#8221; button_text=&#8221;Vous avez besoin d\u2019aide d\u2019urgence?&#8221; button_alignment=&#8221;center&#8221; _builder_version=&#8221;3.16&#8243; custom_button=&#8221;on&#8221; button_text_color=&#8221;#e61717&#8243; button_border_width=&#8221;2px&#8221; button_border_color=&#8221;#e61717&#8243; button_border_radius=&#8221;3px&#8221; button_letter_spacing=&#8221;1px&#8221; button_font=&#8221;||||&#8221; button_icon=&#8221;%%20%%&#8221; button_icon_color=&#8221;#0066ff&#8221; custom_margin=&#8221;0px|0px|30px|0px&#8221; custom_padding=&#8221;20px|20px|20px|20px&#8221; saved_tabs=&#8221;all&#8221; button_text_size__hover_enabled=&#8221;off&#8221; button_one_text_size__hover_enabled=&#8221;off&#8221; button_two_text_size__hover_enabled=&#8221;off&#8221; button_text_color__hover_enabled=&#8221;off&#8221; button_one_text_color__hover_enabled=&#8221;off&#8221; button_two_text_color__hover_enabled=&#8221;off&#8221; button_border_width__hover_enabled=&#8221;off&#8221; button_one_border_width__hover_enabled=&#8221;off&#8221; button_two_border_width__hover_enabled=&#8221;off&#8221; button_border_color__hover_enabled=&#8221;off&#8221; button_one_border_color__hover_enabled=&#8221;off&#8221; button_two_border_color__hover_enabled=&#8221;off&#8221; button_border_radius__hover_enabled=&#8221;off&#8221; button_one_border_radius__hover_enabled=&#8221;off&#8221; button_two_border_radius__hover_enabled=&#8221;off&#8221; button_letter_spacing__hover_enabled=&#8221;off&#8221; button_one_letter_spacing__hover_enabled=&#8221;off&#8221; button_two_letter_spacing__hover_enabled=&#8221;off&#8221; button_bg_color__hover_enabled=&#8221;off&#8221; button_one_bg_color__hover_enabled=&#8221;off&#8221; button_two_bg_color__hover_enabled=&#8221;off&#8221;]\u00a0<br \/>\n[\/et_pb_button][\/et_pb_column][et_pb_column type=&#8221;1_2&#8243; _builder_version=&#8221;3.25&#8243; background_color=&#8221;#dbdbdb&#8221; custom_padding=&#8221;|||&#8221; custom_padding__hover=&#8221;|||&#8221;][et_pb_text _builder_version=&#8221;3.27.4&#8243; background_color=&#8221;#dbdbdb&#8221; custom_margin=&#8221;0px|0px|0px|0px&#8221; custom_padding=&#8221;50px|50px|50px|50px&#8221;]<\/p>\n<h2>Pi\u00e8ces de rechange<\/h2>\n<p>Nous tenons un stock important des pi\u00e8ces les plus utilis\u00e9es et demand\u00e9es pour les presses \u00e0 imprimer Heidelberg.\u00a0Ces pi\u00e8ces sont offertes \u00e0 des prix plus que concurrentiels.\u00a0Ces pi\u00e8ces sont offertes \u00e0 des prix plus que concurrentiels. De plus, nous offrons la livraison le jour m\u00eame dans la r\u00e9gion de Toronto.<\/p>\n<p>[\/et_pb_text][et_pb_button button_url=&#8221;http:\/\/www.jttpressworks.com\/fr\/pieces\/&#8221; button_text=&#8221;Besoin d\u2019aide pour trouver une pi\u00e8ce de rechange?&#8221; button_alignment=&#8221;center&#8221; _builder_version=&#8221;3.16&#8243; custom_button=&#8221;on&#8221; button_text_color=&#8221;#e61717&#8243; button_border_width=&#8221;2px&#8221; button_border_color=&#8221;#e61717&#8243; button_border_radius=&#8221;3px&#8221; button_letter_spacing=&#8221;1px&#8221; button_font=&#8221;||||&#8221; button_icon=&#8221;%%20%%&#8221; button_icon_color=&#8221;#0066ff&#8221; custom_margin=&#8221;0px|0px|30px|0px&#8221; custom_padding=&#8221;20px|20px|20px|20px&#8221; saved_tabs=&#8221;all&#8221; button_text_size__hover_enabled=&#8221;off&#8221; button_one_text_size__hover_enabled=&#8221;off&#8221; button_two_text_size__hover_enabled=&#8221;off&#8221; button_text_color__hover_enabled=&#8221;off&#8221; button_one_text_color__hover_enabled=&#8221;off&#8221; button_two_text_color__hover_enabled=&#8221;off&#8221; button_border_width__hover_enabled=&#8221;off&#8221; button_one_border_width__hover_enabled=&#8221;off&#8221; button_two_border_width__hover_enabled=&#8221;off&#8221; button_border_color__hover_enabled=&#8221;off&#8221; button_one_border_color__hover_enabled=&#8221;off&#8221; button_two_border_color__hover_enabled=&#8221;off&#8221; button_border_radius__hover_enabled=&#8221;off&#8221; button_one_border_radius__hover_enabled=&#8221;off&#8221; button_two_border_radius__hover_enabled=&#8221;off&#8221; button_letter_spacing__hover_enabled=&#8221;off&#8221; button_one_letter_spacing__hover_enabled=&#8221;off&#8221; button_two_letter_spacing__hover_enabled=&#8221;off&#8221; button_bg_color__hover_enabled=&#8221;off&#8221; button_one_bg_color__hover_enabled=&#8221;off&#8221; button_two_bg_color__hover_enabled=&#8221;off&#8221;]\u00a0<br \/>\n[\/et_pb_button][\/et_pb_column][\/et_pb_row][et_pb_row use_custom_gutter=&#8221;on&#8221; gutter_width=&#8221;1&#8243; make_equal=&#8221;on&#8221; _builder_version=&#8221;3.25&#8243; background_color=&#8221;#ffffff&#8221; custom_padding=&#8221;0px|0px|0px|0px&#8221; column_structure=&#8221;2_3,1_3&#8243;][et_pb_column type=&#8221;2_3&#8243; _builder_version=&#8221;3.25&#8243; custom_padding=&#8221;|||&#8221; custom_padding__hover=&#8221;|||&#8221;][et_pb_text _builder_version=&#8221;3.27.4&#8243; background_color=&#8221;#ffffff&#8221; custom_padding=&#8221;50px|50px|50px|50px&#8221; custom_padding_tablet=&#8221;25px|25px|25px|25px&#8221; custom_padding_phone=&#8221;&#8221; custom_padding_last_edited=&#8221;on|phone&#8221;]<\/p>\n<h2>Consommables<\/h2>\n<p>Nous tenons des stocks de consommables neufs de grande qualit\u00e9, comme des tuyaux m\u00e9triques, pour les presses \u00e0 imprimer Heidelberg. Et vous pouvez compter sur nos conseils professionnels, notre livraison rapide et notre service d\u2019expert.<br \/>\n[\/et_pb_text][\/et_pb_column][et_pb_column type=&#8221;1_3&#8243; _builder_version=&#8221;3.25&#8243; custom_padding=&#8221;|||&#8221; custom_padding__hover=&#8221;|||&#8221;][et_pb_divider show_divider=&#8221;off&#8221; _builder_version=&#8221;3.2&#8243; height=&#8221;100px&#8221;]\u00a0<br \/>\n[\/et_pb_divider][et_pb_button button_url=&#8221;http:\/\/www.jttpressworks.com\/fr\/consommables\/&#8221; button_text=&#8221;Voir nos stocks&#8221; button_alignment=&#8221;center&#8221; _builder_version=&#8221;3.16&#8243; custom_button=&#8221;on&#8221; button_text_color=&#8221;#e61717&#8243; button_border_width=&#8221;2px&#8221; button_border_color=&#8221;#e61717&#8243; button_border_radius=&#8221;3px&#8221; button_letter_spacing=&#8221;1px&#8221; button_font=&#8221;||||&#8221; button_icon=&#8221;%%20%%&#8221; button_icon_color=&#8221;#0066ff&#8221; custom_margin=&#8221;0px|0px|30px|0px&#8221; custom_padding=&#8221;20px|20px|20px|20px&#8221; saved_tabs=&#8221;all&#8221; button_text_size__hover_enabled=&#8221;off&#8221; button_one_text_size__hover_enabled=&#8221;off&#8221; button_two_text_size__hover_enabled=&#8221;off&#8221; button_text_color__hover_enabled=&#8221;off&#8221; button_one_text_color__hover_enabled=&#8221;off&#8221; button_two_text_color__hover_enabled=&#8221;off&#8221; button_border_width__hover_enabled=&#8221;off&#8221; button_one_border_width__hover_enabled=&#8221;off&#8221; button_two_border_width__hover_enabled=&#8221;off&#8221; button_border_color__hover_enabled=&#8221;off&#8221; button_one_border_color__hover_enabled=&#8221;off&#8221; button_two_border_color__hover_enabled=&#8221;off&#8221; button_border_radius__hover_enabled=&#8221;off&#8221; button_one_border_radius__hover_enabled=&#8221;off&#8221; button_two_border_radius__hover_enabled=&#8221;off&#8221; button_letter_spacing__hover_enabled=&#8221;off&#8221; button_one_letter_spacing__hover_enabled=&#8221;off&#8221; button_two_letter_spacing__hover_enabled=&#8221;off&#8221; button_bg_color__hover_enabled=&#8221;off&#8221; button_one_bg_color__hover_enabled=&#8221;off&#8221; button_two_bg_color__hover_enabled=&#8221;off&#8221;]\u00a0<br \/>\n[\/et_pb_button][\/et_pb_column][\/et_pb_row][\/et_pb_section][et_pb_section fb_built=&#8221;1&#8243; _builder_version=&#8221;3.22&#8243; background_color=&#8221;#dbdbdb&#8221; custom_margin=&#8221;0px|0px|0px|0px&#8221; custom_padding=&#8221;44px|0px|40px|0px&#8221;][et_pb_row _builder_version=&#8221;3.25&#8243; background_color=&#8221;#f8f8f8&#8243; background_size=&#8221;initial&#8221; background_position=&#8221;top_left&#8221; background_repeat=&#8221;repeat&#8221; custom_padding=&#8221;0px|0px|0px|0px&#8221;][et_pb_column type=&#8221;4_4&#8243; _builder_version=&#8221;3.25&#8243; custom_padding=&#8221;|||&#8221; custom_padding__hover=&#8221;|||&#8221;][et_pb_testimonial author=&#8221;Phillip Toews&#8221; job_title=&#8221;Directeur de l\u2019exploitation&#8221; company_name=&#8221;Fort Dearborn Company&#8221; url=&#8221;https:\/\/www.fortdearborn.com\/fr&#8221; url_new_window=&#8221;on&#8221; quote_icon_color=&#8221;#0066ff&#8221; quote_icon_background_color=&#8221;#ffffff&#8221; _builder_version=&#8221;3.0.98&#8243; body_text_color=&#8221;#595959&#8243; use_background_color=&#8221;off&#8221; custom_margin=&#8221;|||&#8221; custom_padding=&#8221;50px|40px|40px|40px&#8221; border_width_all=&#8221;4px&#8221; border_color_all=&#8221;#0066ff&#8221; use_border_color=&#8221;on&#8221;]<\/p>\n<p><em>\u00ab\u00a0JTT est notre principal fournisseur de services depuis sa cr\u00e9ation en 2002. Il n\u2019y a qu\u2019une fa\u00e7on de d\u00e9crire le niveau de service dont nous avons b\u00e9n\u00e9fici\u00e9 au cours de ces 15\u00a0ann\u00e9es\u00a0: sans \u00e9gal dans l\u2019industrie. En plus d\u2019\u00eatre notre principal fournisseur de composants de presse d\u2019origine, JTT nous offre des services complets de r\u00e9paration de presse, ainsi que l\u2019exp\u00e9dition le jour m\u00eame de la plupart des pi\u00e8ces en stock, le tout avec un excellent rapport co\u00fbt-efficacit\u00e9.<\/em><\/p>\n<p><em>Leurs connaissances courantes et techniques \u00e0 propos des produits Heidelberg surpassent les attentes. Ils peuvent r\u00e9aliser des \u00e9valuations en profondeur et, en fonction de ce qu\u2019ils d\u00e9couvrent, des r\u00e9parations expertes. Nous consid\u00e9rons John, Thomas et Tony comme des membres de la famille, ce qui en dit long sur leur caract\u00e8re et leur honn\u00eatet\u00e9. Ce sont des gens avec qui il est facile de travailler, et nous nous fions \u00e0 leurs recommandations.<\/em><\/p>\n<p><em>\u00c9tant donn\u00e9 les exigences croissantes, tant en ce qui concerne la machinerie que les d\u00e9lais d\u2019ex\u00e9cution, nous comptons grandement sur leur niveau de service et leur souci du d\u00e9tail. Nous leur faisons confiance sans r\u00e9serve. Il est tr\u00e8s clair que JTT est un chef de file dans son domaine et, que ce soit pour l\u2019\u00e9lectricit\u00e9 ou la m\u00e9canique, nous pouvons compter sur eux.\u00a0\u00bb<\/em><\/p>\n<p>[\/et_pb_testimonial][\/et_pb_column][\/et_pb_row][\/et_pb_section]<\/p>\n","protected":false},"excerpt":{"rendered":"<p>\u00a0 \u00a0\u00c0 JTT\u00a0Pressworks, nous r\u00e9parons et entretenons les presses offset Heidelberg et nous vendons des pi\u00e8ces de rechange d\u2019origine et des consommables pour ces presses. Notre entreprise sert des clients en Ontario, au Qu\u00e9bec et dans le reste du Canada. Nos techniciens ont \u00e9t\u00e9 form\u00e9s en usine par le fabricant et ont des dizaines d\u2019ann\u00e9es [&hellip;]<\/p>\n","protected":false},"author":1,"featured_media":0,"parent":0,"menu_order":0,"comment_status":"closed","ping_status":"closed","template":"","meta":{"_et_pb_use_builder":"on","_et_pb_old_content":"","_et_gb_content_width":"","footnotes":""},"class_list":["post-990","page","type-page","status-publish","hentry"],"yoast_head":"<!-- This site is optimized with the Yoast SEO Premium plugin v20.11 (Yoast SEO v27.6) - https:\/\/yoast.com\/product\/yoast-seo-premium-wordpress\/ -->\n<title>JTT\u00a0Pressworks \u2013 R\u00e9paration et entretien de presses Heidelberg<\/title>\n<meta name=\"description\" content=\"Depuis 2002, des clients fid\u00e8les comptent sur les services d\u2019entretien et de r\u00e9paration de presses Heidelberg de JTT Pressworks. Propri\u00e9taires-exploitants et employ\u00e9s d\u2019exp\u00e9rience form\u00e9s en usine. En savoir plus.\" \/>\n<meta name=\"robots\" content=\"index, follow, max-snippet:-1, max-image-preview:large, max-video-preview:-1\" \/>\n<link rel=\"canonical\" href=\"http:\/\/www.jttpressworks.com\/fr\/\" \/>\n<meta property=\"og:locale\" content=\"fr_FR\" \/>\n<meta property=\"og:type\" content=\"article\" \/>\n<meta property=\"og:title\" content=\"Accueil\" \/>\n<meta property=\"og:description\" content=\"Depuis 2002, des clients fid\u00e8les comptent sur les services d\u2019entretien et de r\u00e9paration de presses Heidelberg de JTT Pressworks. Propri\u00e9taires-exploitants et employ\u00e9s d\u2019exp\u00e9rience form\u00e9s en usine. En savoir plus.\" \/>\n<meta property=\"og:url\" content=\"http:\/\/www.jttpressworks.com\/fr\/\" \/>\n<meta property=\"og:site_name\" content=\"JTT PRESSWORKS\" \/>\n<meta property=\"article:modified_time\" content=\"2021-07-08T17:37:23+00:00\" \/>\n<meta name=\"twitter:card\" content=\"summary_large_image\" \/>\n<meta name=\"twitter:label1\" content=\"Est. reading time\" \/>\n\t<meta name=\"twitter:data1\" content=\"9 minutes\" \/>\n<script type=\"application\/ld+json\" class=\"yoast-schema-graph\">{\"@context\":\"https:\\\/\\\/schema.org\",\"@graph\":[{\"@type\":\"WebPage\",\"@id\":\"http:\\\/\\\/www.jttpressworks.com\\\/fr\\\/\",\"url\":\"http:\\\/\\\/www.jttpressworks.com\\\/fr\\\/\",\"name\":\"JTT\u00a0Pressworks \u2013 R\u00e9paration et entretien de presses Heidelberg\",\"isPartOf\":{\"@id\":\"http:\\\/\\\/www.jttpressworks.com\\\/fr\\\/#website\"},\"datePublished\":\"2017-09-22T18:35:09+00:00\",\"dateModified\":\"2021-07-08T17:37:23+00:00\",\"description\":\"Depuis 2002, des clients fid\u00e8les comptent sur les services d\u2019entretien et de r\u00e9paration de presses Heidelberg de JTT Pressworks. Propri\u00e9taires-exploitants et employ\u00e9s d\u2019exp\u00e9rience form\u00e9s en usine. En savoir plus.\",\"breadcrumb\":{\"@id\":\"http:\\\/\\\/www.jttpressworks.com\\\/fr\\\/#breadcrumb\"},\"inLanguage\":\"fr-FR\",\"potentialAction\":[{\"@type\":\"ReadAction\",\"target\":[\"http:\\\/\\\/www.jttpressworks.com\\\/fr\\\/\"]}]},{\"@type\":\"BreadcrumbList\",\"@id\":\"http:\\\/\\\/www.jttpressworks.com\\\/fr\\\/#breadcrumb\",\"itemListElement\":[{\"@type\":\"ListItem\",\"position\":1,\"name\":\"Home\",\"item\":\"http:\\\/\\\/www.jttpressworks.com\\\/fr\\\/\"},{\"@type\":\"ListItem\",\"position\":2,\"name\":\"Accueil\"}]},{\"@type\":\"WebSite\",\"@id\":\"http:\\\/\\\/www.jttpressworks.com\\\/fr\\\/#website\",\"url\":\"http:\\\/\\\/www.jttpressworks.com\\\/fr\\\/\",\"name\":\"JTT PRESSWORKS\",\"description\":\"We service and repair Heidelberg printing presses\",\"publisher\":{\"@id\":\"http:\\\/\\\/www.jttpressworks.com\\\/fr\\\/#organization\"},\"potentialAction\":[{\"@type\":\"SearchAction\",\"target\":{\"@type\":\"EntryPoint\",\"urlTemplate\":\"http:\\\/\\\/www.jttpressworks.com\\\/fr\\\/?s={search_term_string}\"},\"query-input\":{\"@type\":\"PropertyValueSpecification\",\"valueRequired\":true,\"valueName\":\"search_term_string\"}}],\"inLanguage\":\"fr-FR\"},{\"@type\":\"Organization\",\"@id\":\"http:\\\/\\\/www.jttpressworks.com\\\/fr\\\/#organization\",\"name\":\"JTT Pressworks\",\"url\":\"http:\\\/\\\/www.jttpressworks.com\\\/fr\\\/\",\"logo\":{\"@type\":\"ImageObject\",\"inLanguage\":\"fr-FR\",\"@id\":\"http:\\\/\\\/www.jttpressworks.com\\\/fr\\\/#\\\/schema\\\/logo\\\/image\\\/\",\"url\":\"http:\\\/\\\/www.jttpressworks.com\\\/wp-content\\\/uploads\\\/JTTpressworks-logo.png\",\"contentUrl\":\"http:\\\/\\\/www.jttpressworks.com\\\/wp-content\\\/uploads\\\/JTTpressworks-logo.png\",\"width\":2008,\"height\":358,\"caption\":\"JTT Pressworks\"},\"image\":{\"@id\":\"http:\\\/\\\/www.jttpressworks.com\\\/fr\\\/#\\\/schema\\\/logo\\\/image\\\/\"}}]}<\/script>\n<!-- \/ Yoast SEO Premium plugin. -->","yoast_head_json":{"title":"JTT\u00a0Pressworks \u2013 R\u00e9paration et entretien de presses Heidelberg","description":"Depuis 2002, des clients fid\u00e8les comptent sur les services d\u2019entretien et de r\u00e9paration de presses Heidelberg de JTT Pressworks. Propri\u00e9taires-exploitants et employ\u00e9s d\u2019exp\u00e9rience form\u00e9s en usine. En savoir plus.","robots":{"index":"index","follow":"follow","max-snippet":"max-snippet:-1","max-image-preview":"max-image-preview:large","max-video-preview":"max-video-preview:-1"},"canonical":"http:\/\/www.jttpressworks.com\/fr\/","og_locale":"fr_FR","og_type":"article","og_title":"Accueil","og_description":"Depuis 2002, des clients fid\u00e8les comptent sur les services d\u2019entretien et de r\u00e9paration de presses Heidelberg de JTT Pressworks. Propri\u00e9taires-exploitants et employ\u00e9s d\u2019exp\u00e9rience form\u00e9s en usine. En savoir plus.","og_url":"http:\/\/www.jttpressworks.com\/fr\/","og_site_name":"JTT PRESSWORKS","article_modified_time":"2021-07-08T17:37:23+00:00","twitter_card":"summary_large_image","twitter_misc":{"Est. reading time":"9 minutes"},"schema":{"@context":"https:\/\/schema.org","@graph":[{"@type":"WebPage","@id":"http:\/\/www.jttpressworks.com\/fr\/","url":"http:\/\/www.jttpressworks.com\/fr\/","name":"JTT\u00a0Pressworks \u2013 R\u00e9paration et entretien de presses Heidelberg","isPartOf":{"@id":"http:\/\/www.jttpressworks.com\/fr\/#website"},"datePublished":"2017-09-22T18:35:09+00:00","dateModified":"2021-07-08T17:37:23+00:00","description":"Depuis 2002, des clients fid\u00e8les comptent sur les services d\u2019entretien et de r\u00e9paration de presses Heidelberg de JTT Pressworks. Propri\u00e9taires-exploitants et employ\u00e9s d\u2019exp\u00e9rience form\u00e9s en usine. En savoir plus.","breadcrumb":{"@id":"http:\/\/www.jttpressworks.com\/fr\/#breadcrumb"},"inLanguage":"fr-FR","potentialAction":[{"@type":"ReadAction","target":["http:\/\/www.jttpressworks.com\/fr\/"]}]},{"@type":"BreadcrumbList","@id":"http:\/\/www.jttpressworks.com\/fr\/#breadcrumb","itemListElement":[{"@type":"ListItem","position":1,"name":"Home","item":"http:\/\/www.jttpressworks.com\/fr\/"},{"@type":"ListItem","position":2,"name":"Accueil"}]},{"@type":"WebSite","@id":"http:\/\/www.jttpressworks.com\/fr\/#website","url":"http:\/\/www.jttpressworks.com\/fr\/","name":"JTT PRESSWORKS","description":"We service and repair Heidelberg printing presses","publisher":{"@id":"http:\/\/www.jttpressworks.com\/fr\/#organization"},"potentialAction":[{"@type":"SearchAction","target":{"@type":"EntryPoint","urlTemplate":"http:\/\/www.jttpressworks.com\/fr\/?s={search_term_string}"},"query-input":{"@type":"PropertyValueSpecification","valueRequired":true,"valueName":"search_term_string"}}],"inLanguage":"fr-FR"},{"@type":"Organization","@id":"http:\/\/www.jttpressworks.com\/fr\/#organization","name":"JTT Pressworks","url":"http:\/\/www.jttpressworks.com\/fr\/","logo":{"@type":"ImageObject","inLanguage":"fr-FR","@id":"http:\/\/www.jttpressworks.com\/fr\/#\/schema\/logo\/image\/","url":"http:\/\/www.jttpressworks.com\/wp-content\/uploads\/JTTpressworks-logo.png","contentUrl":"http:\/\/www.jttpressworks.com\/wp-content\/uploads\/JTTpressworks-logo.png","width":2008,"height":358,"caption":"JTT Pressworks"},"image":{"@id":"http:\/\/www.jttpressworks.com\/fr\/#\/schema\/logo\/image\/"}}]}},"_links":{"self":[{"href":"http:\/\/www.jttpressworks.com\/fr\/wp-json\/wp\/v2\/pages\/990","targetHints":{"allow":["GET"]}}],"collection":[{"href":"http:\/\/www.jttpressworks.com\/fr\/wp-json\/wp\/v2\/pages"}],"about":[{"href":"http:\/\/www.jttpressworks.com\/fr\/wp-json\/wp\/v2\/types\/page"}],"author":[{"embeddable":true,"href":"http:\/\/www.jttpressworks.com\/fr\/wp-json\/wp\/v2\/users\/1"}],"replies":[{"embeddable":true,"href":"http:\/\/www.jttpressworks.com\/fr\/wp-json\/wp\/v2\/comments?post=990"}],"version-history":[{"count":18,"href":"http:\/\/www.jttpressworks.com\/fr\/wp-json\/wp\/v2\/pages\/990\/revisions"}],"predecessor-version":[{"id":1534,"href":"http:\/\/www.jttpressworks.com\/fr\/wp-json\/wp\/v2\/pages\/990\/revisions\/1534"}],"wp:attachment":[{"href":"http:\/\/www.jttpressworks.com\/fr\/wp-json\/wp\/v2\/media?parent=990"}],"curies":[{"name":"wp","href":"https:\/\/api.w.org\/{rel}","templated":true}]}}