{"id":1499,"date":"2020-03-27T15:58:14","date_gmt":"2020-03-27T19:58:14","guid":{"rendered":"http:\/\/www.jttpressworks.com\/merci\/"},"modified":"2020-03-27T17:23:05","modified_gmt":"2020-03-27T21:23:05","slug":"merci","status":"publish","type":"page","link":"http:\/\/www.jttpressworks.com\/fr\/merci\/","title":{"rendered":"Merci"},"content":{"rendered":"<p>[et_pb_section fb_built=&#8221;1&#8243; fullwidth=&#8221;on&#8221; _builder_version=&#8221;3.22&#8243;][et_pb_fullwidth_image src=&#8221;http:\/\/www.jttpressworks.com\/wp-content\/uploads\/Contact.jpg&#8221; _builder_version=&#8221;4.2.2&#8243; border_style=&#8221;solid&#8221;][\/et_pb_fullwidth_image][\/et_pb_section][et_pb_section fb_built=&#8221;1&#8243; _builder_version=&#8221;3.22&#8243; custom_padding=&#8221;10px||10px|&#8221;][et_pb_row module_class=&#8221; et_pb_row_fullwidth&#8221; _builder_version=&#8221;3.25&#8243; background_size=&#8221;initial&#8221; background_position=&#8221;top_left&#8221; background_repeat=&#8221;repeat&#8221; width=&#8221;89%&#8221; width_tablet=&#8221;80%&#8221; width_phone=&#8221;&#8221; width_last_edited=&#8221;on|desktop&#8221; max_width=&#8221;89%&#8221; max_width_tablet=&#8221;80%&#8221; max_width_phone=&#8221;&#8221; max_width_last_edited=&#8221;on|desktop&#8221; custom_margin=&#8221;|||&#8221; custom_padding=&#8221;10px||0px|&#8221; make_fullwidth=&#8221;on&#8221;][et_pb_column type=&#8221;4_4&#8243; _builder_version=&#8221;3.25&#8243; background_position=&#8221;top_left&#8221; custom_padding=&#8221;||NaNpx|&#8221; custom_padding__hover=&#8221;|||&#8221;][et_pb_text _builder_version=&#8221;4.4.2&#8243; header_text_color=&#8221;#0066ff&#8221; header_font_size=&#8221;48px&#8221; module_alignment=&#8221;left&#8221; custom_margin=&#8221;||1px|&#8221; border_style=&#8221;solid&#8221;]<\/p>\n<h2><strong>MERCI!<\/strong><\/h2>\n<p>[\/et_pb_text][et_pb_divider divider_weight=&#8221;5&#8243; disabled_on=&#8221;on|on|off&#8221; _builder_version=&#8221;3.23.4&#8243; height=&#8221;0px&#8221;][\/et_pb_divider][et_pb_text _builder_version=&#8221;4.4.2&#8243; border_style=&#8221;solid&#8221;]<\/p>\n<h3>NOUS AVONS BIEN RE\u00c7U VOTRE MESSAGE.<\/h3>\n<p>[\/et_pb_text][\/et_pb_column][\/et_pb_row][\/et_pb_section][et_pb_section fb_built=&#8221;1&#8243; _builder_version=&#8221;3.22&#8243;][et_pb_row column_structure=&#8221;1_2,1_2&#8243; module_class=&#8221; et_pb_row_fullwidth&#8221; _builder_version=&#8221;3.25&#8243; width=&#8221;89%&#8221; width_tablet=&#8221;80%&#8221; width_phone=&#8221;&#8221; width_last_edited=&#8221;on|desktop&#8221; max_width=&#8221;89%&#8221; max_width_tablet=&#8221;80%&#8221; max_width_phone=&#8221;&#8221; max_width_last_edited=&#8221;on|desktop&#8221; make_fullwidth=&#8221;on&#8221;][et_pb_column type=&#8221;1_2&#8243; _builder_version=&#8221;3.25&#8243; custom_padding=&#8221;|||&#8221; custom_padding__hover=&#8221;|||&#8221;][et_pb_text admin_label=&#8221;msg&#8221; _builder_version=&#8221;4.4.2&#8243;]Votre formulaire a bien \u00e9t\u00e9 soumis. Vous recevrez un courriel contenant une copie de l\u2019information que vous nous avez transmise, et nous communiquerons avec vous sous peu.[\/et_pb_text][\/et_pb_column][et_pb_column type=&#8221;1_2&#8243; _builder_version=&#8221;3.25&#8243; custom_padding=&#8221;|||&#8221; custom_padding__hover=&#8221;|||&#8221;][et_pb_text admin_label=&#8221;links&#8221; _builder_version=&#8221;4.4.2&#8243; hover_enabled=&#8221;0&#8243;]<\/p>\n<p><a href=\"http:\/\/www.jttpressworks.com\/fr\/\">Retour \u00e0 la page d\u2019accueil<\/a><\/p>\n<p><a href=\"http:\/\/www.jttpressworks.com\/fr\/pieces\/\">Retour \u00e0 la page des pi\u00e8ces<\/a><\/p>\n<p>[\/et_pb_text][\/et_pb_column][\/et_pb_row][\/et_pb_section]<\/p>\n","protected":false},"excerpt":{"rendered":"<p>MERCI!NOUS AVONS BIEN RE\u00c7U VOTRE MESSAGE.Votre formulaire a bien \u00e9t\u00e9 soumis. Vous recevrez un courriel contenant une copie de l\u2019information que vous nous avez transmise, et nous communiquerons avec vous sous peu.Retour \u00e0 la page d\u2019accueil Retour \u00e0 la page des pi\u00e8ces<\/p>\n","protected":false},"author":1,"featured_media":0,"parent":0,"menu_order":0,"comment_status":"closed","ping_status":"closed","template":"","meta":{"_et_pb_use_builder":"on","_et_pb_old_content":"","_et_gb_content_width":"","footnotes":""},"class_list":["post-1499","page","type-page","status-publish","hentry"],"yoast_head":"<!-- This site is optimized with the Yoast SEO Premium plugin v20.11 (Yoast SEO v27.6) - https:\/\/yoast.com\/product\/yoast-seo-premium-wordpress\/ -->\n<title>Merci - JTT PRESSWORKS<\/title>\n<meta name=\"robots\" content=\"index, follow, max-snippet:-1, max-image-preview:large, max-video-preview:-1\" \/>\n<link rel=\"canonical\" href=\"http:\/\/www.jttpressworks.com\/fr\/merci\/\" \/>\n<meta property=\"og:locale\" content=\"fr_FR\" \/>\n<meta property=\"og:type\" content=\"article\" \/>\n<meta property=\"og:title\" content=\"Merci\" \/>\n<meta property=\"og:description\" content=\"MERCI!NOUS AVONS BIEN RE\u00c7U VOTRE MESSAGE.Votre formulaire a bien \u00e9t\u00e9 soumis. Vous recevrez un courriel contenant une copie de l\u2019information que vous nous avez transmise, et nous communiquerons avec vous sous peu.Retour \u00e0 la page d\u2019accueil Retour \u00e0 la page des pi\u00e8ces\" \/>\n<meta property=\"og:url\" content=\"http:\/\/www.jttpressworks.com\/fr\/merci\/\" \/>\n<meta property=\"og:site_name\" content=\"JTT PRESSWORKS\" \/>\n<meta property=\"article:modified_time\" content=\"2020-03-27T21:23:05+00:00\" \/>\n<meta name=\"twitter:card\" content=\"summary_large_image\" \/>\n<meta name=\"twitter:label1\" content=\"Est. reading time\" \/>\n\t<meta name=\"twitter:data1\" content=\"2 minutes\" \/>\n<script type=\"application\/ld+json\" class=\"yoast-schema-graph\">{\"@context\":\"https:\\\/\\\/schema.org\",\"@graph\":[{\"@type\":\"WebPage\",\"@id\":\"http:\\\/\\\/www.jttpressworks.com\\\/fr\\\/merci\\\/\",\"url\":\"http:\\\/\\\/www.jttpressworks.com\\\/fr\\\/merci\\\/\",\"name\":\"Merci - JTT PRESSWORKS\",\"isPartOf\":{\"@id\":\"http:\\\/\\\/www.jttpressworks.com\\\/fr\\\/#website\"},\"datePublished\":\"2020-03-27T19:58:14+00:00\",\"dateModified\":\"2020-03-27T21:23:05+00:00\",\"breadcrumb\":{\"@id\":\"http:\\\/\\\/www.jttpressworks.com\\\/fr\\\/merci\\\/#breadcrumb\"},\"inLanguage\":\"fr-FR\",\"potentialAction\":[{\"@type\":\"ReadAction\",\"target\":[\"http:\\\/\\\/www.jttpressworks.com\\\/fr\\\/merci\\\/\"]}]},{\"@type\":\"BreadcrumbList\",\"@id\":\"http:\\\/\\\/www.jttpressworks.com\\\/fr\\\/merci\\\/#breadcrumb\",\"itemListElement\":[{\"@type\":\"ListItem\",\"position\":1,\"name\":\"Home\",\"item\":\"http:\\\/\\\/www.jttpressworks.com\\\/fr\\\/\"},{\"@type\":\"ListItem\",\"position\":2,\"name\":\"Merci\"}]},{\"@type\":\"WebSite\",\"@id\":\"http:\\\/\\\/www.jttpressworks.com\\\/fr\\\/#website\",\"url\":\"http:\\\/\\\/www.jttpressworks.com\\\/fr\\\/\",\"name\":\"JTT PRESSWORKS\",\"description\":\"We service and repair Heidelberg printing presses\",\"publisher\":{\"@id\":\"http:\\\/\\\/www.jttpressworks.com\\\/fr\\\/#organization\"},\"potentialAction\":[{\"@type\":\"SearchAction\",\"target\":{\"@type\":\"EntryPoint\",\"urlTemplate\":\"http:\\\/\\\/www.jttpressworks.com\\\/fr\\\/?s={search_term_string}\"},\"query-input\":{\"@type\":\"PropertyValueSpecification\",\"valueRequired\":true,\"valueName\":\"search_term_string\"}}],\"inLanguage\":\"fr-FR\"},{\"@type\":\"Organization\",\"@id\":\"http:\\\/\\\/www.jttpressworks.com\\\/fr\\\/#organization\",\"name\":\"JTT Pressworks\",\"url\":\"http:\\\/\\\/www.jttpressworks.com\\\/fr\\\/\",\"logo\":{\"@type\":\"ImageObject\",\"inLanguage\":\"fr-FR\",\"@id\":\"http:\\\/\\\/www.jttpressworks.com\\\/fr\\\/#\\\/schema\\\/logo\\\/image\\\/\",\"url\":\"http:\\\/\\\/www.jttpressworks.com\\\/wp-content\\\/uploads\\\/JTTpressworks-logo.png\",\"contentUrl\":\"http:\\\/\\\/www.jttpressworks.com\\\/wp-content\\\/uploads\\\/JTTpressworks-logo.png\",\"width\":2008,\"height\":358,\"caption\":\"JTT Pressworks\"},\"image\":{\"@id\":\"http:\\\/\\\/www.jttpressworks.com\\\/fr\\\/#\\\/schema\\\/logo\\\/image\\\/\"}}]}<\/script>\n<!-- \/ Yoast SEO Premium plugin. -->","yoast_head_json":{"title":"Merci - JTT PRESSWORKS","robots":{"index":"index","follow":"follow","max-snippet":"max-snippet:-1","max-image-preview":"max-image-preview:large","max-video-preview":"max-video-preview:-1"},"canonical":"http:\/\/www.jttpressworks.com\/fr\/merci\/","og_locale":"fr_FR","og_type":"article","og_title":"Merci","og_description":"MERCI!NOUS AVONS BIEN RE\u00c7U VOTRE MESSAGE.Votre formulaire a bien \u00e9t\u00e9 soumis. Vous recevrez un courriel contenant une copie de l\u2019information que vous nous avez transmise, et nous communiquerons avec vous sous peu.Retour \u00e0 la page d\u2019accueil Retour \u00e0 la page des pi\u00e8ces","og_url":"http:\/\/www.jttpressworks.com\/fr\/merci\/","og_site_name":"JTT PRESSWORKS","article_modified_time":"2020-03-27T21:23:05+00:00","twitter_card":"summary_large_image","twitter_misc":{"Est. reading time":"2 minutes"},"schema":{"@context":"https:\/\/schema.org","@graph":[{"@type":"WebPage","@id":"http:\/\/www.jttpressworks.com\/fr\/merci\/","url":"http:\/\/www.jttpressworks.com\/fr\/merci\/","name":"Merci - JTT PRESSWORKS","isPartOf":{"@id":"http:\/\/www.jttpressworks.com\/fr\/#website"},"datePublished":"2020-03-27T19:58:14+00:00","dateModified":"2020-03-27T21:23:05+00:00","breadcrumb":{"@id":"http:\/\/www.jttpressworks.com\/fr\/merci\/#breadcrumb"},"inLanguage":"fr-FR","potentialAction":[{"@type":"ReadAction","target":["http:\/\/www.jttpressworks.com\/fr\/merci\/"]}]},{"@type":"BreadcrumbList","@id":"http:\/\/www.jttpressworks.com\/fr\/merci\/#breadcrumb","itemListElement":[{"@type":"ListItem","position":1,"name":"Home","item":"http:\/\/www.jttpressworks.com\/fr\/"},{"@type":"ListItem","position":2,"name":"Merci"}]},{"@type":"WebSite","@id":"http:\/\/www.jttpressworks.com\/fr\/#website","url":"http:\/\/www.jttpressworks.com\/fr\/","name":"JTT PRESSWORKS","description":"We service and repair Heidelberg printing presses","publisher":{"@id":"http:\/\/www.jttpressworks.com\/fr\/#organization"},"potentialAction":[{"@type":"SearchAction","target":{"@type":"EntryPoint","urlTemplate":"http:\/\/www.jttpressworks.com\/fr\/?s={search_term_string}"},"query-input":{"@type":"PropertyValueSpecification","valueRequired":true,"valueName":"search_term_string"}}],"inLanguage":"fr-FR"},{"@type":"Organization","@id":"http:\/\/www.jttpressworks.com\/fr\/#organization","name":"JTT Pressworks","url":"http:\/\/www.jttpressworks.com\/fr\/","logo":{"@type":"ImageObject","inLanguage":"fr-FR","@id":"http:\/\/www.jttpressworks.com\/fr\/#\/schema\/logo\/image\/","url":"http:\/\/www.jttpressworks.com\/wp-content\/uploads\/JTTpressworks-logo.png","contentUrl":"http:\/\/www.jttpressworks.com\/wp-content\/uploads\/JTTpressworks-logo.png","width":2008,"height":358,"caption":"JTT Pressworks"},"image":{"@id":"http:\/\/www.jttpressworks.com\/fr\/#\/schema\/logo\/image\/"}}]}},"_links":{"self":[{"href":"http:\/\/www.jttpressworks.com\/fr\/wp-json\/wp\/v2\/pages\/1499","targetHints":{"allow":["GET"]}}],"collection":[{"href":"http:\/\/www.jttpressworks.com\/fr\/wp-json\/wp\/v2\/pages"}],"about":[{"href":"http:\/\/www.jttpressworks.com\/fr\/wp-json\/wp\/v2\/types\/page"}],"author":[{"embeddable":true,"href":"http:\/\/www.jttpressworks.com\/fr\/wp-json\/wp\/v2\/users\/1"}],"replies":[{"embeddable":true,"href":"http:\/\/www.jttpressworks.com\/fr\/wp-json\/wp\/v2\/comments?post=1499"}],"version-history":[{"count":5,"href":"http:\/\/www.jttpressworks.com\/fr\/wp-json\/wp\/v2\/pages\/1499\/revisions"}],"predecessor-version":[{"id":1515,"href":"http:\/\/www.jttpressworks.com\/fr\/wp-json\/wp\/v2\/pages\/1499\/revisions\/1515"}],"wp:attachment":[{"href":"http:\/\/www.jttpressworks.com\/fr\/wp-json\/wp\/v2\/media?parent=1499"}],"curies":[{"name":"wp","href":"https:\/\/api.w.org\/{rel}","templated":true}]}}