{"id":1313,"date":"2018-02-19T16:39:00","date_gmt":"2018-02-19T21:39:00","guid":{"rendered":"http:\/\/www.jttpressworks.com\/consommables\/"},"modified":"2018-02-20T10:28:46","modified_gmt":"2018-02-20T15:28:46","slug":"consommables","status":"publish","type":"page","link":"http:\/\/www.jttpressworks.com\/fr\/consommables\/","title":{"rendered":"Consommables"},"content":{"rendered":"<p>[et_pb_section fb_built=&#8221;1&#8243; fullwidth=&#8221;on&#8221; _builder_version=&#8221;3.0.93&#8243;][et_pb_fullwidth_image src=&#8221;http:\/\/www.jttpressworks.com\/wp-content\/uploads\/Consumables.jpg&#8221; _builder_version=&#8221;3.0.93&#8243; animation_style=&#8221;slide&#8221; animation_direction=&#8221;left&#8221; animation_duration=&#8221;500px&#8221; animation_intensity_slide=&#8221;10%&#8221;][\/et_pb_fullwidth_image][\/et_pb_section][et_pb_section fb_built=&#8221;1&#8243; _builder_version=&#8221;3.0.80&#8243; custom_padding=&#8221;10px||10px|&#8221;][et_pb_row make_fullwidth=&#8221;on&#8221; custom_padding=&#8221;10px||0px|&#8221; custom_margin=&#8221;|||&#8221; padding_bottom_1=&#8221;NaNpx&#8221; background_position_1=&#8221;top_left&#8221; background_repeat_1=&#8221;no-repeat&#8221; _builder_version=&#8221;3.0.93&#8243; background_size=&#8221;initial&#8221; background_position=&#8221;top_left&#8221; background_repeat=&#8221;repeat&#8221;][et_pb_column type=&#8221;4_4&#8243; _builder_version=&#8221;3.0.47&#8243; padding_bottom=&#8221;NaNpx&#8221; parallax=&#8221;off&#8221; parallax_method=&#8221;on&#8221; background_position=&#8221;top_left&#8221; background_repeat=&#8221;no-repeat&#8221;][et_pb_text _builder_version=&#8221;3.0.83&#8243; header_font_size=&#8221;48px&#8221; header_font_size_tablet=&#8221;40px&#8221; header_font_size_last_edited=&#8221;on|tablet&#8221; header_text_color=&#8221;#0066ff&#8221; module_alignment=&#8221;left&#8221; custom_margin=&#8221;||1px|&#8221; border_style=&#8221;solid&#8221;]<\/p>\n<h1>CONSOMMABLES<\/h1>\n<p>[\/et_pb_text][et_pb_divider color=&#8221;#0066ff&#8221; show_divider=&#8221;on&#8221; divider_weight=&#8221;5&#8243; height=&#8221;0&#8243; disabled_on=&#8221;on|on|off&#8221; _builder_version=&#8221;3.0.66&#8243;][\/et_pb_divider][et_pb_text _builder_version=&#8221;3.0.93&#8243;]<\/p>\n<h3><span style=\"color: #0066ff;\">Nous tenons des stocks de consommables neufs de grande qualit\u00e9 souvent demand\u00e9s pour les presses \u00e0 imprimer Heidelberg. Jetez un coup d\u2019\u0153il \u00e0 notre liste.<\/span><\/h3>\n<p>[\/et_pb_text][\/et_pb_column][\/et_pb_row][\/et_pb_section][et_pb_section fb_built=&#8221;1&#8243; _builder_version=&#8221;3.0.80&#8243;][et_pb_row make_fullwidth=&#8221;on&#8221; custom_padding=&#8221;||0px|&#8221; custom_margin=&#8221;||0px|&#8221; _builder_version=&#8221;3.0.93&#8243;][et_pb_column type=&#8221;4_4&#8243; _builder_version=&#8221;3.0.47&#8243; parallax=&#8221;off&#8221; parallax_method=&#8221;on&#8221;][et_pb_text _builder_version=&#8221;3.0.93&#8243; border_style=&#8221;solid&#8221;]<\/p>\n<h2>Produit le plus vendu\u00a0: les tuyaux m\u00e9triques<\/h2>\n<p>Ne vous contentez pas d\u2019un tuyau en format imp\u00e9rial de qualit\u00e9 inf\u00e9rieure offert par un fournisseur local de tuyaux du march\u00e9 apr\u00e8s-vente. Remplacez vos tuyaux d\u00e9fectueux par des tuyaux d\u2019origine, soit ceux qu\u2019utilise le fabricant de la presse. Comme ces tuyaux sont des consommables, ils ne sont compris dans aucun contrat de service. Gardez-en sous la main pour que les conducteurs de presse puissent les remplacer eux-m\u00eames et ainsi vous \u00e9viter des pertes de temps de travail pr\u00e9cieux et des frais de main-d\u2019\u0153uvre.<\/p>\n<p>[\/et_pb_text][\/et_pb_column][\/et_pb_row][et_pb_row make_fullwidth=&#8221;on&#8221; _builder_version=&#8221;3.0.93&#8243;][et_pb_column type=&#8221;4_4&#8243; _builder_version=&#8221;3.0.47&#8243; parallax=&#8221;off&#8221; parallax_method=&#8221;on&#8221;][et_pb_text _builder_version=&#8221;3.0.93&#8243;]<\/p>\n<h2><\/h2>\n<h2>Consommables les plus demand\u00e9s<\/h2>\n<p>[\/et_pb_text][\/et_pb_column][\/et_pb_row][et_pb_row make_fullwidth=&#8221;on&#8221; _builder_version=&#8221;3.0.93&#8243;][et_pb_column type=&#8221;1_2&#8243; _builder_version=&#8221;3.0.47&#8243; parallax=&#8221;off&#8221; parallax_method=&#8221;on&#8221;][et_pb_text _builder_version=&#8221;3.0.93&#8243;]<\/p>\n<ul>\n<li>Filtres \u00e0 air<\/li>\n<li>Rouleaux mouilleurs<\/li>\n<li>Bandes d\u2019aspiration<\/li>\n<li>Membranes du dispositif d\u2019entra\u00eenement<\/li>\n<li>Cordons de conduite<\/li>\n<li>Feuilles d\u2019encrier<\/li>\n<li>Joues d\u2019encrier<\/li>\n<li>Rouleaux encreurs<\/li>\n<\/ul>\n<p>[\/et_pb_text][\/et_pb_column][et_pb_column type=&#8221;1_2&#8243; _builder_version=&#8221;3.0.47&#8243; parallax=&#8221;off&#8221; parallax_method=&#8221;on&#8221;][et_pb_text _builder_version=&#8221;3.0.93&#8243;]<\/p>\n<ul>\n<li>Lampes IR<\/li>\n<li>Tuyaux m\u00e9triques<\/li>\n<li>Joints toriques<\/li>\n<li>Tuyaux et raccords pneumatiques<\/li>\n<li>Graisse ordinaire ou r\u00e9sistante aux UV<\/li>\n<li>Ventouses<\/li>\n<li>Ruban isolant<\/li>\n<li>Lampes UV<\/li>\n<li>Filtres \u00e0 eau<\/li>\n<\/ul>\n<p>[\/et_pb_text][\/et_pb_column][\/et_pb_row][et_pb_row make_fullwidth=&#8221;on&#8221; _builder_version=&#8221;3.0.93&#8243;][et_pb_column type=&#8221;4_4&#8243; _builder_version=&#8221;3.0.47&#8243; parallax=&#8221;off&#8221; parallax_method=&#8221;on&#8221;][et_pb_text _builder_version=&#8221;3.0.93&#8243; custom_margin=&#8221;|||&#8221; custom_padding=&#8221;0px|||&#8221;]<\/p>\n<h2>Pi\u00e8ces \u00e0 avoir sous la main<\/h2>\n<p>[\/et_pb_text][et_pb_text _builder_version=&#8221;3.0.93&#8243; custom_margin=&#8221;|||&#8221; custom_padding=&#8221;0px|||&#8221;]Les conducteurs peuvent remplacer eux-m\u00eames bon nombre de pi\u00e8ces de base.\u00a0En gardant des stocks des pi\u00e8ces suivantes sous la main, vous pouvez \u00e9viter de co\u00fbteux temps d\u2019arr\u00eat de votre presse.<\/p>\n<p>&nbsp;<\/p>\n<ol>\n<li>Ventouses<\/li>\n<li>Lampes UV<\/li>\n<li>Lampes IR<\/li>\n<li>Tuyaux m\u00e9triques<\/li>\n<li>Pi\u00e8ces pneumatiques<\/li>\n<li>Filtres \u00e0 air<\/li>\n<li>Filtres \u00e0 eau<\/li>\n<\/ol>\n<p>[\/et_pb_text][\/et_pb_column][\/et_pb_row][\/et_pb_section][et_pb_section fb_built=&#8221;1&#8243; background_color=&#8221;#dbdbdb&#8221; _builder_version=&#8221;3.0.83&#8243; custom_margin=&#8221;0px|0px|0px|0px&#8221; custom_padding=&#8221;44px|0px|40px|0px&#8221;][et_pb_row custom_padding=&#8221;0px|0px|0px|0px&#8221; background_color=&#8221;#f8f8f8&#8243; _builder_version=&#8221;3.0.79&#8243; background_size=&#8221;initial&#8221; background_position=&#8221;top_left&#8221; background_repeat=&#8221;repeat&#8221;][et_pb_column type=&#8221;4_4&#8243; _builder_version=&#8221;3.0.47&#8243; parallax=&#8221;off&#8221; parallax_method=&#8221;on&#8221;][et_pb_testimonial author=&#8221;Michael Burke&#8221; job_title=&#8221;Maintenance Manager&#8221; company_name=&#8221;Directeur de la maintenance de Westrock MPS&#8221; url=&#8221;https:\/\/www.westrock.com\/&#8221; url_new_window=&#8221;on&#8221; use_background_color=&#8221;off&#8221; background_layout=&#8221;light&#8221; quote_icon_color=&#8221;#0066ff&#8221; quote_icon_background_color=&#8221;#ffffff&#8221; _builder_version=&#8221;3.0.83&#8243; body_text_color=&#8221;#595959&#8243; border_width_all=&#8221;4px&#8221; border_color_all=&#8221;#0066ff&#8221; border_style_all=&#8221;solid&#8221; custom_margin=&#8221;|||&#8221; custom_padding=&#8221;50px|40px|40px|40px&#8221; use_border_color=&#8221;on&#8221; border_color=&#8221;#0066ff&#8221; border_width=&#8221;4px&#8221;]<\/p>\n<p><em>\u00ab\u00a0Quand j\u2019ai besoin de pi\u00e8ces de rechange d\u2019origine, JTT\u00a0Pressworks est le fournisseur que je privil\u00e9gie.\u00a0 JTT comprend que le temps de disponibilit\u00e9 des machines a une importance vitale pour nous et tient des stocks de diverses pi\u00e8ces cruciales, en plus d\u2019avoir une excellente \u00e9quipe d\u2019entretien pour remettre nos machines en bon \u00e9tat de marche aussi rapidement que possible.\u00a0\u00bb<\/em><\/p>\n<p>[\/et_pb_testimonial][\/et_pb_column][\/et_pb_row][\/et_pb_section][et_pb_section fb_built=&#8221;1&#8243; background_color=&#8221;#0066ff&#8221; _builder_version=&#8221;3.0.83&#8243;][et_pb_row make_fullwidth=&#8221;on&#8221; _builder_version=&#8221;3.0.83&#8243;][et_pb_column type=&#8221;4_4&#8243; _builder_version=&#8221;3.0.47&#8243; parallax=&#8221;off&#8221; parallax_method=&#8221;on&#8221;][et_pb_text background_layout=&#8221;dark&#8221; _builder_version=&#8221;3.0.83&#8243; header_text_align=&#8221;center&#8221; header_font_size=&#8221;44px&#8221; header_letter_spacing=&#8221;1px&#8221; header_line_height=&#8221;1.2em&#8221; custom_margin=&#8221;40px|||&#8221; border_style=&#8221;solid&#8221;]<\/p>\n<h1 style=\"text-align: center;\">POUR QUE VOS PRESSES CONTINUENT DE TOURNER.<\/h1>\n<p>[\/et_pb_text][et_pb_button button_url=&#8221;http:\/\/www.jttpressworks.com\/fr\/services\/&#8221; button_text=&#8221;NOS SERVICES&#8221; button_alignment=&#8221;center&#8221; _builder_version=&#8221;3.0.98&#8243; custom_margin=&#8221;||40px|&#8221; custom_padding=&#8221;20px|20px|20px|20px&#8221; custom_button=&#8221;on&#8221; button_text_size=&#8221;21&#8243; button_text_color=&#8221;#f8f8f8&#8243; button_border_width=&#8221;3px&#8221; button_border_color=&#8221;#f8f8f8&#8243; button_border_radius=&#8221;3px&#8221; button_letter_spacing=&#8221;1px&#8221; button_font=&#8221;|||on|||||&#8221; button_use_icon=&#8221;off&#8221; saved_tabs=&#8221;all&#8221;][\/et_pb_button][\/et_pb_column][\/et_pb_row][\/et_pb_section]<\/p>\n","protected":false},"excerpt":{"rendered":"<p>CONSOMMABLES Nous tenons des stocks de consommables neufs de grande qualit\u00e9 souvent demand\u00e9s pour les presses \u00e0 imprimer Heidelberg. Jetez un coup d\u2019\u0153il \u00e0 notre liste.Produit le plus vendu\u00a0: les tuyaux m\u00e9triques Ne vous contentez pas d\u2019un tuyau en format imp\u00e9rial de qualit\u00e9 inf\u00e9rieure offert par un fournisseur local de tuyaux du march\u00e9 apr\u00e8s-vente. Remplacez [&hellip;]<\/p>\n","protected":false},"author":1,"featured_media":0,"parent":0,"menu_order":0,"comment_status":"closed","ping_status":"closed","template":"","meta":{"_et_pb_use_builder":"on","_et_pb_old_content":"","_et_gb_content_width":""},"yoast_head":"<!-- This site is optimized with the Yoast SEO Premium plugin v20.11 (Yoast SEO v20.11) - https:\/\/yoast.com\/wordpress\/plugins\/seo\/ -->\n<title>Consommables pour les presses Heidelberg. Tuyaux m\u00e9triques en stock.<\/title>\n<meta name=\"description\" content=\"Consommables neufs de grande qualit\u00e9 pour les presses \u00e0 imprimer Heidelberg, comme des tuyaux m\u00e9triques, en stock. Service d\u2019expert, conseils et livraison rapide. T\u00e9l\u00e9phonez au 416 508-6673.\" \/>\n<meta name=\"robots\" content=\"index, follow, max-snippet:-1, max-image-preview:large, max-video-preview:-1\" \/>\n<link rel=\"canonical\" href=\"http:\/\/www.jttpressworks.com\/fr\/consommables\/\" \/>\n<meta property=\"og:locale\" content=\"fr_FR\" \/>\n<meta property=\"og:type\" content=\"article\" \/>\n<meta property=\"og:title\" content=\"Consommables\" \/>\n<meta property=\"og:description\" content=\"Consommables neufs de grande qualit\u00e9 pour les presses \u00e0 imprimer Heidelberg, comme des tuyaux m\u00e9triques, en stock. Service d\u2019expert, conseils et livraison rapide. T\u00e9l\u00e9phonez au 416 508-6673.\" \/>\n<meta property=\"og:url\" content=\"http:\/\/www.jttpressworks.com\/fr\/consommables\/\" \/>\n<meta property=\"og:site_name\" content=\"JTT PRESSWORKS\" \/>\n<meta property=\"article:modified_time\" content=\"2018-02-20T15:28:46+00:00\" \/>\n<meta name=\"twitter:card\" content=\"summary_large_image\" \/>\n<meta name=\"twitter:label1\" content=\"Est. reading time\" \/>\n\t<meta name=\"twitter:data1\" content=\"5 minutes\" \/>\n<script type=\"application\/ld+json\" class=\"yoast-schema-graph\">{\"@context\":\"https:\/\/schema.org\",\"@graph\":[{\"@type\":\"WebPage\",\"@id\":\"http:\/\/www.jttpressworks.com\/fr\/consommables\/\",\"url\":\"http:\/\/www.jttpressworks.com\/fr\/consommables\/\",\"name\":\"Consommables pour les presses Heidelberg. Tuyaux m\u00e9triques en stock.\",\"isPartOf\":{\"@id\":\"http:\/\/www.jttpressworks.com\/fr\/#website\"},\"datePublished\":\"2018-02-19T21:39:00+00:00\",\"dateModified\":\"2018-02-20T15:28:46+00:00\",\"description\":\"Consommables neufs de grande qualit\u00e9 pour les presses \u00e0 imprimer Heidelberg, comme des tuyaux m\u00e9triques, en stock. Service d\u2019expert, conseils et livraison rapide. T\u00e9l\u00e9phonez au 416 508-6673.\",\"breadcrumb\":{\"@id\":\"http:\/\/www.jttpressworks.com\/fr\/consommables\/#breadcrumb\"},\"inLanguage\":\"fr-FR\",\"potentialAction\":[{\"@type\":\"ReadAction\",\"target\":[\"http:\/\/www.jttpressworks.com\/fr\/consommables\/\"]}]},{\"@type\":\"BreadcrumbList\",\"@id\":\"http:\/\/www.jttpressworks.com\/fr\/consommables\/#breadcrumb\",\"itemListElement\":[{\"@type\":\"ListItem\",\"position\":1,\"name\":\"Home\",\"item\":\"http:\/\/www.jttpressworks.com\/fr\/\"},{\"@type\":\"ListItem\",\"position\":2,\"name\":\"Consommables\"}]},{\"@type\":\"WebSite\",\"@id\":\"http:\/\/www.jttpressworks.com\/fr\/#website\",\"url\":\"http:\/\/www.jttpressworks.com\/fr\/\",\"name\":\"JTT PRESSWORKS\",\"description\":\"We service and repair Heidelberg printing presses\",\"publisher\":{\"@id\":\"http:\/\/www.jttpressworks.com\/fr\/#organization\"},\"potentialAction\":[{\"@type\":\"SearchAction\",\"target\":{\"@type\":\"EntryPoint\",\"urlTemplate\":\"http:\/\/www.jttpressworks.com\/fr\/?s={search_term_string}\"},\"query-input\":\"required name=search_term_string\"}],\"inLanguage\":\"fr-FR\"},{\"@type\":\"Organization\",\"@id\":\"http:\/\/www.jttpressworks.com\/fr\/#organization\",\"name\":\"JTT Pressworks\",\"url\":\"http:\/\/www.jttpressworks.com\/fr\/\",\"logo\":{\"@type\":\"ImageObject\",\"inLanguage\":\"fr-FR\",\"@id\":\"http:\/\/www.jttpressworks.com\/fr\/#\/schema\/logo\/image\/\",\"url\":\"http:\/\/www.jttpressworks.com\/wp-content\/uploads\/JTTpressworks-logo.png\",\"contentUrl\":\"http:\/\/www.jttpressworks.com\/wp-content\/uploads\/JTTpressworks-logo.png\",\"width\":2008,\"height\":358,\"caption\":\"JTT Pressworks\"},\"image\":{\"@id\":\"http:\/\/www.jttpressworks.com\/fr\/#\/schema\/logo\/image\/\"}}]}<\/script>\n<!-- \/ Yoast SEO Premium plugin. -->","yoast_head_json":{"title":"Consommables pour les presses Heidelberg. Tuyaux m\u00e9triques en stock.","description":"Consommables neufs de grande qualit\u00e9 pour les presses \u00e0 imprimer Heidelberg, comme des tuyaux m\u00e9triques, en stock. Service d\u2019expert, conseils et livraison rapide. T\u00e9l\u00e9phonez au 416 508-6673.","robots":{"index":"index","follow":"follow","max-snippet":"max-snippet:-1","max-image-preview":"max-image-preview:large","max-video-preview":"max-video-preview:-1"},"canonical":"http:\/\/www.jttpressworks.com\/fr\/consommables\/","og_locale":"fr_FR","og_type":"article","og_title":"Consommables","og_description":"Consommables neufs de grande qualit\u00e9 pour les presses \u00e0 imprimer Heidelberg, comme des tuyaux m\u00e9triques, en stock. Service d\u2019expert, conseils et livraison rapide. T\u00e9l\u00e9phonez au 416 508-6673.","og_url":"http:\/\/www.jttpressworks.com\/fr\/consommables\/","og_site_name":"JTT PRESSWORKS","article_modified_time":"2018-02-20T15:28:46+00:00","twitter_card":"summary_large_image","twitter_misc":{"Est. reading time":"5 minutes"},"schema":{"@context":"https:\/\/schema.org","@graph":[{"@type":"WebPage","@id":"http:\/\/www.jttpressworks.com\/fr\/consommables\/","url":"http:\/\/www.jttpressworks.com\/fr\/consommables\/","name":"Consommables pour les presses Heidelberg. Tuyaux m\u00e9triques en stock.","isPartOf":{"@id":"http:\/\/www.jttpressworks.com\/fr\/#website"},"datePublished":"2018-02-19T21:39:00+00:00","dateModified":"2018-02-20T15:28:46+00:00","description":"Consommables neufs de grande qualit\u00e9 pour les presses \u00e0 imprimer Heidelberg, comme des tuyaux m\u00e9triques, en stock. Service d\u2019expert, conseils et livraison rapide. T\u00e9l\u00e9phonez au 416 508-6673.","breadcrumb":{"@id":"http:\/\/www.jttpressworks.com\/fr\/consommables\/#breadcrumb"},"inLanguage":"fr-FR","potentialAction":[{"@type":"ReadAction","target":["http:\/\/www.jttpressworks.com\/fr\/consommables\/"]}]},{"@type":"BreadcrumbList","@id":"http:\/\/www.jttpressworks.com\/fr\/consommables\/#breadcrumb","itemListElement":[{"@type":"ListItem","position":1,"name":"Home","item":"http:\/\/www.jttpressworks.com\/fr\/"},{"@type":"ListItem","position":2,"name":"Consommables"}]},{"@type":"WebSite","@id":"http:\/\/www.jttpressworks.com\/fr\/#website","url":"http:\/\/www.jttpressworks.com\/fr\/","name":"JTT PRESSWORKS","description":"We service and repair Heidelberg printing presses","publisher":{"@id":"http:\/\/www.jttpressworks.com\/fr\/#organization"},"potentialAction":[{"@type":"SearchAction","target":{"@type":"EntryPoint","urlTemplate":"http:\/\/www.jttpressworks.com\/fr\/?s={search_term_string}"},"query-input":"required name=search_term_string"}],"inLanguage":"fr-FR"},{"@type":"Organization","@id":"http:\/\/www.jttpressworks.com\/fr\/#organization","name":"JTT Pressworks","url":"http:\/\/www.jttpressworks.com\/fr\/","logo":{"@type":"ImageObject","inLanguage":"fr-FR","@id":"http:\/\/www.jttpressworks.com\/fr\/#\/schema\/logo\/image\/","url":"http:\/\/www.jttpressworks.com\/wp-content\/uploads\/JTTpressworks-logo.png","contentUrl":"http:\/\/www.jttpressworks.com\/wp-content\/uploads\/JTTpressworks-logo.png","width":2008,"height":358,"caption":"JTT Pressworks"},"image":{"@id":"http:\/\/www.jttpressworks.com\/fr\/#\/schema\/logo\/image\/"}}]}},"_links":{"self":[{"href":"http:\/\/www.jttpressworks.com\/fr\/wp-json\/wp\/v2\/pages\/1313"}],"collection":[{"href":"http:\/\/www.jttpressworks.com\/fr\/wp-json\/wp\/v2\/pages"}],"about":[{"href":"http:\/\/www.jttpressworks.com\/fr\/wp-json\/wp\/v2\/types\/page"}],"author":[{"embeddable":true,"href":"http:\/\/www.jttpressworks.com\/fr\/wp-json\/wp\/v2\/users\/1"}],"replies":[{"embeddable":true,"href":"http:\/\/www.jttpressworks.com\/fr\/wp-json\/wp\/v2\/comments?post=1313"}],"version-history":[{"count":14,"href":"http:\/\/www.jttpressworks.com\/fr\/wp-json\/wp\/v2\/pages\/1313\/revisions"}],"predecessor-version":[{"id":1375,"href":"http:\/\/www.jttpressworks.com\/fr\/wp-json\/wp\/v2\/pages\/1313\/revisions\/1375"}],"wp:attachment":[{"href":"http:\/\/www.jttpressworks.com\/fr\/wp-json\/wp\/v2\/media?parent=1313"}],"curies":[{"name":"wp","href":"https:\/\/api.w.org\/{rel}","templated":true}]}}