{"id":1297,"date":"2018-02-19T16:27:40","date_gmt":"2018-02-19T21:27:40","guid":{"rendered":"http:\/\/www.jttpressworks.com\/pieces\/"},"modified":"2022-12-07T13:13:09","modified_gmt":"2022-12-07T18:13:09","slug":"pieces","status":"publish","type":"page","link":"http:\/\/www.jttpressworks.com\/fr\/pieces\/","title":{"rendered":"Pi\u00e8ces"},"content":{"rendered":"<p>[et_pb_section fb_built=&#8221;1&#8243; fullwidth=&#8221;on&#8221; _builder_version=&#8221;4.16&#8243; global_colors_info=&#8221;{}&#8221;][et_pb_fullwidth_image src=&#8221;http:\/\/www.jttpressworks.com\/wp-content\/uploads\/parts-image.jpg&#8221; _builder_version=&#8221;4.16&#8243; animation_style=&#8221;slide&#8221; animation_direction=&#8221;left&#8221; animation_duration=&#8221;500px&#8221; animation_intensity_slide=&#8221;10%&#8221; global_colors_info=&#8221;{}&#8221;]<br \/>\n[\/et_pb_fullwidth_image][\/et_pb_section][et_pb_section fb_built=&#8221;1&#8243; _builder_version=&#8221;4.16&#8243; custom_padding=&#8221;10px||10px|&#8221; global_colors_info=&#8221;{}&#8221;][et_pb_row module_class=&#8221; et_pb_row_fullwidth&#8221; _builder_version=&#8221;4.16&#8243; background_size=&#8221;initial&#8221; background_position=&#8221;top_left&#8221; background_repeat=&#8221;repeat&#8221; width=&#8221;89%&#8221; width_tablet=&#8221;80%&#8221; width_last_edited=&#8221;on|desktop&#8221; max_width=&#8221;89%&#8221; max_width_tablet=&#8221;80%&#8221; max_width_last_edited=&#8221;on|desktop&#8221; custom_margin=&#8221;|||&#8221; custom_padding=&#8221;10px||0px|&#8221; make_fullwidth=&#8221;on&#8221; global_colors_info=&#8221;{}&#8221; width_phone=&#8221;80%&#8221; max_width_phone=&#8221;80%&#8221;][et_pb_column type=&#8221;4_4&#8243; _builder_version=&#8221;4.16&#8243; background_position=&#8221;top_left&#8221; custom_padding=&#8221;||NaNpx|&#8221; global_colors_info=&#8221;{}&#8221; custom_padding__hover=&#8221;|||&#8221;][et_pb_text _builder_version=&#8221;4.16&#8243; header_text_color=&#8221;#0066ff&#8221; header_font_size=&#8221;48px&#8221; module_alignment=&#8221;left&#8221; custom_margin=&#8221;||1px|&#8221; border_style=&#8221;solid&#8221; global_colors_info=&#8221;{}&#8221;]<\/p>\n<h1>PI\u00c8CES<\/h1>\n<p>[\/et_pb_text][et_pb_divider divider_weight=&#8221;5&#8243; disabled_on=&#8221;on|on|off&#8221; _builder_version=&#8221;4.16&#8243; height=&#8221;0px&#8221; global_colors_info=&#8221;{}&#8221;]<br \/>\n[\/et_pb_divider][\/et_pb_column][\/et_pb_row][\/et_pb_section][et_pb_section fb_built=&#8221;1&#8243; _builder_version=&#8221;4.16&#8243; global_colors_info=&#8221;{}&#8221;][et_pb_row module_class=&#8221; et_pb_row_fullwidth&#8221; _builder_version=&#8221;4.16&#8243; width=&#8221;89%&#8221; width_tablet=&#8221;80%&#8221; width_last_edited=&#8221;on|desktop&#8221; max_width=&#8221;89%&#8221; max_width_tablet=&#8221;80%&#8221; max_width_last_edited=&#8221;on|desktop&#8221; make_fullwidth=&#8221;on&#8221; global_colors_info=&#8221;{}&#8221; width_phone=&#8221;80%&#8221; max_width_phone=&#8221;80%&#8221;][et_pb_column type=&#8221;4_4&#8243; _builder_version=&#8221;4.16&#8243; custom_padding=&#8221;|||&#8221; global_colors_info=&#8221;{}&#8221; custom_padding__hover=&#8221;|||&#8221;][et_pb_text _builder_version=&#8221;4.16&#8243; global_colors_info=&#8221;{}&#8221;]<\/p>\n<h1>PI\u00c8CES POUR LES PRESSES HEIDELBERG<\/h1>\n<p>\u00c0 JTT\u00a0Pressworks, nous tenons un stock important des pi\u00e8ces d\u2019origine les plus utilis\u00e9es et demand\u00e9es pour les presses \u00e0 imprimer Heidelberg. Nous pouvons les livrer rapidement \u2013 le jour m\u00eame si vous \u00eates dans la r\u00e9gion de Toronto.\u00a0Comme nous avons les pi\u00e8ces sous la main sur place, nous vous les exp\u00e9dions directement nous-m\u00eames. Vous n\u2019avez donc pas \u00e0 attendre.\u00a0Et nos prix sont plus que concurrentiels. Appelez-nous pour le v\u00e9rifier!<\/p>\n<p>[\/et_pb_text][\/et_pb_column][\/et_pb_row][et_pb_row module_class=&#8221; et_pb_row_fullwidth&#8221; _builder_version=&#8221;4.16&#8243; width=&#8221;89%&#8221; width_tablet=&#8221;80%&#8221; width_last_edited=&#8221;on|desktop&#8221; max_width=&#8221;89%&#8221; max_width_tablet=&#8221;80%&#8221; max_width_last_edited=&#8221;on|desktop&#8221; custom_padding=&#8221;12px|0px|13px|0px&#8221; make_fullwidth=&#8221;on&#8221; global_colors_info=&#8221;{}&#8221; column_structure=&#8221;1_2,1_2&#8243; width_phone=&#8221;80%&#8221; max_width_phone=&#8221;80%&#8221;][et_pb_column type=&#8221;1_2&#8243; _builder_version=&#8221;4.16&#8243; custom_padding=&#8221;|||&#8221; global_colors_info=&#8221;{}&#8221; custom_padding__hover=&#8221;|||&#8221;][et_pb_text _builder_version=&#8221;4.16&#8243; global_colors_info=&#8221;{}&#8221;]<\/p>\n<h2>Besoin d\u2019aide pour trouver une pi\u00e8ce? Demandez-nous-la!<\/h2>\n<p>Vous ne trouvez plus le CD ou le catalogue, ou encore vous n\u2019arrivez pas \u00e0 voir le num\u00e9ro de s\u00e9rie de la pi\u00e8ce? \u00c0 JTT\u00a0Pressworks, nous avons l\u2019exp\u00e9rience et les ressources voulues pour vous aider \u00e0 d\u00e9terminer quelle pi\u00e8ce il vous faut.<\/p>\n<p>Vous n\u2019avez qu\u2019\u00e0 composer le 1\u00a0800\u00a0830-9000, envoyer un courriel \u00e0 info@pressworks.com ou encore remplir le formulaire ci-dessous.<\/p>\n<p><strong>S\u2019il s\u2019agit d\u2019une pi\u00e8ce de presse \u00e0 imprimer Heidelberg qui est couramment utilis\u00e9e, vous d\u00e9couvrirez probablement que nous l\u2019avons en stock.<\/strong><\/p>\n<p>[\/et_pb_text][et_pb_code _builder_version=&#8221;4.19.2&#8243; background_color=&#8221;rgba(0,55,255,0.11)&#8221; custom_padding=&#8221;20px|20px|20px|20px&#8221; hover_enabled=&#8221;0&#8243; global_colors_info=&#8221;{}&#8221; sticky_enabled=&#8221;0&#8243;]<\/p>\n<h1>FORMULAIRE DE RECHERCHE DE PI\u00c8CES <\/h1>\n<p> Plut\u00f4t que de nous appeler ou de nous envoyer un courriel, vous pouvez remplir ce formulaire. Vous pouvez y joindre jusqu\u2019\u00e0 3\u00a0photos. Vous recevrez un courriel de confirmation contenant une copie de l\u2019information que vous nous avez transmise. L\u2019ast\u00e9risque (*) rouge dans le formulaire signifie qu\u2019il s\u2019agit de renseignements dont nous avons besoin pour vous aider. <!-- [et_pb_line_break_holder] -->[gravityform id=&#8221;1&#8243; title=&#8221;false&#8221; description=&#8221;false&#8221;]<!-- [et_pb_line_break_holder] -->[\/et_pb_code][\/et_pb_column][et_pb_column type=&#8221;1_2&#8243; _builder_version=&#8221;4.16&#8243; custom_padding=&#8221;|||&#8221; global_colors_info=&#8221;{}&#8221; custom_padding__hover=&#8221;|||&#8221;][et_pb_text _builder_version=&#8221;4.16&#8243; global_colors_info=&#8221;{}&#8221;]<\/p>\n<h2>Pi\u00e8ces les plus demand\u00e9es<\/h2>\n<p>JTT\u00a0Pressworks a 75\u00a0ans d\u2019exp\u00e9rience d\u2019entretien et de r\u00e9paration de presses Heidelberg. Nous savons donc quelles pi\u00e8ces garder sous la main. Voici une liste de quelques-unes des pi\u00e8ces les plus utilis\u00e9es et demand\u00e9es. Nous avons \u00e9galement une liste de pi\u00e8ces \u00e0 avoir sous la main que les conducteurs peuvent remplacer eux-m\u00eames. Si vous avez plut\u00f4t <a href=\"..\/consommables\/\">besoin de consommables<\/a>, voyez nos listes sur cette page.<\/p>\n<p>[\/et_pb_text][et_pb_text _builder_version=&#8221;4.16&#8243; global_colors_info=&#8221;{}&#8221;]<\/p>\n<h3>Pi\u00e8ces m\u00e9caniques<\/h3>\n<ol>\n<li>Pinces<\/li>\n<li>Tampons de pince<\/li>\n<li>Barres de pinces<\/li>\n<li>Dispositifs de serrage de plaque<\/li>\n<li>Cha\u00eenes<\/li>\n<li>Pignons de cha\u00eene<\/li>\n<li>Pi\u00e8ces de presse \u00e0 retiration (ou recto-verso)<\/li>\n<li>Galets de came<\/li>\n<li>Pistons pneumatiques<\/li>\n<li>Soupapes pneumatiques<\/li>\n<li>Raccords rotatifs<\/li>\n<\/ol>\n<p>[\/et_pb_text][et_pb_text _builder_version=&#8221;4.16&#8243; global_colors_info=&#8221;{}&#8221;]<\/p>\n<h3>Pi\u00e8ces \u00e9lectriques et \u00e9lectroniques<\/h3>\n<ol>\n<li>Servomoteurs<\/li>\n<li>Capteurs<\/li>\n<li>Blocs d\u2019alimentation<\/li>\n<li>Cartes de circuits diverses<\/li>\n<li>Afficheurs divers<\/li>\n<li>\u00c9crans tactiles<\/li>\n<li>S\u00e9choirs et souffleries<\/li>\n<li>Automates programmables<\/li>\n<li>Boutons-poussoirs<\/li>\n<li>C\u00e2bles<\/li>\n<li>Contacteurs et protection contre les surcharges<\/li>\n<li>Compresseurs<\/li>\n<li>Pompes<\/li>\n<\/ol>\n<p>[\/et_pb_text][et_pb_text _builder_version=&#8221;4.16&#8243; global_colors_info=&#8221;{}&#8221;]<\/p>\n<h3>Pi\u00e8ces \u00e0 avoir sous la main<\/h3>\n<p>Voici une liste de pi\u00e8ces que les conducteurs peuvent remplacer eux-m\u00eames. En les rempla\u00e7ant r\u00e9guli\u00e8rement, vous pouvez \u00e9viter des temps d\u2019arr\u00eat impr\u00e9vus de votre presse.<\/p>\n<p>\u00a0<\/p>\n<ol>\n<li>Ventouses<\/li>\n<li>Lampes UV<\/li>\n<li>Lampes IR<\/li>\n<li>Tuyaux m\u00e9triques<\/li>\n<li>Pi\u00e8ces pneumatiques<\/li>\n<li>Filtres \u00e0 air<\/li>\n<li>Filtres \u00e0 eau<\/li>\n<\/ol>\n<p>[\/et_pb_text][\/et_pb_column][\/et_pb_row][\/et_pb_section][et_pb_section fb_built=&#8221;1&#8243; _builder_version=&#8221;4.16&#8243; background_color=&#8221;#dbdbdb&#8221; custom_margin=&#8221;0px|0px|0px|0px&#8221; custom_padding=&#8221;44px|0px|40px|0px&#8221; global_colors_info=&#8221;{}&#8221;][et_pb_row _builder_version=&#8221;4.16&#8243; background_color=&#8221;#f8f8f8&#8243; background_size=&#8221;initial&#8221; background_position=&#8221;top_left&#8221; background_repeat=&#8221;repeat&#8221; custom_padding=&#8221;0px|0px|0px|0px&#8221; global_colors_info=&#8221;{}&#8221;][et_pb_column type=&#8221;4_4&#8243; _builder_version=&#8221;4.16&#8243; custom_padding=&#8221;|||&#8221; global_colors_info=&#8221;{}&#8221; custom_padding__hover=&#8221;|||&#8221;][et_pb_testimonial author=&#8221;Michael Burke&#8221; job_title=&#8221;Directeur de la maintenance &#8221; company_name=&#8221; Westrock MPS&#8221; url=&#8221;https:\/\/www.westrock.com\/&#8221; url_new_window=&#8221;on&#8221; quote_icon_color=&#8221;#0066ff&#8221; quote_icon_background_color=&#8221;#ffffff&#8221; _builder_version=&#8221;4.16&#8243; body_text_color=&#8221;#595959&#8243; use_background_color=&#8221;off&#8221; custom_margin=&#8221;|||&#8221; custom_padding=&#8221;50px|40px|40px|40px&#8221; border_width_all=&#8221;4px&#8221; border_color_all=&#8221;#0066ff&#8221; border_style_all=&#8221;solid&#8221; use_border_color=&#8221;on&#8221; border_color=&#8221;#0066ff&#8221; border_width=&#8221;4px&#8221; global_colors_info=&#8221;{}&#8221;]<em>\u00ab\u00a0Quand j\u2019ai besoin de pi\u00e8ces de rechange d\u2019origine, JTT\u00a0Pressworks est le fournisseur que je privil\u00e9gie.\u00a0 JTT comprend que le temps de disponibilit\u00e9 des machines a une importance vitale pour nous et tient des stocks de diverses pi\u00e8ces cruciales, en plus d\u2019avoir une excellente \u00e9quipe d\u2019entretien pour remettre nos machines en bon \u00e9tat de marche aussi rapidement que possible.\u00a0\u00bb <\/em><br \/>\n[\/et_pb_testimonial][\/et_pb_column][\/et_pb_row][\/et_pb_section][et_pb_section fb_built=&#8221;1&#8243; _builder_version=&#8221;4.16&#8243; background_color=&#8221;#0066ff&#8221; global_colors_info=&#8221;{}&#8221;][et_pb_row module_class=&#8221; et_pb_row_fullwidth&#8221; _builder_version=&#8221;4.16&#8243; width=&#8221;89%&#8221; width_tablet=&#8221;80%&#8221; width_last_edited=&#8221;on|desktop&#8221; max_width=&#8221;89%&#8221; max_width_tablet=&#8221;80%&#8221; max_width_last_edited=&#8221;on|desktop&#8221; make_fullwidth=&#8221;on&#8221; global_colors_info=&#8221;{}&#8221; width_phone=&#8221;80%&#8221; max_width_phone=&#8221;80%&#8221;][et_pb_column type=&#8221;4_4&#8243; _builder_version=&#8221;4.16&#8243; custom_padding=&#8221;|||&#8221; global_colors_info=&#8221;{}&#8221; custom_padding__hover=&#8221;|||&#8221;][et_pb_text _builder_version=&#8221;4.16&#8243; header_text_align=&#8221;center&#8221; header_font_size=&#8221;44px&#8221; header_letter_spacing=&#8221;1px&#8221; header_line_height=&#8221;1.2em&#8221; background_layout=&#8221;dark&#8221; custom_margin=&#8221;40px|||&#8221; border_style=&#8221;solid&#8221; global_colors_info=&#8221;{}&#8221;]<\/p>\n<h1 style=\"text-align: center;\">POUR QUE VOS PRESSES CONTINUENT DE TOURNER<\/h1>\n<p>[\/et_pb_text][et_pb_button button_url=&#8221;http:\/\/www.jttpressworks.com\/fr\/services\/&#8221; button_text=&#8221;NOS SERVICES&#8221; button_alignment=&#8221;center&#8221; _builder_version=&#8221;4.16&#8243; custom_button=&#8221;on&#8221; button_text_size=&#8221;21&#8243; button_text_color=&#8221;#f8f8f8&#8243; button_border_width=&#8221;3px&#8221; button_border_color=&#8221;#f8f8f8&#8243; button_border_radius=&#8221;3px&#8221; button_letter_spacing=&#8221;1px&#8221; button_font=&#8221;|||on|||||&#8221; button_use_icon=&#8221;off&#8221; custom_margin=&#8221;||40px|&#8221; custom_padding=&#8221;20px|20px|20px|20px&#8221; saved_tabs=&#8221;all&#8221; global_colors_info=&#8221;{}&#8221; button_text_size__hover_enabled=&#8221;off&#8221; button_one_text_size__hover_enabled=&#8221;off&#8221; button_two_text_size__hover_enabled=&#8221;off&#8221; button_text_color__hover_enabled=&#8221;off&#8221; button_one_text_color__hover_enabled=&#8221;off&#8221; button_two_text_color__hover_enabled=&#8221;off&#8221; button_border_width__hover_enabled=&#8221;off&#8221; button_one_border_width__hover_enabled=&#8221;off&#8221; button_two_border_width__hover_enabled=&#8221;off&#8221; button_border_color__hover_enabled=&#8221;off&#8221; button_one_border_color__hover_enabled=&#8221;off&#8221; button_two_border_color__hover_enabled=&#8221;off&#8221; button_border_radius__hover_enabled=&#8221;off&#8221; button_one_border_radius__hover_enabled=&#8221;off&#8221; button_two_border_radius__hover_enabled=&#8221;off&#8221; button_letter_spacing__hover_enabled=&#8221;off&#8221; button_one_letter_spacing__hover_enabled=&#8221;off&#8221; button_two_letter_spacing__hover_enabled=&#8221;off&#8221; button_bg_color__hover_enabled=&#8221;off&#8221; button_one_bg_color__hover_enabled=&#8221;off&#8221; button_two_bg_color__hover_enabled=&#8221;off&#8221;]<br \/>\n[\/et_pb_button][\/et_pb_column][\/et_pb_row][\/et_pb_section]<\/p>\n","protected":false},"excerpt":{"rendered":"<p>PI\u00c8CES PI\u00c8CES POUR LES PRESSES HEIDELBERG \u00c0 JTT\u00a0Pressworks, nous tenons un stock important des pi\u00e8ces d\u2019origine les plus utilis\u00e9es et demand\u00e9es pour les presses \u00e0 imprimer Heidelberg. Nous pouvons les livrer rapidement \u2013 le jour m\u00eame si vous \u00eates dans la r\u00e9gion de Toronto.\u00a0Comme nous avons les pi\u00e8ces sous la main sur place, nous vous [&hellip;]<\/p>\n","protected":false},"author":1,"featured_media":0,"parent":0,"menu_order":0,"comment_status":"closed","ping_status":"closed","template":"","meta":{"_et_pb_use_builder":"on","_et_pb_old_content":"","_et_gb_content_width":"","footnotes":""},"class_list":["post-1297","page","type-page","status-publish","hentry"],"yoast_head":"<!-- This site is optimized with the Yoast SEO Premium plugin v20.11 (Yoast SEO v27.6) - https:\/\/yoast.com\/product\/yoast-seo-premium-wordpress\/ -->\n<title>Pi\u00e8ces pour les presses Heidelberg : livraison rapide dans la r\u00e9gion de Toronto et prix concurrentiels<\/title>\n<meta name=\"description\" content=\"Nous tenons des stocks de pi\u00e8ces les plus utilis\u00e9es pour les presses Heidelberg et livrons rapidement (le jour m\u00eame dans le Grand Toronto). Vous ne connaissez pas la pi\u00e8ce? Nous pouvons vous aider. T\u00e9l\u00e9phonez au 416 508-6673.\" \/>\n<meta name=\"robots\" content=\"index, follow, max-snippet:-1, max-image-preview:large, max-video-preview:-1\" \/>\n<link rel=\"canonical\" href=\"http:\/\/www.jttpressworks.com\/fr\/pieces\/\" \/>\n<meta property=\"og:locale\" content=\"fr_FR\" \/>\n<meta property=\"og:type\" content=\"article\" \/>\n<meta property=\"og:title\" content=\"Pi\u00e8ces\" \/>\n<meta property=\"og:description\" content=\"Nous tenons des stocks de pi\u00e8ces les plus utilis\u00e9es pour les presses Heidelberg et livrons rapidement (le jour m\u00eame dans le Grand Toronto). Vous ne connaissez pas la pi\u00e8ce? Nous pouvons vous aider. T\u00e9l\u00e9phonez au 416 508-6673.\" \/>\n<meta property=\"og:url\" content=\"http:\/\/www.jttpressworks.com\/fr\/pieces\/\" \/>\n<meta property=\"og:site_name\" content=\"JTT PRESSWORKS\" \/>\n<meta property=\"article:modified_time\" content=\"2022-12-07T18:13:09+00:00\" \/>\n<meta name=\"twitter:card\" content=\"summary_large_image\" \/>\n<meta name=\"twitter:label1\" content=\"Est. reading time\" \/>\n\t<meta name=\"twitter:data1\" content=\"7 minutes\" \/>\n<script type=\"application\/ld+json\" class=\"yoast-schema-graph\">{\"@context\":\"https:\\\/\\\/schema.org\",\"@graph\":[{\"@type\":\"WebPage\",\"@id\":\"http:\\\/\\\/www.jttpressworks.com\\\/fr\\\/pieces\\\/\",\"url\":\"http:\\\/\\\/www.jttpressworks.com\\\/fr\\\/pieces\\\/\",\"name\":\"Pi\u00e8ces pour les presses Heidelberg : livraison rapide dans la r\u00e9gion de Toronto et prix concurrentiels\",\"isPartOf\":{\"@id\":\"http:\\\/\\\/www.jttpressworks.com\\\/fr\\\/#website\"},\"datePublished\":\"2018-02-19T21:27:40+00:00\",\"dateModified\":\"2022-12-07T18:13:09+00:00\",\"description\":\"Nous tenons des stocks de pi\u00e8ces les plus utilis\u00e9es pour les presses Heidelberg et livrons rapidement (le jour m\u00eame dans le Grand Toronto). Vous ne connaissez pas la pi\u00e8ce? Nous pouvons vous aider. T\u00e9l\u00e9phonez au 416 508-6673.\",\"breadcrumb\":{\"@id\":\"http:\\\/\\\/www.jttpressworks.com\\\/fr\\\/pieces\\\/#breadcrumb\"},\"inLanguage\":\"fr-FR\",\"potentialAction\":[{\"@type\":\"ReadAction\",\"target\":[\"http:\\\/\\\/www.jttpressworks.com\\\/fr\\\/pieces\\\/\"]}]},{\"@type\":\"BreadcrumbList\",\"@id\":\"http:\\\/\\\/www.jttpressworks.com\\\/fr\\\/pieces\\\/#breadcrumb\",\"itemListElement\":[{\"@type\":\"ListItem\",\"position\":1,\"name\":\"Home\",\"item\":\"http:\\\/\\\/www.jttpressworks.com\\\/fr\\\/\"},{\"@type\":\"ListItem\",\"position\":2,\"name\":\"Pi\u00e8ces\"}]},{\"@type\":\"WebSite\",\"@id\":\"http:\\\/\\\/www.jttpressworks.com\\\/fr\\\/#website\",\"url\":\"http:\\\/\\\/www.jttpressworks.com\\\/fr\\\/\",\"name\":\"JTT PRESSWORKS\",\"description\":\"We service and repair Heidelberg printing presses\",\"publisher\":{\"@id\":\"http:\\\/\\\/www.jttpressworks.com\\\/fr\\\/#organization\"},\"potentialAction\":[{\"@type\":\"SearchAction\",\"target\":{\"@type\":\"EntryPoint\",\"urlTemplate\":\"http:\\\/\\\/www.jttpressworks.com\\\/fr\\\/?s={search_term_string}\"},\"query-input\":{\"@type\":\"PropertyValueSpecification\",\"valueRequired\":true,\"valueName\":\"search_term_string\"}}],\"inLanguage\":\"fr-FR\"},{\"@type\":\"Organization\",\"@id\":\"http:\\\/\\\/www.jttpressworks.com\\\/fr\\\/#organization\",\"name\":\"JTT Pressworks\",\"url\":\"http:\\\/\\\/www.jttpressworks.com\\\/fr\\\/\",\"logo\":{\"@type\":\"ImageObject\",\"inLanguage\":\"fr-FR\",\"@id\":\"http:\\\/\\\/www.jttpressworks.com\\\/fr\\\/#\\\/schema\\\/logo\\\/image\\\/\",\"url\":\"http:\\\/\\\/www.jttpressworks.com\\\/wp-content\\\/uploads\\\/JTTpressworks-logo.png\",\"contentUrl\":\"http:\\\/\\\/www.jttpressworks.com\\\/wp-content\\\/uploads\\\/JTTpressworks-logo.png\",\"width\":2008,\"height\":358,\"caption\":\"JTT Pressworks\"},\"image\":{\"@id\":\"http:\\\/\\\/www.jttpressworks.com\\\/fr\\\/#\\\/schema\\\/logo\\\/image\\\/\"}}]}<\/script>\n<!-- \/ Yoast SEO Premium plugin. -->","yoast_head_json":{"title":"Pi\u00e8ces pour les presses Heidelberg : livraison rapide dans la r\u00e9gion de Toronto et prix concurrentiels","description":"Nous tenons des stocks de pi\u00e8ces les plus utilis\u00e9es pour les presses Heidelberg et livrons rapidement (le jour m\u00eame dans le Grand Toronto). Vous ne connaissez pas la pi\u00e8ce? Nous pouvons vous aider. T\u00e9l\u00e9phonez au 416 508-6673.","robots":{"index":"index","follow":"follow","max-snippet":"max-snippet:-1","max-image-preview":"max-image-preview:large","max-video-preview":"max-video-preview:-1"},"canonical":"http:\/\/www.jttpressworks.com\/fr\/pieces\/","og_locale":"fr_FR","og_type":"article","og_title":"Pi\u00e8ces","og_description":"Nous tenons des stocks de pi\u00e8ces les plus utilis\u00e9es pour les presses Heidelberg et livrons rapidement (le jour m\u00eame dans le Grand Toronto). Vous ne connaissez pas la pi\u00e8ce? Nous pouvons vous aider. T\u00e9l\u00e9phonez au 416 508-6673.","og_url":"http:\/\/www.jttpressworks.com\/fr\/pieces\/","og_site_name":"JTT PRESSWORKS","article_modified_time":"2022-12-07T18:13:09+00:00","twitter_card":"summary_large_image","twitter_misc":{"Est. reading time":"7 minutes"},"schema":{"@context":"https:\/\/schema.org","@graph":[{"@type":"WebPage","@id":"http:\/\/www.jttpressworks.com\/fr\/pieces\/","url":"http:\/\/www.jttpressworks.com\/fr\/pieces\/","name":"Pi\u00e8ces pour les presses Heidelberg : livraison rapide dans la r\u00e9gion de Toronto et prix concurrentiels","isPartOf":{"@id":"http:\/\/www.jttpressworks.com\/fr\/#website"},"datePublished":"2018-02-19T21:27:40+00:00","dateModified":"2022-12-07T18:13:09+00:00","description":"Nous tenons des stocks de pi\u00e8ces les plus utilis\u00e9es pour les presses Heidelberg et livrons rapidement (le jour m\u00eame dans le Grand Toronto). Vous ne connaissez pas la pi\u00e8ce? Nous pouvons vous aider. T\u00e9l\u00e9phonez au 416 508-6673.","breadcrumb":{"@id":"http:\/\/www.jttpressworks.com\/fr\/pieces\/#breadcrumb"},"inLanguage":"fr-FR","potentialAction":[{"@type":"ReadAction","target":["http:\/\/www.jttpressworks.com\/fr\/pieces\/"]}]},{"@type":"BreadcrumbList","@id":"http:\/\/www.jttpressworks.com\/fr\/pieces\/#breadcrumb","itemListElement":[{"@type":"ListItem","position":1,"name":"Home","item":"http:\/\/www.jttpressworks.com\/fr\/"},{"@type":"ListItem","position":2,"name":"Pi\u00e8ces"}]},{"@type":"WebSite","@id":"http:\/\/www.jttpressworks.com\/fr\/#website","url":"http:\/\/www.jttpressworks.com\/fr\/","name":"JTT PRESSWORKS","description":"We service and repair Heidelberg printing presses","publisher":{"@id":"http:\/\/www.jttpressworks.com\/fr\/#organization"},"potentialAction":[{"@type":"SearchAction","target":{"@type":"EntryPoint","urlTemplate":"http:\/\/www.jttpressworks.com\/fr\/?s={search_term_string}"},"query-input":{"@type":"PropertyValueSpecification","valueRequired":true,"valueName":"search_term_string"}}],"inLanguage":"fr-FR"},{"@type":"Organization","@id":"http:\/\/www.jttpressworks.com\/fr\/#organization","name":"JTT Pressworks","url":"http:\/\/www.jttpressworks.com\/fr\/","logo":{"@type":"ImageObject","inLanguage":"fr-FR","@id":"http:\/\/www.jttpressworks.com\/fr\/#\/schema\/logo\/image\/","url":"http:\/\/www.jttpressworks.com\/wp-content\/uploads\/JTTpressworks-logo.png","contentUrl":"http:\/\/www.jttpressworks.com\/wp-content\/uploads\/JTTpressworks-logo.png","width":2008,"height":358,"caption":"JTT Pressworks"},"image":{"@id":"http:\/\/www.jttpressworks.com\/fr\/#\/schema\/logo\/image\/"}}]}},"_links":{"self":[{"href":"http:\/\/www.jttpressworks.com\/fr\/wp-json\/wp\/v2\/pages\/1297","targetHints":{"allow":["GET"]}}],"collection":[{"href":"http:\/\/www.jttpressworks.com\/fr\/wp-json\/wp\/v2\/pages"}],"about":[{"href":"http:\/\/www.jttpressworks.com\/fr\/wp-json\/wp\/v2\/types\/page"}],"author":[{"embeddable":true,"href":"http:\/\/www.jttpressworks.com\/fr\/wp-json\/wp\/v2\/users\/1"}],"replies":[{"embeddable":true,"href":"http:\/\/www.jttpressworks.com\/fr\/wp-json\/wp\/v2\/comments?post=1297"}],"version-history":[{"count":17,"href":"http:\/\/www.jttpressworks.com\/fr\/wp-json\/wp\/v2\/pages\/1297\/revisions"}],"predecessor-version":[{"id":1550,"href":"http:\/\/www.jttpressworks.com\/fr\/wp-json\/wp\/v2\/pages\/1297\/revisions\/1550"}],"wp:attachment":[{"href":"http:\/\/www.jttpressworks.com\/fr\/wp-json\/wp\/v2\/media?parent=1297"}],"curies":[{"name":"wp","href":"https:\/\/api.w.org\/{rel}","templated":true}]}}