{"id":1287,"date":"2018-02-19T16:14:52","date_gmt":"2018-02-19T21:14:52","guid":{"rendered":"http:\/\/www.jttpressworks.com\/services\/consultation\/"},"modified":"2018-02-26T09:29:23","modified_gmt":"2018-02-26T14:29:23","slug":"consultation","status":"publish","type":"page","link":"http:\/\/www.jttpressworks.com\/fr\/services\/consultation\/","title":{"rendered":"Consultation"},"content":{"rendered":"<p>[et_pb_section fb_built=&#8221;1&#8243; fullwidth=&#8221;on&#8221; _builder_version=&#8221;3.0.47&#8243;][et_pb_fullwidth_image src=&#8221;http:\/\/www.jttpressworks.com\/wp-content\/uploads\/consulting-CBD_00046_XL_75_6_L_Seite_F51_IMAGE_RATIO_2_8.jpg&#8221; _builder_version=&#8221;3.0.83&#8243;][\/et_pb_fullwidth_image][\/et_pb_section][et_pb_section fb_built=&#8221;1&#8243; _builder_version=&#8221;3.0.93&#8243; custom_padding=&#8221;0px||0px|&#8221;][et_pb_row make_fullwidth=&#8221;on&#8221; custom_padding=&#8221;10px||0px|&#8221; custom_margin=&#8221;|||&#8221; padding_bottom_1=&#8221;NaNpx&#8221; background_position_1=&#8221;top_left&#8221; background_repeat_1=&#8221;no-repeat&#8221; _builder_version=&#8221;3.0.66&#8243; background_size=&#8221;initial&#8221; background_position=&#8221;top_left&#8221; background_repeat=&#8221;repeat&#8221;][et_pb_column type=&#8221;4_4&#8243; _builder_version=&#8221;3.0.47&#8243; padding_bottom=&#8221;NaNpx&#8221; parallax=&#8221;off&#8221; parallax_method=&#8221;on&#8221; background_position=&#8221;top_left&#8221; background_repeat=&#8221;no-repeat&#8221;][et_pb_text _builder_version=&#8221;3.0.83&#8243; header_font_size=&#8221;48px&#8221; header_text_color=&#8221;#0066ff&#8221; module_alignment=&#8221;left&#8221; custom_margin=&#8221;||1px|&#8221;]<\/p>\n<h1>CONSULTATION ET SERVICES SP\u00c9CIALIS\u00c9S POUR LES PRESSES HEIDELBERG<\/h1>\n<p>[\/et_pb_text][et_pb_divider color=&#8221;#0066ff&#8221; show_divider=&#8221;on&#8221; divider_weight=&#8221;5&#8243; height=&#8221;0&#8243; disabled_on=&#8221;on|on|off&#8221; _builder_version=&#8221;3.0.66&#8243;][\/et_pb_divider][et_pb_text _builder_version=&#8221;3.0.93&#8243;][\/et_pb_text][\/et_pb_column][\/et_pb_row][\/et_pb_section][et_pb_section fb_built=&#8221;1&#8243; _builder_version=&#8221;3.0.80&#8243;][et_pb_row make_fullwidth=&#8221;on&#8221; _builder_version=&#8221;3.0.80&#8243;][et_pb_column type=&#8221;2_3&#8243; _builder_version=&#8221;3.0.47&#8243; parallax=&#8221;off&#8221; parallax_method=&#8221;on&#8221;][et_pb_text _builder_version=&#8221;3.0.93&#8243;]<\/p>\n<p class=\"WCDBody\">Nous offrons des services d\u2019experts-conseils sur les presses Heidelberg pour vous aider \u00e0 prendre de bonnes d\u00e9cisions, \u00e0 satisfaire aux exigences r\u00e9glementaires (comme celles de l\u2019Office de la s\u00e9curit\u00e9 des installations \u00e9lectriques [OSIE] et de votre ville ou municipalit\u00e9) et \u00e0 obtenir une qualit\u00e9 d\u2019impression optimale.<\/p>\n<h2 class=\"WCDH3\">D\u00e9pannage li\u00e9 \u00e0 l\u2019impression<\/h2>\n<p class=\"WCDBody\">Avec les presses \u00e0 imprimer Heidelberg, l\u2019alignement et la pr\u00e9cision sont essentiels pour assurer la qualit\u00e9. De nombreux facteurs peuvent influer sur le rendement d\u2019une presse. Nous pouvons ex\u00e9cuter des essais aux fins de d\u00e9pannage sur votre presse pour diagnostiquer les probl\u00e8mes d\u2019impression et y rem\u00e9dier.<\/p>\n<h2 class=\"WCDH3\">R\u00e9clamations d\u2019assurance-accidents<\/h2>\n<p class=\"WCDBody\">Que vous ayez subi un incendie, une erreur catastrophique ou un simple accident, nous pouvons agir comme expert-conseil dans la d\u00e9termination de la cause et travailler avec vous et votre assureur au traitement de votre r\u00e9clamation.<br \/> <b><\/b><\/p>\n<h2 class=\"WCDH3\">D\u00e9m\u00e9nagement d\u2019imprimerie<\/h2>\n<p class=\"WCDBody\">En cas d\u2019agrandissement ou de d\u00e9m\u00e9nagement de votre imprimerie, nous pouvons vous aider \u00e0 planifier l\u2019utilisation optimale de l\u2019espace. Nous pouvons concevoir un am\u00e9nagement qui tient compte de la circulation du papier et des imprim\u00e9s dans l\u2019imprimerie, et pr\u00e9voir de l\u2019espace pour l\u2019entretien et l\u2019acc\u00e8s \u00e0 des fins d\u2019entretien.<\/p>\n<h2 class=\"WCDH3\">Achat d\u2019\u00e9quipement d\u2019occasion<\/h2>\n<p class=\"WCDBody\">JTT\u00a0Pressworks peut vous assister pour l\u2019achat d\u2019une presse \u00e0 imprimer Heidelberg d\u2019occasion. Nous pouvons vous aider \u00e0 trouver une machine, aller avec vous n\u2019importe o\u00f9 pour examiner une presse d\u2019occasion et vous faire part de notre opinion \u00e0 propos de sa condition. Nous faisons des tests de qualit\u00e9 en suivant les protocoles de la GATF et, selon les r\u00e9sultats de l\u2019inspection, nous vous fournissions un rapport d\u00e9taill\u00e9 de tous les co\u00fbts impr\u00e9vus que vous pourriez devoir assumer.<\/p>\n<h2 class=\"WCDH3\">V\u00e9rification de presse<\/h2>\n<p class=\"WCDBody\">Lorsque vous achetez une machine, confiez-nous la t\u00e2che de la v\u00e9rifier. Nous lui ferons subir des essais d\u2019impression rigoureux v\u00e9rifierons son \u00e9tat g\u00e9n\u00e9ral.<br \/> <b><\/b><\/p>\n<h2 class=\"WCDH3\">Installation d\u2019\u00e9quipement<\/h2>\n<p class=\"WCDBody\">Que nous vous ayons aid\u00e9 ou non \u00e0 vous procurer une presse Heidelberg d\u2019occasion, nous vous aiderons \u00e0 l\u2019installer. Nous superviserons l\u2019installation de la presse et pourrons recruter et encadrer des sous-traitants pour les syst\u00e8mes \u00e9lectriques et de ventilation, ainsi que le b\u00e9ton. Nous pouvons \u00e9galement former votre personnel au besoin.<\/p>\n<p>[\/et_pb_text][\/et_pb_column][et_pb_column type=&#8221;1_3&#8243; _builder_version=&#8221;3.0.47&#8243; parallax=&#8221;off&#8221; parallax_method=&#8221;on&#8221;][et_pb_testimonial author=&#8221;Mike Richard&#8221; job_title=&#8221;Directeur de l\u2019impression&#8221; company_name=&#8221;Rayment and Collins&#8221; url=&#8221;http:\/\/www.raymentcollins.com\/&#8221; url_new_window=&#8221;on&#8221; use_background_color=&#8221;off&#8221; background_layout=&#8221;light&#8221; quote_icon_color=&#8221;#0066ff&#8221; quote_icon_background_color=&#8221;#ffffff&#8221; _builder_version=&#8221;3.0.79&#8243; body_text_color=&#8221;#595959&#8243; border_width_all=&#8221;4px&#8221; border_color_all=&#8221;#0066ff&#8221; border_style_all=&#8221;solid&#8221; custom_margin=&#8221;|||&#8221; custom_padding=&#8221;50px|40px|40px|40px&#8221; use_border_color=&#8221;on&#8221; border_color=&#8221;#0066ff&#8221; border_width=&#8221;4px&#8221;]<em>\u00ab\u00a0JTT est un partenaire de confiance appr\u00e9ci\u00e9 de Rayment\u00a0&#038;\u00a0Collins depuis plusieurs ann\u00e9es. Lorsque nous avons besoin de services d\u2019entretien, de pi\u00e8ces ou simplement de conseils, c\u2019est vers JTT\u00a0Pressworks que nous nous tournons en premier lieu. Nous pouvons toujours compter sur eux en cas d\u2019urgence et lorsque nous avons besoin de services fiables. Ils comprennent ce que signifie une presse en panne dans notre secteur et ont toujours fait le n\u00e9cessaire pour nous permettre de reprendre rapidement la production.\u00a0\u00bb<\/em><br \/>\n[\/et_pb_testimonial][\/et_pb_column][\/et_pb_row][\/et_pb_section][et_pb_section fb_built=&#8221;1&#8243; background_color=&#8221;#0066ff&#8221; _builder_version=&#8221;3.0.83&#8243;][et_pb_row make_fullwidth=&#8221;on&#8221; _builder_version=&#8221;3.0.83&#8243;][et_pb_column type=&#8221;4_4&#8243; _builder_version=&#8221;3.0.47&#8243; parallax=&#8221;off&#8221; parallax_method=&#8221;on&#8221;][et_pb_text background_layout=&#8221;dark&#8221; _builder_version=&#8221;3.0.93&#8243; header_text_align=&#8221;center&#8221; header_font_size=&#8221;44px&#8221; header_letter_spacing=&#8221;1px&#8221; header_line_height=&#8221;1.2em&#8221; custom_margin=&#8221;40px|||&#8221;]<\/p>\n<h1 style=\"text-align: center;\">SI VOUS AVEZ BESOIN DE SERVICES DE CONSULTATION \u00c0 PROPOS DES PRESSES HEIDELBERG AUTRES QUE CEUX MENTIONN\u00c9S DANS CETTE PAGE, N\u2019H\u00c9SITEZ PAS \u00c0 NOUS APPELER. NOUS SERONS SUREMENT EN MESURE DE VOUS AIDER.<\/h1>\n<p>[\/et_pb_text][et_pb_button button_url=&#8221;http:\/\/www.jttpressworks.com\/fr\/coordonnees\/&#8221; button_text=&#8221;Coordonn\u00e9es&#8221; button_alignment=&#8221;center&#8221; _builder_version=&#8221;3.0.98&#8243; custom_margin=&#8221;||40px|&#8221; custom_padding=&#8221;20px|20px|20px|20px&#8221; custom_button=&#8221;on&#8221; button_text_size=&#8221;21&#8243; button_text_color=&#8221;#f8f8f8&#8243; button_border_width=&#8221;3px&#8221; button_border_color=&#8221;#f8f8f8&#8243; button_border_radius=&#8221;3px&#8221; button_letter_spacing=&#8221;1px&#8221; button_font=&#8221;|||on|||||&#8221; button_use_icon=&#8221;off&#8221; saved_tabs=&#8221;all&#8221;][\/et_pb_button][\/et_pb_column][\/et_pb_row][\/et_pb_section]<\/p>\n","protected":false},"excerpt":{"rendered":"<p>CONSULTATION ET SERVICES SP\u00c9CIALIS\u00c9S POUR LES PRESSES HEIDELBERGNous offrons des services d\u2019experts-conseils sur les presses Heidelberg pour vous aider \u00e0 prendre de bonnes d\u00e9cisions, \u00e0 satisfaire aux exigences r\u00e9glementaires (comme celles de l\u2019Office de la s\u00e9curit\u00e9 des installations \u00e9lectriques [OSIE] et de votre ville ou municipalit\u00e9) et \u00e0 obtenir une qualit\u00e9 d\u2019impression optimale. D\u00e9pannage li\u00e9 [&hellip;]<\/p>\n","protected":false},"author":1,"featured_media":0,"parent":1190,"menu_order":0,"comment_status":"closed","ping_status":"closed","template":"","meta":{"_et_pb_use_builder":"on","_et_pb_old_content":"","_et_gb_content_width":"","footnotes":""},"class_list":["post-1287","page","type-page","status-publish","hentry"],"yoast_head":"<!-- This site is optimized with the Yoast SEO Premium plugin v20.11 (Yoast SEO v27.6) - https:\/\/yoast.com\/product\/yoast-seo-premium-wordpress\/ -->\n<title>Consultation et services sp\u00e9cialis\u00e9s pour les presses Heidelberg<\/title>\n<meta name=\"description\" content=\"Consultation pour les presses Heidelberg : d\u00e9pannage, v\u00e9rifications, r\u00e9clamations d\u2019assurance, d\u00e9m\u00e9nagement, et achat et installation de presses d\u2019occasion. T\u00e9l\u00e9phonez au 416 508-6673.\" \/>\n<meta name=\"robots\" content=\"index, follow, max-snippet:-1, max-image-preview:large, max-video-preview:-1\" \/>\n<link rel=\"canonical\" href=\"http:\/\/www.jttpressworks.com\/fr\/services\/consultation\/\" \/>\n<meta property=\"og:locale\" content=\"fr_FR\" \/>\n<meta property=\"og:type\" content=\"article\" \/>\n<meta property=\"og:title\" content=\"Consultation\" \/>\n<meta property=\"og:description\" content=\"Consultation pour les presses Heidelberg : d\u00e9pannage, v\u00e9rifications, r\u00e9clamations d\u2019assurance, d\u00e9m\u00e9nagement, et achat et installation de presses d\u2019occasion. T\u00e9l\u00e9phonez au 416 508-6673.\" \/>\n<meta property=\"og:url\" content=\"http:\/\/www.jttpressworks.com\/fr\/services\/consultation\/\" \/>\n<meta property=\"og:site_name\" content=\"JTT PRESSWORKS\" \/>\n<meta property=\"article:modified_time\" content=\"2018-02-26T14:29:23+00:00\" \/>\n<meta name=\"twitter:card\" content=\"summary_large_image\" \/>\n<meta name=\"twitter:label1\" content=\"Est. reading time\" \/>\n\t<meta name=\"twitter:data1\" content=\"5 minutes\" \/>\n<script type=\"application\/ld+json\" class=\"yoast-schema-graph\">{\"@context\":\"https:\\\/\\\/schema.org\",\"@graph\":[{\"@type\":\"WebPage\",\"@id\":\"http:\\\/\\\/www.jttpressworks.com\\\/fr\\\/services\\\/consultation\\\/\",\"url\":\"http:\\\/\\\/www.jttpressworks.com\\\/fr\\\/services\\\/consultation\\\/\",\"name\":\"Consultation et services sp\u00e9cialis\u00e9s pour les presses Heidelberg\",\"isPartOf\":{\"@id\":\"http:\\\/\\\/www.jttpressworks.com\\\/fr\\\/#website\"},\"datePublished\":\"2018-02-19T21:14:52+00:00\",\"dateModified\":\"2018-02-26T14:29:23+00:00\",\"description\":\"Consultation pour les presses Heidelberg : d\u00e9pannage, v\u00e9rifications, r\u00e9clamations d\u2019assurance, d\u00e9m\u00e9nagement, et achat et installation de presses d\u2019occasion. T\u00e9l\u00e9phonez au 416 508-6673.\",\"breadcrumb\":{\"@id\":\"http:\\\/\\\/www.jttpressworks.com\\\/fr\\\/services\\\/consultation\\\/#breadcrumb\"},\"inLanguage\":\"fr-FR\",\"potentialAction\":[{\"@type\":\"ReadAction\",\"target\":[\"http:\\\/\\\/www.jttpressworks.com\\\/fr\\\/services\\\/consultation\\\/\"]}]},{\"@type\":\"BreadcrumbList\",\"@id\":\"http:\\\/\\\/www.jttpressworks.com\\\/fr\\\/services\\\/consultation\\\/#breadcrumb\",\"itemListElement\":[{\"@type\":\"ListItem\",\"position\":1,\"name\":\"Home\",\"item\":\"http:\\\/\\\/www.jttpressworks.com\\\/fr\\\/\"},{\"@type\":\"ListItem\",\"position\":2,\"name\":\"Services\",\"item\":\"http:\\\/\\\/www.jttpressworks.com\\\/fr\\\/services\\\/\"},{\"@type\":\"ListItem\",\"position\":3,\"name\":\"Consultation\"}]},{\"@type\":\"WebSite\",\"@id\":\"http:\\\/\\\/www.jttpressworks.com\\\/fr\\\/#website\",\"url\":\"http:\\\/\\\/www.jttpressworks.com\\\/fr\\\/\",\"name\":\"JTT PRESSWORKS\",\"description\":\"We service and repair Heidelberg printing presses\",\"publisher\":{\"@id\":\"http:\\\/\\\/www.jttpressworks.com\\\/fr\\\/#organization\"},\"potentialAction\":[{\"@type\":\"SearchAction\",\"target\":{\"@type\":\"EntryPoint\",\"urlTemplate\":\"http:\\\/\\\/www.jttpressworks.com\\\/fr\\\/?s={search_term_string}\"},\"query-input\":{\"@type\":\"PropertyValueSpecification\",\"valueRequired\":true,\"valueName\":\"search_term_string\"}}],\"inLanguage\":\"fr-FR\"},{\"@type\":\"Organization\",\"@id\":\"http:\\\/\\\/www.jttpressworks.com\\\/fr\\\/#organization\",\"name\":\"JTT Pressworks\",\"url\":\"http:\\\/\\\/www.jttpressworks.com\\\/fr\\\/\",\"logo\":{\"@type\":\"ImageObject\",\"inLanguage\":\"fr-FR\",\"@id\":\"http:\\\/\\\/www.jttpressworks.com\\\/fr\\\/#\\\/schema\\\/logo\\\/image\\\/\",\"url\":\"http:\\\/\\\/www.jttpressworks.com\\\/wp-content\\\/uploads\\\/JTTpressworks-logo.png\",\"contentUrl\":\"http:\\\/\\\/www.jttpressworks.com\\\/wp-content\\\/uploads\\\/JTTpressworks-logo.png\",\"width\":2008,\"height\":358,\"caption\":\"JTT Pressworks\"},\"image\":{\"@id\":\"http:\\\/\\\/www.jttpressworks.com\\\/fr\\\/#\\\/schema\\\/logo\\\/image\\\/\"}}]}<\/script>\n<!-- \/ Yoast SEO Premium plugin. -->","yoast_head_json":{"title":"Consultation et services sp\u00e9cialis\u00e9s pour les presses Heidelberg","description":"Consultation pour les presses Heidelberg : d\u00e9pannage, v\u00e9rifications, r\u00e9clamations d\u2019assurance, d\u00e9m\u00e9nagement, et achat et installation de presses d\u2019occasion. T\u00e9l\u00e9phonez au 416 508-6673.","robots":{"index":"index","follow":"follow","max-snippet":"max-snippet:-1","max-image-preview":"max-image-preview:large","max-video-preview":"max-video-preview:-1"},"canonical":"http:\/\/www.jttpressworks.com\/fr\/services\/consultation\/","og_locale":"fr_FR","og_type":"article","og_title":"Consultation","og_description":"Consultation pour les presses Heidelberg : d\u00e9pannage, v\u00e9rifications, r\u00e9clamations d\u2019assurance, d\u00e9m\u00e9nagement, et achat et installation de presses d\u2019occasion. T\u00e9l\u00e9phonez au 416 508-6673.","og_url":"http:\/\/www.jttpressworks.com\/fr\/services\/consultation\/","og_site_name":"JTT PRESSWORKS","article_modified_time":"2018-02-26T14:29:23+00:00","twitter_card":"summary_large_image","twitter_misc":{"Est. reading time":"5 minutes"},"schema":{"@context":"https:\/\/schema.org","@graph":[{"@type":"WebPage","@id":"http:\/\/www.jttpressworks.com\/fr\/services\/consultation\/","url":"http:\/\/www.jttpressworks.com\/fr\/services\/consultation\/","name":"Consultation et services sp\u00e9cialis\u00e9s pour les presses Heidelberg","isPartOf":{"@id":"http:\/\/www.jttpressworks.com\/fr\/#website"},"datePublished":"2018-02-19T21:14:52+00:00","dateModified":"2018-02-26T14:29:23+00:00","description":"Consultation pour les presses Heidelberg : d\u00e9pannage, v\u00e9rifications, r\u00e9clamations d\u2019assurance, d\u00e9m\u00e9nagement, et achat et installation de presses d\u2019occasion. T\u00e9l\u00e9phonez au 416 508-6673.","breadcrumb":{"@id":"http:\/\/www.jttpressworks.com\/fr\/services\/consultation\/#breadcrumb"},"inLanguage":"fr-FR","potentialAction":[{"@type":"ReadAction","target":["http:\/\/www.jttpressworks.com\/fr\/services\/consultation\/"]}]},{"@type":"BreadcrumbList","@id":"http:\/\/www.jttpressworks.com\/fr\/services\/consultation\/#breadcrumb","itemListElement":[{"@type":"ListItem","position":1,"name":"Home","item":"http:\/\/www.jttpressworks.com\/fr\/"},{"@type":"ListItem","position":2,"name":"Services","item":"http:\/\/www.jttpressworks.com\/fr\/services\/"},{"@type":"ListItem","position":3,"name":"Consultation"}]},{"@type":"WebSite","@id":"http:\/\/www.jttpressworks.com\/fr\/#website","url":"http:\/\/www.jttpressworks.com\/fr\/","name":"JTT PRESSWORKS","description":"We service and repair Heidelberg printing presses","publisher":{"@id":"http:\/\/www.jttpressworks.com\/fr\/#organization"},"potentialAction":[{"@type":"SearchAction","target":{"@type":"EntryPoint","urlTemplate":"http:\/\/www.jttpressworks.com\/fr\/?s={search_term_string}"},"query-input":{"@type":"PropertyValueSpecification","valueRequired":true,"valueName":"search_term_string"}}],"inLanguage":"fr-FR"},{"@type":"Organization","@id":"http:\/\/www.jttpressworks.com\/fr\/#organization","name":"JTT Pressworks","url":"http:\/\/www.jttpressworks.com\/fr\/","logo":{"@type":"ImageObject","inLanguage":"fr-FR","@id":"http:\/\/www.jttpressworks.com\/fr\/#\/schema\/logo\/image\/","url":"http:\/\/www.jttpressworks.com\/wp-content\/uploads\/JTTpressworks-logo.png","contentUrl":"http:\/\/www.jttpressworks.com\/wp-content\/uploads\/JTTpressworks-logo.png","width":2008,"height":358,"caption":"JTT Pressworks"},"image":{"@id":"http:\/\/www.jttpressworks.com\/fr\/#\/schema\/logo\/image\/"}}]}},"_links":{"self":[{"href":"http:\/\/www.jttpressworks.com\/fr\/wp-json\/wp\/v2\/pages\/1287","targetHints":{"allow":["GET"]}}],"collection":[{"href":"http:\/\/www.jttpressworks.com\/fr\/wp-json\/wp\/v2\/pages"}],"about":[{"href":"http:\/\/www.jttpressworks.com\/fr\/wp-json\/wp\/v2\/types\/page"}],"author":[{"embeddable":true,"href":"http:\/\/www.jttpressworks.com\/fr\/wp-json\/wp\/v2\/users\/1"}],"replies":[{"embeddable":true,"href":"http:\/\/www.jttpressworks.com\/fr\/wp-json\/wp\/v2\/comments?post=1287"}],"version-history":[{"count":9,"href":"http:\/\/www.jttpressworks.com\/fr\/wp-json\/wp\/v2\/pages\/1287\/revisions"}],"predecessor-version":[{"id":1389,"href":"http:\/\/www.jttpressworks.com\/fr\/wp-json\/wp\/v2\/pages\/1287\/revisions\/1389"}],"up":[{"embeddable":true,"href":"http:\/\/www.jttpressworks.com\/fr\/wp-json\/wp\/v2\/pages\/1190"}],"wp:attachment":[{"href":"http:\/\/www.jttpressworks.com\/fr\/wp-json\/wp\/v2\/media?parent=1287"}],"curies":[{"name":"wp","href":"https:\/\/api.w.org\/{rel}","templated":true}]}}