{"id":1274,"date":"2018-02-19T16:09:15","date_gmt":"2018-02-19T21:09:15","guid":{"rendered":"http:\/\/www.jttpressworks.com\/services\/entretien\/"},"modified":"2018-02-26T09:23:09","modified_gmt":"2018-02-26T14:23:09","slug":"entretien","status":"publish","type":"page","link":"http:\/\/www.jttpressworks.com\/fr\/services\/entretien\/","title":{"rendered":"Entretien"},"content":{"rendered":"<p>[et_pb_section fb_built=&#8221;1&#8243; fullwidth=&#8221;on&#8221; _builder_version=&#8221;3.0.47&#8243;][et_pb_fullwidth_image src=&#8221;http:\/\/www.jttpressworks.com\/wp-content\/uploads\/maint-ffset_885_img1.jpg&#8221; _builder_version=&#8221;3.0.85&#8243;][\/et_pb_fullwidth_image][\/et_pb_section][et_pb_section fb_built=&#8221;1&#8243; _builder_version=&#8221;3.0.83&#8243;][et_pb_row make_fullwidth=&#8221;on&#8221; custom_padding=&#8221;10px||0px|&#8221; custom_margin=&#8221;|||&#8221; padding_bottom_1=&#8221;NaNpx&#8221; background_position_1=&#8221;top_left&#8221; background_repeat_1=&#8221;no-repeat&#8221; _builder_version=&#8221;3.0.83&#8243; background_size=&#8221;initial&#8221; background_position=&#8221;top_left&#8221; background_repeat=&#8221;repeat&#8221;][et_pb_column type=&#8221;4_4&#8243; _builder_version=&#8221;3.0.47&#8243; padding_bottom=&#8221;NaNpx&#8221; parallax=&#8221;off&#8221; parallax_method=&#8221;on&#8221; background_position=&#8221;top_left&#8221; background_repeat=&#8221;no-repeat&#8221;][et_pb_text _builder_version=&#8221;3.0.85&#8243; header_font_size=&#8221;48px&#8221; header_font_size_tablet=&#8221;40px&#8221; header_font_size_last_edited=&#8221;on|tablet&#8221; header_text_color=&#8221;#0066ff&#8221; module_alignment=&#8221;left&#8221; custom_margin=&#8221;||1px|&#8221;]<\/p>\n<h1>ENTRETIEN DE PRESSES HEIDELBERG<\/h1>\n<p>[\/et_pb_text][et_pb_divider color=&#8221;#0066ff&#8221; show_divider=&#8221;on&#8221; divider_weight=&#8221;5&#8243; height=&#8221;0&#8243; disabled_on=&#8221;on|on|off&#8221; _builder_version=&#8221;3.0.66&#8243;][\/et_pb_divider][et_pb_text _builder_version=&#8221;3.0.93&#8243;]<\/p>\n<h1>L\u2019AVANTAGE JTT\u00a0PRESSWORKS POUR L\u2019ENTRETIEN<\/h1>\n<p>[\/et_pb_text][\/et_pb_column][\/et_pb_row][\/et_pb_section][et_pb_section fb_built=&#8221;1&#8243; _builder_version=&#8221;3.0.47&#8243;][et_pb_row make_fullwidth=&#8221;on&#8221; _builder_version=&#8221;3.0.83&#8243;][et_pb_column type=&#8221;2_3&#8243; _builder_version=&#8221;3.0.47&#8243; parallax=&#8221;off&#8221; parallax_method=&#8221;on&#8221;][et_pb_text _builder_version=&#8221;3.0.93&#8243;]<\/p>\n<p>Les \u00e9quipes d\u2019impression le savent, les presses Heidelberg sont des machines complexes qui doivent \u00eatre entretenues pour bien fonctionner. \u00c0 la longue, des particules de papier s\u2019infiltrent dans la presse et la salet\u00e9 qui s\u2019accumule dans la machine peut causer une usure pr\u00e9matur\u00e9e.<\/p>\n<p>Pour maximiser la dur\u00e9e de vie de votre presse tout en r\u00e9duisant au minimum les temps d\u2019arr\u00eat, les t\u00e2ches d\u2019entretien ci-dessous devraient \u00eatre ex\u00e9cut\u00e9es chaque mois sur les presses \u00e0 imprimer.<\/p>\n<ul>\n<li>Nettoyer le syst\u00e8me de cha\u00eene de sortie pour r\u00e9duire la contamination de la graisse et de la poudre anti-maculage.<\/li>\n<li>Graisser les composants m\u00e9caniques en suivant une liste de v\u00e9rification pour \u00e9viter des d\u00e9faillances m\u00e9caniques pr\u00e9matur\u00e9es.<\/li>\n<li>Remplacer les filtres \u00e0 air pour \u00e9viter une r\u00e9duction du d\u00e9bit d\u2019air et pour maximiser le rendement.<\/li>\n<li>Vidanger l\u2019huile du compresseur d\u2019air central.<\/li>\n<li>Proc\u00e9der \u00e0 un examen visuel des tuyaux et remplacer proactivement ceux qui sont us\u00e9s.<\/li>\n<li>Entretenir et ajuster les rouleaux pour \u00e9viter que l\u2019usure et la salet\u00e9 ne causent un d\u00e9salignement.<\/li>\n<\/ul>\n<h2>L\u2019avantage JTT\u00a0Pressworks pour l\u2019entretien<\/h2>\n<p>Il y a des avantages \u00e0 choisir JTT\u00a0Pressworks pour l\u2019entretien des presses Heidelberg.<\/p>\n<ul>\n<li>L\u2019entretien de vos presses se fait en dehors de VOS heures de travail (la fin de semaine, par exemple).<\/li>\n<li>Notre personnel conna\u00eet bien le fonctionnement de ces machines. Ce sont des professionnels qualifi\u00e9s de l\u2019imprimerie comptant de nombreuses ann\u00e9es d\u2019exp\u00e9rience, et non de simples nettoyeurs qui suivent une liste de v\u00e9rification.<\/li>\n<li>Nous vous faisons un compte rendu apr\u00e8s chaque activit\u00e9 d\u2019entretien. Nous vous expliquons ce que nous avons fait, ce que nous avons vu et ce que vous devez faire (r\u00e9parations ou entretien plus pouss\u00e9) pour pr\u00e9venir d\u2019autres pannes.<\/li>\n<li>Nous offrons l\u2019entretien des rouleaux \u00e0 prix concurrentiel.<\/li>\n<li>Gr\u00e2ce \u00e0 notre service mensuel minutieux, votre personnel d\u2019imprimerie n\u2019a pas \u00e0 effectuer les t\u00e2ches que lui laissent les autres fournisseurs de service.<\/li>\n<\/ul>\n<p>&nbsp;<\/p>\n<p>[\/et_pb_text][\/et_pb_column][et_pb_column type=&#8221;1_3&#8243; _builder_version=&#8221;3.0.47&#8243; parallax=&#8221;off&#8221; parallax_method=&#8221;on&#8221;][et_pb_testimonial author=&#8221;Matt Powell&#8221; job_title=&#8221;Superviseur de la production &#8221; company_name=&#8221;Sina Printing&#8221; url=&#8221;http:\/\/sinalite.com&#8221; url_new_window=&#8221;on&#8221; use_background_color=&#8221;off&#8221; background_layout=&#8221;light&#8221; quote_icon_color=&#8221;#0066ff&#8221; quote_icon_background_color=&#8221;#ffffff&#8221; _builder_version=&#8221;3.0.83&#8243; body_text_color=&#8221;#595959&#8243; border_width_all=&#8221;4px&#8221; border_color_all=&#8221;#0066ff&#8221; border_style_all=&#8221;solid&#8221; custom_margin=&#8221;|||&#8221; custom_padding=&#8221;50px|40px|40px|40px&#8221; use_border_color=&#8221;on&#8221; border_color=&#8221;#0066ff&#8221; border_width=&#8221;4px&#8221;]<em>\u00ab\u00a0J\u2019ai d\u00e9j\u00e0 \u00e9t\u00e9 conducteur de presse et je suis maintenant directeur de la production de l\u2019une des imprimeries les plus achaland\u00e9es du Canada, je peux donc vous parler en connaissance de cause de la qualit\u00e9 du travail de JTT\u00a0Pressworks et du d\u00e9vouement de son \u00e9quipe. Ils font toujours des r\u00e9parations fiables et exactes apr\u00e8s un diagnostic rapide, en veillant \u00e0 r\u00e9duire au minimum le temps d\u2019arr\u00eat. Je fais affaire avec eux depuis 12\u00a0ans, et n\u2019ai jamais eu de probl\u00e8me. Je n\u2019ai jamais senti le besoin de m\u2019approvisionner ailleurs. Je recommande fortement JTT\u00a0Pressworks \u00e0 quiconque travaille dans le secteur de l\u2019imprimerie.\u00a0\u00bb <\/em><br \/>\n[\/et_pb_testimonial][\/et_pb_column][\/et_pb_row][\/et_pb_section][et_pb_section fb_built=&#8221;1&#8243; background_color=&#8221;#0066ff&#8221; _builder_version=&#8221;3.0.83&#8243;][et_pb_row make_fullwidth=&#8221;on&#8221; _builder_version=&#8221;3.0.83&#8243;][et_pb_column type=&#8221;4_4&#8243; _builder_version=&#8221;3.0.47&#8243; parallax=&#8221;off&#8221; parallax_method=&#8221;on&#8221;][et_pb_text background_layout=&#8221;dark&#8221; _builder_version=&#8221;3.0.93&#8243; header_text_align=&#8221;center&#8221; header_font_size=&#8221;44px&#8221; header_letter_spacing=&#8221;1px&#8221; header_line_height=&#8221;1.2em&#8221; custom_margin=&#8221;40px|||&#8221;]<\/p>\n<h1 style=\"text-align: center;\">Besoin d\u2019aide pour trouver une pi\u00e8ce? Demandez-nous-la!<\/h1>\n<p>[\/et_pb_text][et_pb_button button_url=&#8221;http:\/\/www.jttpressworks.com\/fr\/pieces\/&#8221; button_text=&#8221;DEMANDEZ-NOUS-LA!&#8221; button_alignment=&#8221;center&#8221; _builder_version=&#8221;3.0.98&#8243; custom_margin=&#8221;||40px|&#8221; custom_padding=&#8221;20px|20px|20px|20px&#8221; custom_button=&#8221;on&#8221; button_text_size=&#8221;21&#8243; button_text_color=&#8221;#f8f8f8&#8243; button_border_width=&#8221;3px&#8221; button_border_color=&#8221;#f8f8f8&#8243; button_border_radius=&#8221;3px&#8221; button_letter_spacing=&#8221;1px&#8221; button_font=&#8221;|||on|||||&#8221; button_use_icon=&#8221;off&#8221; saved_tabs=&#8221;all&#8221;][\/et_pb_button][\/et_pb_column][\/et_pb_row][\/et_pb_section]<\/p>\n","protected":false},"excerpt":{"rendered":"<p>ENTRETIEN DE PRESSES HEIDELBERG L\u2019AVANTAGE JTT\u00a0PRESSWORKS POUR L\u2019ENTRETIEN Les \u00e9quipes d\u2019impression le savent, les presses Heidelberg sont des machines complexes qui doivent \u00eatre entretenues pour bien fonctionner. \u00c0 la longue, des particules de papier s\u2019infiltrent dans la presse et la salet\u00e9 qui s\u2019accumule dans la machine peut causer une usure pr\u00e9matur\u00e9e. Pour maximiser la dur\u00e9e [&hellip;]<\/p>\n","protected":false},"author":1,"featured_media":0,"parent":1190,"menu_order":0,"comment_status":"closed","ping_status":"closed","template":"","meta":{"_et_pb_use_builder":"on","_et_pb_old_content":"","_et_gb_content_width":""},"yoast_head":"<!-- This site is optimized with the Yoast SEO Premium plugin v20.11 (Yoast SEO v20.11) - https:\/\/yoast.com\/wordpress\/plugins\/seo\/ -->\n<title>Entretien de presses Heidelberg : L\u2019avantage JTT Pressworks<\/title>\n<meta name=\"description\" content=\"Entretien de presses Heidelberg en dehors de vos heures de travail. Comprend le nettoyage et l\u2019entretien des rouleaux. Nous sommes des propri\u00e9taires-exploitants. T\u00e9l\u00e9phonez au 416 508-6673.\" \/>\n<meta name=\"robots\" content=\"index, follow, max-snippet:-1, max-image-preview:large, max-video-preview:-1\" \/>\n<link rel=\"canonical\" href=\"http:\/\/www.jttpressworks.com\/fr\/services\/entretien\/\" \/>\n<meta property=\"og:locale\" content=\"fr_FR\" \/>\n<meta property=\"og:type\" content=\"article\" \/>\n<meta property=\"og:title\" content=\"Entretien\" \/>\n<meta property=\"og:description\" content=\"Entretien de presses Heidelberg en dehors de vos heures de travail. Comprend le nettoyage et l\u2019entretien des rouleaux. Nous sommes des propri\u00e9taires-exploitants. T\u00e9l\u00e9phonez au 416 508-6673.\" \/>\n<meta property=\"og:url\" content=\"http:\/\/www.jttpressworks.com\/fr\/services\/entretien\/\" \/>\n<meta property=\"og:site_name\" content=\"JTT PRESSWORKS\" \/>\n<meta property=\"article:modified_time\" content=\"2018-02-26T14:23:09+00:00\" \/>\n<meta name=\"twitter:card\" content=\"summary_large_image\" \/>\n<meta name=\"twitter:label1\" content=\"Est. reading time\" \/>\n\t<meta name=\"twitter:data1\" content=\"5 minutes\" \/>\n<script type=\"application\/ld+json\" class=\"yoast-schema-graph\">{\"@context\":\"https:\/\/schema.org\",\"@graph\":[{\"@type\":\"WebPage\",\"@id\":\"http:\/\/www.jttpressworks.com\/fr\/services\/entretien\/\",\"url\":\"http:\/\/www.jttpressworks.com\/fr\/services\/entretien\/\",\"name\":\"Entretien de presses Heidelberg : L\u2019avantage JTT Pressworks\",\"isPartOf\":{\"@id\":\"http:\/\/www.jttpressworks.com\/fr\/#website\"},\"datePublished\":\"2018-02-19T21:09:15+00:00\",\"dateModified\":\"2018-02-26T14:23:09+00:00\",\"description\":\"Entretien de presses Heidelberg en dehors de vos heures de travail. Comprend le nettoyage et l\u2019entretien des rouleaux. Nous sommes des propri\u00e9taires-exploitants. T\u00e9l\u00e9phonez au 416 508-6673.\",\"breadcrumb\":{\"@id\":\"http:\/\/www.jttpressworks.com\/fr\/services\/entretien\/#breadcrumb\"},\"inLanguage\":\"fr-FR\",\"potentialAction\":[{\"@type\":\"ReadAction\",\"target\":[\"http:\/\/www.jttpressworks.com\/fr\/services\/entretien\/\"]}]},{\"@type\":\"BreadcrumbList\",\"@id\":\"http:\/\/www.jttpressworks.com\/fr\/services\/entretien\/#breadcrumb\",\"itemListElement\":[{\"@type\":\"ListItem\",\"position\":1,\"name\":\"Home\",\"item\":\"http:\/\/www.jttpressworks.com\/fr\/\"},{\"@type\":\"ListItem\",\"position\":2,\"name\":\"Services\",\"item\":\"http:\/\/www.jttpressworks.com\/fr\/services\/\"},{\"@type\":\"ListItem\",\"position\":3,\"name\":\"Entretien\"}]},{\"@type\":\"WebSite\",\"@id\":\"http:\/\/www.jttpressworks.com\/fr\/#website\",\"url\":\"http:\/\/www.jttpressworks.com\/fr\/\",\"name\":\"JTT PRESSWORKS\",\"description\":\"We service and repair Heidelberg printing presses\",\"publisher\":{\"@id\":\"http:\/\/www.jttpressworks.com\/fr\/#organization\"},\"potentialAction\":[{\"@type\":\"SearchAction\",\"target\":{\"@type\":\"EntryPoint\",\"urlTemplate\":\"http:\/\/www.jttpressworks.com\/fr\/?s={search_term_string}\"},\"query-input\":\"required name=search_term_string\"}],\"inLanguage\":\"fr-FR\"},{\"@type\":\"Organization\",\"@id\":\"http:\/\/www.jttpressworks.com\/fr\/#organization\",\"name\":\"JTT Pressworks\",\"url\":\"http:\/\/www.jttpressworks.com\/fr\/\",\"logo\":{\"@type\":\"ImageObject\",\"inLanguage\":\"fr-FR\",\"@id\":\"http:\/\/www.jttpressworks.com\/fr\/#\/schema\/logo\/image\/\",\"url\":\"http:\/\/www.jttpressworks.com\/wp-content\/uploads\/JTTpressworks-logo.png\",\"contentUrl\":\"http:\/\/www.jttpressworks.com\/wp-content\/uploads\/JTTpressworks-logo.png\",\"width\":2008,\"height\":358,\"caption\":\"JTT Pressworks\"},\"image\":{\"@id\":\"http:\/\/www.jttpressworks.com\/fr\/#\/schema\/logo\/image\/\"}}]}<\/script>\n<!-- \/ Yoast SEO Premium plugin. -->","yoast_head_json":{"title":"Entretien de presses Heidelberg : L\u2019avantage JTT Pressworks","description":"Entretien de presses Heidelberg en dehors de vos heures de travail. Comprend le nettoyage et l\u2019entretien des rouleaux. Nous sommes des propri\u00e9taires-exploitants. T\u00e9l\u00e9phonez au 416 508-6673.","robots":{"index":"index","follow":"follow","max-snippet":"max-snippet:-1","max-image-preview":"max-image-preview:large","max-video-preview":"max-video-preview:-1"},"canonical":"http:\/\/www.jttpressworks.com\/fr\/services\/entretien\/","og_locale":"fr_FR","og_type":"article","og_title":"Entretien","og_description":"Entretien de presses Heidelberg en dehors de vos heures de travail. Comprend le nettoyage et l\u2019entretien des rouleaux. Nous sommes des propri\u00e9taires-exploitants. T\u00e9l\u00e9phonez au 416 508-6673.","og_url":"http:\/\/www.jttpressworks.com\/fr\/services\/entretien\/","og_site_name":"JTT PRESSWORKS","article_modified_time":"2018-02-26T14:23:09+00:00","twitter_card":"summary_large_image","twitter_misc":{"Est. reading time":"5 minutes"},"schema":{"@context":"https:\/\/schema.org","@graph":[{"@type":"WebPage","@id":"http:\/\/www.jttpressworks.com\/fr\/services\/entretien\/","url":"http:\/\/www.jttpressworks.com\/fr\/services\/entretien\/","name":"Entretien de presses Heidelberg : L\u2019avantage JTT Pressworks","isPartOf":{"@id":"http:\/\/www.jttpressworks.com\/fr\/#website"},"datePublished":"2018-02-19T21:09:15+00:00","dateModified":"2018-02-26T14:23:09+00:00","description":"Entretien de presses Heidelberg en dehors de vos heures de travail. Comprend le nettoyage et l\u2019entretien des rouleaux. Nous sommes des propri\u00e9taires-exploitants. T\u00e9l\u00e9phonez au 416 508-6673.","breadcrumb":{"@id":"http:\/\/www.jttpressworks.com\/fr\/services\/entretien\/#breadcrumb"},"inLanguage":"fr-FR","potentialAction":[{"@type":"ReadAction","target":["http:\/\/www.jttpressworks.com\/fr\/services\/entretien\/"]}]},{"@type":"BreadcrumbList","@id":"http:\/\/www.jttpressworks.com\/fr\/services\/entretien\/#breadcrumb","itemListElement":[{"@type":"ListItem","position":1,"name":"Home","item":"http:\/\/www.jttpressworks.com\/fr\/"},{"@type":"ListItem","position":2,"name":"Services","item":"http:\/\/www.jttpressworks.com\/fr\/services\/"},{"@type":"ListItem","position":3,"name":"Entretien"}]},{"@type":"WebSite","@id":"http:\/\/www.jttpressworks.com\/fr\/#website","url":"http:\/\/www.jttpressworks.com\/fr\/","name":"JTT PRESSWORKS","description":"We service and repair Heidelberg printing presses","publisher":{"@id":"http:\/\/www.jttpressworks.com\/fr\/#organization"},"potentialAction":[{"@type":"SearchAction","target":{"@type":"EntryPoint","urlTemplate":"http:\/\/www.jttpressworks.com\/fr\/?s={search_term_string}"},"query-input":"required name=search_term_string"}],"inLanguage":"fr-FR"},{"@type":"Organization","@id":"http:\/\/www.jttpressworks.com\/fr\/#organization","name":"JTT Pressworks","url":"http:\/\/www.jttpressworks.com\/fr\/","logo":{"@type":"ImageObject","inLanguage":"fr-FR","@id":"http:\/\/www.jttpressworks.com\/fr\/#\/schema\/logo\/image\/","url":"http:\/\/www.jttpressworks.com\/wp-content\/uploads\/JTTpressworks-logo.png","contentUrl":"http:\/\/www.jttpressworks.com\/wp-content\/uploads\/JTTpressworks-logo.png","width":2008,"height":358,"caption":"JTT Pressworks"},"image":{"@id":"http:\/\/www.jttpressworks.com\/fr\/#\/schema\/logo\/image\/"}}]}},"_links":{"self":[{"href":"http:\/\/www.jttpressworks.com\/fr\/wp-json\/wp\/v2\/pages\/1274"}],"collection":[{"href":"http:\/\/www.jttpressworks.com\/fr\/wp-json\/wp\/v2\/pages"}],"about":[{"href":"http:\/\/www.jttpressworks.com\/fr\/wp-json\/wp\/v2\/types\/page"}],"author":[{"embeddable":true,"href":"http:\/\/www.jttpressworks.com\/fr\/wp-json\/wp\/v2\/users\/1"}],"replies":[{"embeddable":true,"href":"http:\/\/www.jttpressworks.com\/fr\/wp-json\/wp\/v2\/comments?post=1274"}],"version-history":[{"count":10,"href":"http:\/\/www.jttpressworks.com\/fr\/wp-json\/wp\/v2\/pages\/1274\/revisions"}],"predecessor-version":[{"id":1387,"href":"http:\/\/www.jttpressworks.com\/fr\/wp-json\/wp\/v2\/pages\/1274\/revisions\/1387"}],"up":[{"embeddable":true,"href":"http:\/\/www.jttpressworks.com\/fr\/wp-json\/wp\/v2\/pages\/1190"}],"wp:attachment":[{"href":"http:\/\/www.jttpressworks.com\/fr\/wp-json\/wp\/v2\/media?parent=1274"}],"curies":[{"name":"wp","href":"https:\/\/api.w.org\/{rel}","templated":true}]}}