{"id":1262,"date":"2018-02-19T15:58:52","date_gmt":"2018-02-19T20:58:52","guid":{"rendered":"http:\/\/www.jttpressworks.com\/services\/reparations-electriques-et-electroniques\/"},"modified":"2018-02-26T09:21:44","modified_gmt":"2018-02-26T14:21:44","slug":"reparations-electriques-et-electroniques","status":"publish","type":"page","link":"http:\/\/www.jttpressworks.com\/fr\/services\/reparations-electriques-et-electroniques\/","title":{"rendered":"R\u00e9parations \u00e9lectriques et \u00e9lectroniques"},"content":{"rendered":"<p>[et_pb_section fb_built=&#8221;1&#8243; fullwidth=&#8221;on&#8221; _builder_version=&#8221;3.0.47&#8243;][et_pb_fullwidth_image src=&#8221;http:\/\/www.jttpressworks.com\/wp-content\/uploads\/electric-CCG_00054_XL106_8P_F51_IMAGE_RATIO_2_8.jpg&#8221; _builder_version=&#8221;3.0.85&#8243;][\/et_pb_fullwidth_image][\/et_pb_section][et_pb_section fb_built=&#8221;1&#8243; _builder_version=&#8221;3.0.80&#8243; custom_padding=&#8221;10px||10px|&#8221;][et_pb_row make_fullwidth=&#8221;on&#8221; custom_padding=&#8221;10px||0px|&#8221; custom_margin=&#8221;|||&#8221; padding_bottom_1=&#8221;NaNpx&#8221; background_position_1=&#8221;top_left&#8221; background_repeat_1=&#8221;no-repeat&#8221; _builder_version=&#8221;3.0.66&#8243; background_size=&#8221;initial&#8221; background_position=&#8221;top_left&#8221; background_repeat=&#8221;repeat&#8221;][et_pb_column type=&#8221;4_4&#8243; _builder_version=&#8221;3.0.47&#8243; padding_bottom=&#8221;NaNpx&#8221; parallax=&#8221;off&#8221; parallax_method=&#8221;on&#8221; background_position=&#8221;top_left&#8221; background_repeat=&#8221;no-repeat&#8221;][et_pb_text _builder_version=&#8221;3.0.85&#8243; header_font_size=&#8221;48px&#8221; header_text_color=&#8221;#0066ff&#8221; module_alignment=&#8221;left&#8221; custom_margin=&#8221;||1px|&#8221; border_style=&#8221;solid&#8221;]<\/p>\n<h1 class=\"WCDH1\">R\u00e9parations \u00e9lectriques et \u00e9lectroniques et remise \u00e0 neuf de presses Heidelberg<\/h1>\n<p>[\/et_pb_text][et_pb_divider color=&#8221;#0066ff&#8221; show_divider=&#8221;on&#8221; divider_weight=&#8221;5&#8243; height=&#8221;0&#8243; disabled_on=&#8221;on|on|off&#8221; _builder_version=&#8221;3.0.66&#8243;][\/et_pb_divider][et_pb_text _builder_version=&#8221;3.0.85&#8243;]<\/p>\n<h1>SI CES SYST\u00c8MES NE FONCTIONNENT PAS, NOUS POUVONS LES R\u00c9PARER.<\/h1>\n<p>[\/et_pb_text][\/et_pb_column][\/et_pb_row][\/et_pb_section][et_pb_section fb_built=&#8221;1&#8243; _builder_version=&#8221;3.0.80&#8243;][et_pb_row make_fullwidth=&#8221;on&#8221; _builder_version=&#8221;3.0.80&#8243;][et_pb_column type=&#8221;2_3&#8243; _builder_version=&#8221;3.0.47&#8243; parallax=&#8221;off&#8221; parallax_method=&#8221;on&#8221;][et_pb_text _builder_version=&#8221;3.0.85&#8243; border_style=&#8221;solid&#8221;]<\/p>\n<h2>Syst\u00e8mes, sous-syst\u00e8mes et moteurs<\/h2>\n<p>Le fonctionnement de votre presse \u00e0 imprimer Heidelberg repose sur de nombreux moteurs, syst\u00e8mes et sous-syst\u00e8mes \u00e9lectroniques et \u00e9lectriques. C\u2019est donc dire que diff\u00e9rents types de d\u00e9faillances sont possibles. Il n\u2019y a pas grand-chose que vous puissiez faire pour pr\u00e9venir ces d\u00e9faillances, mais si elles surviennent, nous pouvons y rem\u00e9dier.<\/p>\n<p>Nos services de r\u00e9paration \u00e9lectrique et \u00e9lectronique et de remise \u00e0 neuf de presses Heidelberg comprennent ce qui suit :<\/p>\n<h2>Remise \u00e0 neuf de moteur principal<\/h2>\n<p>Lorsqu\u2019ils sont en panne, ces moteurs doivent \u00eatre reconstruits, et les moteurs neufs sont tr\u00e8s chers. JTT Pressworks peut remettre \u00e0 neuf votre moteur pour vous \u00e9viter d\u2019avoir \u00e0 en acheter un nouveau.<\/p>\n<h2>Remise \u00e0 neuf de compresseur<\/h2>\n<p>Le compresseur est un sujet de pr\u00e9occupation fr\u00e9quente, mais s\u2019il est bien entretenu, il se brisera moins souvent. Nous pouvons remettre \u00e0 neuf, r\u00e9parer et <a href=\"..\/entretien\/\">entretenir votre compresseur<\/a>.<\/p>\n<h2>Pi\u00e8ces \u00e9lectroniques<\/h2>\n<p><a href=\"..\/..\/pieces\/\">Nous vendons des pi\u00e8ces \u00e9lectroniques d\u2019origine<\/a>. Dans certains, nous pourrons r\u00e9parer vos pi\u00e8ces.<\/p>\n<h2>D\u00e9pannage \u00e9lectrique et \u00e9lectronique<\/h2>\n<p>Si vous n\u2019\u00eates pas s\u00fbr de la source du probl\u00e8me, nous pouvons faire une recherche de panne afin d\u2019\u00e9tablir un diagnostic et de corriger le probl\u00e8me.<\/p>\n<h2>Interface \u00e0 \u00e9cran tactile et autres afficheurs<\/h2>\n<p>Appelez-nous si vous avez un \u00e9cran tactile d\u00e9fectueux \u00e0 r\u00e9parer. Nous avons des \u00e9crans de rechange pour certains mod\u00e8les.<\/p>\n<p>[\/et_pb_text][\/et_pb_column][et_pb_column type=&#8221;1_3&#8243; _builder_version=&#8221;3.0.47&#8243; parallax=&#8221;off&#8221; parallax_method=&#8221;on&#8221;][et_pb_testimonial author=&#8221;Mike Richard&#8221; job_title=&#8221;Directeur de l\u2019impression&#8221; company_name=&#8221;Rayment and Collins&#8221; url=&#8221;http:\/\/www.raymentcollins.com\/&#8221; url_new_window=&#8221;on&#8221; use_background_color=&#8221;off&#8221; background_layout=&#8221;light&#8221; quote_icon_color=&#8221;#0066ff&#8221; quote_icon_background_color=&#8221;#ffffff&#8221; _builder_version=&#8221;3.0.79&#8243; body_text_color=&#8221;#595959&#8243; border_width_all=&#8221;4px&#8221; border_color_all=&#8221;#0066ff&#8221; border_style_all=&#8221;solid&#8221; custom_margin=&#8221;|||&#8221; custom_padding=&#8221;50px|40px|40px|40px&#8221; use_border_color=&#8221;on&#8221; border_color=&#8221;#0066ff&#8221; border_width=&#8221;4px&#8221;]<em>\u00ab\u00a0JTT est un partenaire de confiance appr\u00e9ci\u00e9 de Rayment\u00a0&#038;\u00a0Collins depuis plusieurs ann\u00e9es. Lorsque nous avons besoin de services d\u2019entretien, de pi\u00e8ces ou simplement de conseils, c\u2019est vers JTT\u00a0Pressworks que nous nous tournons en premier lieu. Nous pouvons toujours compter sur eux en cas d\u2019urgence et lorsque nous avons besoin de services fiables. Ils comprennent ce que signifie une presse en panne dans notre secteur et ont toujours fait le n\u00e9cessaire pour nous permettre de reprendre rapidement la production.\u00a0\u00bb<\/em><br \/>\n[\/et_pb_testimonial][\/et_pb_column][\/et_pb_row][\/et_pb_section][et_pb_section fb_built=&#8221;1&#8243; background_color=&#8221;#0066ff&#8221; _builder_version=&#8221;3.0.83&#8243;][et_pb_row make_fullwidth=&#8221;on&#8221; _builder_version=&#8221;3.0.83&#8243;][et_pb_column type=&#8221;4_4&#8243; _builder_version=&#8221;3.0.47&#8243; parallax=&#8221;off&#8221; parallax_method=&#8221;on&#8221;][et_pb_text background_layout=&#8221;dark&#8221; _builder_version=&#8221;3.0.83&#8243; header_text_align=&#8221;center&#8221; header_font_size=&#8221;44px&#8221; header_letter_spacing=&#8221;1px&#8221; header_line_height=&#8221;1.2em&#8221; custom_margin=&#8221;40px|||&#8221;]<\/p>\n<h1 style=\"text-align: center;\">LES PROBL\u00c8MES \u00c9LECTRIQUES ET \u00c9LECTRONIQUES PEUVENT SEMBLER INSURMONTABLES.<\/h1>\n<h1 style=\"text-align: center;\">POUR OBTENIR DE L\u2019AIDE, APPELEZ-NOUS AU 1\u00a0800\u00a0830-9000.<\/h1>\n<p>[\/et_pb_text][et_pb_button button_url=&#8221;http:\/\/www.jttpressworks.com\/fr\/coordonnees\/&#8221; button_text=&#8221;Coordonn\u00e9es&#8221; button_alignment=&#8221;center&#8221; disabled_on=&#8221;off|off|off&#8221; _builder_version=&#8221;3.0.98&#8243; custom_margin=&#8221;||40px|&#8221; custom_padding=&#8221;20px|20px|20px|20px&#8221; custom_button=&#8221;on&#8221; button_text_size=&#8221;21&#8243; button_text_color=&#8221;#f8f8f8&#8243; button_border_width=&#8221;3px&#8221; button_border_color=&#8221;#f8f8f8&#8243; button_border_radius=&#8221;3px&#8221; button_letter_spacing=&#8221;1px&#8221; button_font=&#8221;|||on|||||&#8221; button_use_icon=&#8221;off&#8221; saved_tabs=&#8221;all&#8221;][\/et_pb_button][\/et_pb_column][\/et_pb_row][\/et_pb_section]<\/p>\n","protected":false},"excerpt":{"rendered":"<p>R\u00e9parations \u00e9lectriques et \u00e9lectroniques et remise \u00e0 neuf de presses Heidelberg SI CES SYST\u00c8MES NE FONCTIONNENT PAS, NOUS POUVONS LES R\u00c9PARER. Syst\u00e8mes, sous-syst\u00e8mes et moteurs Le fonctionnement de votre presse \u00e0 imprimer Heidelberg repose sur de nombreux moteurs, syst\u00e8mes et sous-syst\u00e8mes \u00e9lectroniques et \u00e9lectriques. C\u2019est donc dire que diff\u00e9rents types de d\u00e9faillances sont possibles. Il [&hellip;]<\/p>\n","protected":false},"author":1,"featured_media":0,"parent":1190,"menu_order":0,"comment_status":"closed","ping_status":"closed","template":"","meta":{"_et_pb_use_builder":"on","_et_pb_old_content":"","_et_gb_content_width":""},"yoast_head":"<!-- This site is optimized with the Yoast SEO Premium plugin v20.11 (Yoast SEO v20.11) - https:\/\/yoast.com\/wordpress\/plugins\/seo\/ -->\n<title>R\u00e9parations \u00e9lectriques et \u00e9lectroniques et remise \u00e0 neuf de presses Heidelberg<\/title>\n<meta name=\"description\" content=\"Services de r\u00e9paration \u00e9lectrique et \u00e9lectronique et de remise \u00e0 neuf de presses Heidelberg par des sp\u00e9cialistes d\u2019exp\u00e9rience form\u00e9s en usine. T\u00e9l\u00e9phonez au 416 508-6673.\" \/>\n<meta name=\"robots\" content=\"index, follow, max-snippet:-1, max-image-preview:large, max-video-preview:-1\" \/>\n<link rel=\"canonical\" href=\"http:\/\/www.jttpressworks.com\/fr\/services\/reparations-electriques-et-electroniques\/\" \/>\n<meta property=\"og:locale\" content=\"fr_FR\" \/>\n<meta property=\"og:type\" content=\"article\" \/>\n<meta property=\"og:title\" content=\"R\u00e9parations \u00e9lectriques et \u00e9lectroniques\" \/>\n<meta property=\"og:description\" content=\"Services de r\u00e9paration \u00e9lectrique et \u00e9lectronique et de remise \u00e0 neuf de presses Heidelberg par des sp\u00e9cialistes d\u2019exp\u00e9rience form\u00e9s en usine. T\u00e9l\u00e9phonez au 416 508-6673.\" \/>\n<meta property=\"og:url\" content=\"http:\/\/www.jttpressworks.com\/fr\/services\/reparations-electriques-et-electroniques\/\" \/>\n<meta property=\"og:site_name\" content=\"JTT PRESSWORKS\" \/>\n<meta property=\"article:modified_time\" content=\"2018-02-26T14:21:44+00:00\" \/>\n<meta name=\"twitter:card\" content=\"summary_large_image\" \/>\n<meta name=\"twitter:label1\" content=\"Est. reading time\" \/>\n\t<meta name=\"twitter:data1\" content=\"4 minutes\" \/>\n<script type=\"application\/ld+json\" class=\"yoast-schema-graph\">{\"@context\":\"https:\/\/schema.org\",\"@graph\":[{\"@type\":\"WebPage\",\"@id\":\"http:\/\/www.jttpressworks.com\/fr\/services\/reparations-electriques-et-electroniques\/\",\"url\":\"http:\/\/www.jttpressworks.com\/fr\/services\/reparations-electriques-et-electroniques\/\",\"name\":\"R\u00e9parations \u00e9lectriques et \u00e9lectroniques et remise \u00e0 neuf de presses Heidelberg\",\"isPartOf\":{\"@id\":\"http:\/\/www.jttpressworks.com\/fr\/#website\"},\"datePublished\":\"2018-02-19T20:58:52+00:00\",\"dateModified\":\"2018-02-26T14:21:44+00:00\",\"description\":\"Services de r\u00e9paration \u00e9lectrique et \u00e9lectronique et de remise \u00e0 neuf de presses Heidelberg par des sp\u00e9cialistes d\u2019exp\u00e9rience form\u00e9s en usine. T\u00e9l\u00e9phonez au 416 508-6673.\",\"breadcrumb\":{\"@id\":\"http:\/\/www.jttpressworks.com\/fr\/services\/reparations-electriques-et-electroniques\/#breadcrumb\"},\"inLanguage\":\"fr-FR\",\"potentialAction\":[{\"@type\":\"ReadAction\",\"target\":[\"http:\/\/www.jttpressworks.com\/fr\/services\/reparations-electriques-et-electroniques\/\"]}]},{\"@type\":\"BreadcrumbList\",\"@id\":\"http:\/\/www.jttpressworks.com\/fr\/services\/reparations-electriques-et-electroniques\/#breadcrumb\",\"itemListElement\":[{\"@type\":\"ListItem\",\"position\":1,\"name\":\"Home\",\"item\":\"http:\/\/www.jttpressworks.com\/fr\/\"},{\"@type\":\"ListItem\",\"position\":2,\"name\":\"Services\",\"item\":\"http:\/\/www.jttpressworks.com\/fr\/services\/\"},{\"@type\":\"ListItem\",\"position\":3,\"name\":\"R\u00e9parations \u00e9lectriques et \u00e9lectroniques\"}]},{\"@type\":\"WebSite\",\"@id\":\"http:\/\/www.jttpressworks.com\/fr\/#website\",\"url\":\"http:\/\/www.jttpressworks.com\/fr\/\",\"name\":\"JTT PRESSWORKS\",\"description\":\"We service and repair Heidelberg printing presses\",\"publisher\":{\"@id\":\"http:\/\/www.jttpressworks.com\/fr\/#organization\"},\"potentialAction\":[{\"@type\":\"SearchAction\",\"target\":{\"@type\":\"EntryPoint\",\"urlTemplate\":\"http:\/\/www.jttpressworks.com\/fr\/?s={search_term_string}\"},\"query-input\":\"required name=search_term_string\"}],\"inLanguage\":\"fr-FR\"},{\"@type\":\"Organization\",\"@id\":\"http:\/\/www.jttpressworks.com\/fr\/#organization\",\"name\":\"JTT Pressworks\",\"url\":\"http:\/\/www.jttpressworks.com\/fr\/\",\"logo\":{\"@type\":\"ImageObject\",\"inLanguage\":\"fr-FR\",\"@id\":\"http:\/\/www.jttpressworks.com\/fr\/#\/schema\/logo\/image\/\",\"url\":\"http:\/\/www.jttpressworks.com\/wp-content\/uploads\/JTTpressworks-logo.png\",\"contentUrl\":\"http:\/\/www.jttpressworks.com\/wp-content\/uploads\/JTTpressworks-logo.png\",\"width\":2008,\"height\":358,\"caption\":\"JTT Pressworks\"},\"image\":{\"@id\":\"http:\/\/www.jttpressworks.com\/fr\/#\/schema\/logo\/image\/\"}}]}<\/script>\n<!-- \/ Yoast SEO Premium plugin. -->","yoast_head_json":{"title":"R\u00e9parations \u00e9lectriques et \u00e9lectroniques et remise \u00e0 neuf de presses Heidelberg","description":"Services de r\u00e9paration \u00e9lectrique et \u00e9lectronique et de remise \u00e0 neuf de presses Heidelberg par des sp\u00e9cialistes d\u2019exp\u00e9rience form\u00e9s en usine. T\u00e9l\u00e9phonez au 416 508-6673.","robots":{"index":"index","follow":"follow","max-snippet":"max-snippet:-1","max-image-preview":"max-image-preview:large","max-video-preview":"max-video-preview:-1"},"canonical":"http:\/\/www.jttpressworks.com\/fr\/services\/reparations-electriques-et-electroniques\/","og_locale":"fr_FR","og_type":"article","og_title":"R\u00e9parations \u00e9lectriques et \u00e9lectroniques","og_description":"Services de r\u00e9paration \u00e9lectrique et \u00e9lectronique et de remise \u00e0 neuf de presses Heidelberg par des sp\u00e9cialistes d\u2019exp\u00e9rience form\u00e9s en usine. T\u00e9l\u00e9phonez au 416 508-6673.","og_url":"http:\/\/www.jttpressworks.com\/fr\/services\/reparations-electriques-et-electroniques\/","og_site_name":"JTT PRESSWORKS","article_modified_time":"2018-02-26T14:21:44+00:00","twitter_card":"summary_large_image","twitter_misc":{"Est. reading time":"4 minutes"},"schema":{"@context":"https:\/\/schema.org","@graph":[{"@type":"WebPage","@id":"http:\/\/www.jttpressworks.com\/fr\/services\/reparations-electriques-et-electroniques\/","url":"http:\/\/www.jttpressworks.com\/fr\/services\/reparations-electriques-et-electroniques\/","name":"R\u00e9parations \u00e9lectriques et \u00e9lectroniques et remise \u00e0 neuf de presses Heidelberg","isPartOf":{"@id":"http:\/\/www.jttpressworks.com\/fr\/#website"},"datePublished":"2018-02-19T20:58:52+00:00","dateModified":"2018-02-26T14:21:44+00:00","description":"Services de r\u00e9paration \u00e9lectrique et \u00e9lectronique et de remise \u00e0 neuf de presses Heidelberg par des sp\u00e9cialistes d\u2019exp\u00e9rience form\u00e9s en usine. T\u00e9l\u00e9phonez au 416 508-6673.","breadcrumb":{"@id":"http:\/\/www.jttpressworks.com\/fr\/services\/reparations-electriques-et-electroniques\/#breadcrumb"},"inLanguage":"fr-FR","potentialAction":[{"@type":"ReadAction","target":["http:\/\/www.jttpressworks.com\/fr\/services\/reparations-electriques-et-electroniques\/"]}]},{"@type":"BreadcrumbList","@id":"http:\/\/www.jttpressworks.com\/fr\/services\/reparations-electriques-et-electroniques\/#breadcrumb","itemListElement":[{"@type":"ListItem","position":1,"name":"Home","item":"http:\/\/www.jttpressworks.com\/fr\/"},{"@type":"ListItem","position":2,"name":"Services","item":"http:\/\/www.jttpressworks.com\/fr\/services\/"},{"@type":"ListItem","position":3,"name":"R\u00e9parations \u00e9lectriques et \u00e9lectroniques"}]},{"@type":"WebSite","@id":"http:\/\/www.jttpressworks.com\/fr\/#website","url":"http:\/\/www.jttpressworks.com\/fr\/","name":"JTT PRESSWORKS","description":"We service and repair Heidelberg printing presses","publisher":{"@id":"http:\/\/www.jttpressworks.com\/fr\/#organization"},"potentialAction":[{"@type":"SearchAction","target":{"@type":"EntryPoint","urlTemplate":"http:\/\/www.jttpressworks.com\/fr\/?s={search_term_string}"},"query-input":"required name=search_term_string"}],"inLanguage":"fr-FR"},{"@type":"Organization","@id":"http:\/\/www.jttpressworks.com\/fr\/#organization","name":"JTT Pressworks","url":"http:\/\/www.jttpressworks.com\/fr\/","logo":{"@type":"ImageObject","inLanguage":"fr-FR","@id":"http:\/\/www.jttpressworks.com\/fr\/#\/schema\/logo\/image\/","url":"http:\/\/www.jttpressworks.com\/wp-content\/uploads\/JTTpressworks-logo.png","contentUrl":"http:\/\/www.jttpressworks.com\/wp-content\/uploads\/JTTpressworks-logo.png","width":2008,"height":358,"caption":"JTT Pressworks"},"image":{"@id":"http:\/\/www.jttpressworks.com\/fr\/#\/schema\/logo\/image\/"}}]}},"_links":{"self":[{"href":"http:\/\/www.jttpressworks.com\/fr\/wp-json\/wp\/v2\/pages\/1262"}],"collection":[{"href":"http:\/\/www.jttpressworks.com\/fr\/wp-json\/wp\/v2\/pages"}],"about":[{"href":"http:\/\/www.jttpressworks.com\/fr\/wp-json\/wp\/v2\/types\/page"}],"author":[{"embeddable":true,"href":"http:\/\/www.jttpressworks.com\/fr\/wp-json\/wp\/v2\/users\/1"}],"replies":[{"embeddable":true,"href":"http:\/\/www.jttpressworks.com\/fr\/wp-json\/wp\/v2\/comments?post=1262"}],"version-history":[{"count":11,"href":"http:\/\/www.jttpressworks.com\/fr\/wp-json\/wp\/v2\/pages\/1262\/revisions"}],"predecessor-version":[{"id":1386,"href":"http:\/\/www.jttpressworks.com\/fr\/wp-json\/wp\/v2\/pages\/1262\/revisions\/1386"}],"up":[{"embeddable":true,"href":"http:\/\/www.jttpressworks.com\/fr\/wp-json\/wp\/v2\/pages\/1190"}],"wp:attachment":[{"href":"http:\/\/www.jttpressworks.com\/fr\/wp-json\/wp\/v2\/media?parent=1262"}],"curies":[{"name":"wp","href":"https:\/\/api.w.org\/{rel}","templated":true}]}}