{"id":1251,"date":"2018-02-19T15:52:29","date_gmt":"2018-02-19T20:52:29","guid":{"rendered":"http:\/\/www.jttpressworks.com\/services\/reparations-mecaniques\/"},"modified":"2018-02-20T10:15:09","modified_gmt":"2018-02-20T15:15:09","slug":"reparations-mecaniques","status":"publish","type":"page","link":"http:\/\/www.jttpressworks.com\/fr\/services\/reparations-mecaniques\/","title":{"rendered":"R\u00e9parations m\u00e9caniques"},"content":{"rendered":"<p>[et_pb_section fb_built=&#8221;1&#8243; fullwidth=&#8221;on&#8221; _builder_version=&#8221;3.0.47&#8243;][et_pb_fullwidth_image src=&#8221;http:\/\/www.jttpressworks.com\/wp-content\/uploads\/mech-CBD_00011_XL_75_F51-1.jpg&#8221; _builder_version=&#8221;3.0.83&#8243; animation_style=&#8221;slide&#8221; animation_direction=&#8221;left&#8221; animation_duration=&#8221;500ms&#8221; animation_intensity_slide=&#8221;10%&#8221;]<br \/>\n[\/et_pb_fullwidth_image][\/et_pb_section][et_pb_section fb_built=&#8221;1&#8243; _builder_version=&#8221;3.0.80&#8243; custom_padding=&#8221;10px||10px|&#8221;][et_pb_row make_fullwidth=&#8221;on&#8221; custom_padding=&#8221;10px||0px|&#8221; custom_margin=&#8221;|||&#8221; padding_bottom_1=&#8221;NaNpx&#8221; background_position_1=&#8221;top_left&#8221; background_repeat_1=&#8221;no-repeat&#8221; _builder_version=&#8221;3.0.66&#8243; background_size=&#8221;initial&#8221; background_position=&#8221;top_left&#8221; background_repeat=&#8221;repeat&#8221;][et_pb_column type=&#8221;4_4&#8243; _builder_version=&#8221;3.0.47&#8243; padding_bottom=&#8221;NaNpx&#8221; parallax=&#8221;off&#8221; parallax_method=&#8221;on&#8221; background_position=&#8221;top_left&#8221; background_repeat=&#8221;no-repeat&#8221;][et_pb_text _builder_version=&#8221;3.0.85&#8243; header_font_size=&#8221;48px&#8221; header_text_color=&#8221;#0066ff&#8221; module_alignment=&#8221;left&#8221; custom_margin=&#8221;||1px|&#8221; border_style=&#8221;solid&#8221;]<\/p>\n<h1 class=\"WCDH1\">R\u00e9paration m\u00e9canique de presses Heidelberg<\/h1>\n<p>[\/et_pb_text][et_pb_divider color=&#8221;#0066ff&#8221; show_divider=&#8221;on&#8221; divider_weight=&#8221;5&#8243; height=&#8221;0&#8243; disabled_on=&#8221;on|on|off&#8221; _builder_version=&#8221;3.0.66&#8243;]<br \/>\n[\/et_pb_divider][et_pb_text _builder_version=&#8221;3.0.83&#8243;]<\/p>\n<h1>R\u00e9parations m\u00e9caniques promptes et pr\u00e9cises. Nous avons des pi\u00e8ces sous la main.<\/h1>\n<p>[\/et_pb_text][\/et_pb_column][\/et_pb_row][\/et_pb_section][et_pb_section fb_built=&#8221;1&#8243; _builder_version=&#8221;3.0.80&#8243;][et_pb_row make_fullwidth=&#8221;on&#8221; _builder_version=&#8221;3.0.80&#8243;][et_pb_column type=&#8221;2_3&#8243; _builder_version=&#8221;3.0.47&#8243; parallax=&#8221;off&#8221; parallax_method=&#8221;on&#8221;][et_pb_text _builder_version=&#8221;3.0.93&#8243;]<\/p>\n<h2>R\u00e9paration m\u00e9canique de presses Heidelberg<\/h2>\n<p>De quelles r\u00e9parations m\u00e9caniques les presses Heidelberg ont-elles le plus souvent besoin? L\u2019exp\u00e9rience nous l\u2019a appris.<\/p>\n<p>Bien souvent, en cas d\u2019urgence, nous pouvons effectuer une r\u00e9paration temporaire de votre presse en attendant l\u2019arriv\u00e9e de pi\u00e8ces neuves. Parce que l\u2019exp\u00e9rience nous a appris quelles pi\u00e8ces peuvent \u00eatre utiles en cas de panne, nous les gardons sous la main pour \u00eatre en mesure de remettre rapidement votre presse en fonction en cas d\u2019urgence.<\/p>\n<p>Nous n\u2019utilisons que des pi\u00e8ces neuves pour les r\u00e9parations m\u00e9caniques afin de maintenir la pr\u00e9cision de votre presse.<\/p>\n<p>Il se pourrait que des r\u00e9parations m\u00e9caniques soient n\u00e9cessaires en raison\u00a0d\u2019un mauvais entretien de votre presse. Par exemple, le nettoyage et le graissage sont importants en raison de la nature de ces machines complexes et de la pr\u00e9cision extr\u00eame qu\u2019elles doivent maintenir. Nous offrons ces <a href=\"..\/entretien\/\">services d\u2019entretien<\/a> et les effectuons en m\u00eame temps qu\u2019une r\u00e9paration m\u00e9canique si n\u00e9cessaire.<\/p>\n<h2>Syst\u00e8mes m\u00e9caniques que nous r\u00e9parons souvent<\/h2>\n<p>Voici une liste de quelques-uns des syst\u00e8mes m\u00e9caniques de presse Heidelberg que nous r\u00e9parons fr\u00e9quemment\u00a0:<\/p>\n<p>&nbsp;<\/p>\n<ul>\n<li>Cylindres, engrenages et syst\u00e8mes de transfert<\/li>\n<li>Pi\u00e8ces pneumatiques<\/li>\n<li>Rouleaux<\/li>\n<li>Syst\u00e8mes de transfert<\/li>\n<li>Margeur, groupes d\u2019impression et sortie<\/li>\n<\/ul>\n<p>[\/et_pb_text][\/et_pb_column][et_pb_column type=&#8221;1_3&#8243; _builder_version=&#8221;3.0.47&#8243; parallax=&#8221;off&#8221; parallax_method=&#8221;on&#8221;][et_pb_testimonial author=&#8221;Mike Richard&#8221; job_title=&#8221;Directeur de l\u2019impression&#8221; company_name=&#8221;Rayment and Collins&#8221; url=&#8221;http:\/\/www.raymentcollins.com\/&#8221; url_new_window=&#8221;on&#8221; use_background_color=&#8221;off&#8221; background_layout=&#8221;light&#8221; quote_icon_color=&#8221;#0066ff&#8221; quote_icon_background_color=&#8221;#ffffff&#8221; _builder_version=&#8221;3.0.83&#8243; body_text_color=&#8221;#595959&#8243; border_width_all=&#8221;4px&#8221; border_color_all=&#8221;#0066ff&#8221; border_style_all=&#8221;solid&#8221; custom_margin=&#8221;|||&#8221; custom_padding=&#8221;50px|40px|40px|40px&#8221; use_border_color=&#8221;on&#8221; border_color=&#8221;#0066ff&#8221; border_width=&#8221;4px&#8221;]<em>\u00ab\u00a0JTT est un partenaire de confiance appr\u00e9ci\u00e9 de Rayment\u00a0&#038;\u00a0Collins depuis plusieurs ann\u00e9es. Lorsque nous avons besoin de services d\u2019entretien, de pi\u00e8ces ou simplement de conseils, c\u2019est vers JTT\u00a0Pressworks que nous nous tournons en premier lieu. Nous pouvons toujours compter sur eux en cas d\u2019urgence et lorsque nous avons besoin de services fiables. Ils comprennent ce que signifie une presse en panne dans notre secteur et ont toujours fait le n\u00e9cessaire pour nous permettre de reprendre rapidement la production.\u00a0\u00bb<\/em><br \/>\n[\/et_pb_testimonial][\/et_pb_column][\/et_pb_row][\/et_pb_section][et_pb_section fb_built=&#8221;1&#8243; background_color=&#8221;#0066ff&#8221; _builder_version=&#8221;3.0.83&#8243;][et_pb_row make_fullwidth=&#8221;on&#8221; _builder_version=&#8221;3.0.83&#8243;][et_pb_column type=&#8221;4_4&#8243; _builder_version=&#8221;3.0.47&#8243; parallax=&#8221;off&#8221; parallax_method=&#8221;on&#8221;][et_pb_text background_layout=&#8221;dark&#8221; _builder_version=&#8221;3.0.93&#8243; header_text_align=&#8221;center&#8221; header_font_size=&#8221;44px&#8221; header_letter_spacing=&#8221;1px&#8221; header_line_height=&#8221;1.2em&#8221; custom_margin=&#8221;40px|||&#8221;]<\/p>\n<h1 style=\"text-align: center;\">Besoin d\u2019aide pour trouver une pi\u00e8ce?<\/h1>\n<p>[\/et_pb_text][et_pb_button button_url=&#8221;http:\/\/www.jttpressworks.com\/fr\/pieces\/&#8221; button_text=&#8221;DEMANDEZ-NOUS-LA!&#8221; button_alignment=&#8221;center&#8221; _builder_version=&#8221;3.0.98&#8243; custom_margin=&#8221;||40px|&#8221; custom_padding=&#8221;20px|20px|20px|20px&#8221; custom_button=&#8221;on&#8221; button_text_size=&#8221;21&#8243; button_text_color=&#8221;#f8f8f8&#8243; button_border_width=&#8221;3px&#8221; button_border_color=&#8221;#f8f8f8&#8243; button_border_radius=&#8221;3px&#8221; button_letter_spacing=&#8221;1px&#8221; button_font=&#8221;|||on|||||&#8221; button_use_icon=&#8221;off&#8221; saved_tabs=&#8221;all&#8221;][\/et_pb_button][\/et_pb_column][\/et_pb_row][\/et_pb_section]<\/p>\n","protected":false},"excerpt":{"rendered":"<p>R\u00e9paration m\u00e9canique de presses Heidelberg R\u00e9parations m\u00e9caniques promptes et pr\u00e9cises. Nous avons des pi\u00e8ces sous la main. R\u00e9paration m\u00e9canique de presses Heidelberg De quelles r\u00e9parations m\u00e9caniques les presses Heidelberg ont-elles le plus souvent besoin? L\u2019exp\u00e9rience nous l\u2019a appris. Bien souvent, en cas d\u2019urgence, nous pouvons effectuer une r\u00e9paration temporaire de votre presse en attendant l\u2019arriv\u00e9e [&hellip;]<\/p>\n","protected":false},"author":1,"featured_media":0,"parent":1190,"menu_order":0,"comment_status":"closed","ping_status":"closed","template":"","meta":{"_et_pb_use_builder":"on","_et_pb_old_content":"","_et_gb_content_width":""},"yoast_head":"<!-- This site is optimized with the Yoast SEO Premium plugin v20.11 (Yoast SEO v20.11) - https:\/\/yoast.com\/wordpress\/plugins\/seo\/ -->\n<title>R\u00e9paration m\u00e9canique de presses Heidelberg et pi\u00e8ces de rechange en stock<\/title>\n<meta name=\"description\" content=\"R\u00e9paration m\u00e9canique de presses Heidelberg. Pi\u00e8ces de rechange en stock. Techniciens tr\u00e8s exp\u00e9riment\u00e9s et form\u00e9s en usine. Entreprise dirig\u00e9e par les propri\u00e9taires. T\u00e9l\u00e9phonez au 416\u00a0508-6673.\" \/>\n<meta name=\"robots\" content=\"index, follow, max-snippet:-1, max-image-preview:large, max-video-preview:-1\" \/>\n<link rel=\"canonical\" href=\"http:\/\/www.jttpressworks.com\/fr\/services\/reparations-mecaniques\/\" \/>\n<meta property=\"og:locale\" content=\"fr_FR\" \/>\n<meta property=\"og:type\" content=\"article\" \/>\n<meta property=\"og:title\" content=\"R\u00e9parations m\u00e9caniques\" \/>\n<meta property=\"og:description\" content=\"R\u00e9paration m\u00e9canique de presses Heidelberg. Pi\u00e8ces de rechange en stock. Techniciens tr\u00e8s exp\u00e9riment\u00e9s et form\u00e9s en usine. Entreprise dirig\u00e9e par les propri\u00e9taires. T\u00e9l\u00e9phonez au 416\u00a0508-6673.\" \/>\n<meta property=\"og:url\" content=\"http:\/\/www.jttpressworks.com\/fr\/services\/reparations-mecaniques\/\" \/>\n<meta property=\"og:site_name\" content=\"JTT PRESSWORKS\" \/>\n<meta property=\"article:modified_time\" content=\"2018-02-20T15:15:09+00:00\" \/>\n<meta name=\"twitter:card\" content=\"summary_large_image\" \/>\n<meta name=\"twitter:label1\" content=\"Est. reading time\" \/>\n\t<meta name=\"twitter:data1\" content=\"4 minutes\" \/>\n<script type=\"application\/ld+json\" class=\"yoast-schema-graph\">{\"@context\":\"https:\/\/schema.org\",\"@graph\":[{\"@type\":\"WebPage\",\"@id\":\"http:\/\/www.jttpressworks.com\/fr\/services\/reparations-mecaniques\/\",\"url\":\"http:\/\/www.jttpressworks.com\/fr\/services\/reparations-mecaniques\/\",\"name\":\"R\u00e9paration m\u00e9canique de presses Heidelberg et pi\u00e8ces de rechange en stock\",\"isPartOf\":{\"@id\":\"http:\/\/www.jttpressworks.com\/fr\/#website\"},\"datePublished\":\"2018-02-19T20:52:29+00:00\",\"dateModified\":\"2018-02-20T15:15:09+00:00\",\"description\":\"R\u00e9paration m\u00e9canique de presses Heidelberg. Pi\u00e8ces de rechange en stock. Techniciens tr\u00e8s exp\u00e9riment\u00e9s et form\u00e9s en usine. Entreprise dirig\u00e9e par les propri\u00e9taires. T\u00e9l\u00e9phonez au 416\u00a0508-6673.\",\"breadcrumb\":{\"@id\":\"http:\/\/www.jttpressworks.com\/fr\/services\/reparations-mecaniques\/#breadcrumb\"},\"inLanguage\":\"fr-FR\",\"potentialAction\":[{\"@type\":\"ReadAction\",\"target\":[\"http:\/\/www.jttpressworks.com\/fr\/services\/reparations-mecaniques\/\"]}]},{\"@type\":\"BreadcrumbList\",\"@id\":\"http:\/\/www.jttpressworks.com\/fr\/services\/reparations-mecaniques\/#breadcrumb\",\"itemListElement\":[{\"@type\":\"ListItem\",\"position\":1,\"name\":\"Home\",\"item\":\"http:\/\/www.jttpressworks.com\/fr\/\"},{\"@type\":\"ListItem\",\"position\":2,\"name\":\"Services\",\"item\":\"http:\/\/www.jttpressworks.com\/fr\/services\/\"},{\"@type\":\"ListItem\",\"position\":3,\"name\":\"R\u00e9parations m\u00e9caniques\"}]},{\"@type\":\"WebSite\",\"@id\":\"http:\/\/www.jttpressworks.com\/fr\/#website\",\"url\":\"http:\/\/www.jttpressworks.com\/fr\/\",\"name\":\"JTT PRESSWORKS\",\"description\":\"We service and repair Heidelberg printing presses\",\"publisher\":{\"@id\":\"http:\/\/www.jttpressworks.com\/fr\/#organization\"},\"potentialAction\":[{\"@type\":\"SearchAction\",\"target\":{\"@type\":\"EntryPoint\",\"urlTemplate\":\"http:\/\/www.jttpressworks.com\/fr\/?s={search_term_string}\"},\"query-input\":\"required name=search_term_string\"}],\"inLanguage\":\"fr-FR\"},{\"@type\":\"Organization\",\"@id\":\"http:\/\/www.jttpressworks.com\/fr\/#organization\",\"name\":\"JTT Pressworks\",\"url\":\"http:\/\/www.jttpressworks.com\/fr\/\",\"logo\":{\"@type\":\"ImageObject\",\"inLanguage\":\"fr-FR\",\"@id\":\"http:\/\/www.jttpressworks.com\/fr\/#\/schema\/logo\/image\/\",\"url\":\"http:\/\/www.jttpressworks.com\/wp-content\/uploads\/JTTpressworks-logo.png\",\"contentUrl\":\"http:\/\/www.jttpressworks.com\/wp-content\/uploads\/JTTpressworks-logo.png\",\"width\":2008,\"height\":358,\"caption\":\"JTT Pressworks\"},\"image\":{\"@id\":\"http:\/\/www.jttpressworks.com\/fr\/#\/schema\/logo\/image\/\"}}]}<\/script>\n<!-- \/ Yoast SEO Premium plugin. -->","yoast_head_json":{"title":"R\u00e9paration m\u00e9canique de presses Heidelberg et pi\u00e8ces de rechange en stock","description":"R\u00e9paration m\u00e9canique de presses Heidelberg. Pi\u00e8ces de rechange en stock. Techniciens tr\u00e8s exp\u00e9riment\u00e9s et form\u00e9s en usine. Entreprise dirig\u00e9e par les propri\u00e9taires. T\u00e9l\u00e9phonez au 416\u00a0508-6673.","robots":{"index":"index","follow":"follow","max-snippet":"max-snippet:-1","max-image-preview":"max-image-preview:large","max-video-preview":"max-video-preview:-1"},"canonical":"http:\/\/www.jttpressworks.com\/fr\/services\/reparations-mecaniques\/","og_locale":"fr_FR","og_type":"article","og_title":"R\u00e9parations m\u00e9caniques","og_description":"R\u00e9paration m\u00e9canique de presses Heidelberg. Pi\u00e8ces de rechange en stock. Techniciens tr\u00e8s exp\u00e9riment\u00e9s et form\u00e9s en usine. Entreprise dirig\u00e9e par les propri\u00e9taires. T\u00e9l\u00e9phonez au 416\u00a0508-6673.","og_url":"http:\/\/www.jttpressworks.com\/fr\/services\/reparations-mecaniques\/","og_site_name":"JTT PRESSWORKS","article_modified_time":"2018-02-20T15:15:09+00:00","twitter_card":"summary_large_image","twitter_misc":{"Est. reading time":"4 minutes"},"schema":{"@context":"https:\/\/schema.org","@graph":[{"@type":"WebPage","@id":"http:\/\/www.jttpressworks.com\/fr\/services\/reparations-mecaniques\/","url":"http:\/\/www.jttpressworks.com\/fr\/services\/reparations-mecaniques\/","name":"R\u00e9paration m\u00e9canique de presses Heidelberg et pi\u00e8ces de rechange en stock","isPartOf":{"@id":"http:\/\/www.jttpressworks.com\/fr\/#website"},"datePublished":"2018-02-19T20:52:29+00:00","dateModified":"2018-02-20T15:15:09+00:00","description":"R\u00e9paration m\u00e9canique de presses Heidelberg. Pi\u00e8ces de rechange en stock. Techniciens tr\u00e8s exp\u00e9riment\u00e9s et form\u00e9s en usine. Entreprise dirig\u00e9e par les propri\u00e9taires. T\u00e9l\u00e9phonez au 416\u00a0508-6673.","breadcrumb":{"@id":"http:\/\/www.jttpressworks.com\/fr\/services\/reparations-mecaniques\/#breadcrumb"},"inLanguage":"fr-FR","potentialAction":[{"@type":"ReadAction","target":["http:\/\/www.jttpressworks.com\/fr\/services\/reparations-mecaniques\/"]}]},{"@type":"BreadcrumbList","@id":"http:\/\/www.jttpressworks.com\/fr\/services\/reparations-mecaniques\/#breadcrumb","itemListElement":[{"@type":"ListItem","position":1,"name":"Home","item":"http:\/\/www.jttpressworks.com\/fr\/"},{"@type":"ListItem","position":2,"name":"Services","item":"http:\/\/www.jttpressworks.com\/fr\/services\/"},{"@type":"ListItem","position":3,"name":"R\u00e9parations m\u00e9caniques"}]},{"@type":"WebSite","@id":"http:\/\/www.jttpressworks.com\/fr\/#website","url":"http:\/\/www.jttpressworks.com\/fr\/","name":"JTT PRESSWORKS","description":"We service and repair Heidelberg printing presses","publisher":{"@id":"http:\/\/www.jttpressworks.com\/fr\/#organization"},"potentialAction":[{"@type":"SearchAction","target":{"@type":"EntryPoint","urlTemplate":"http:\/\/www.jttpressworks.com\/fr\/?s={search_term_string}"},"query-input":"required name=search_term_string"}],"inLanguage":"fr-FR"},{"@type":"Organization","@id":"http:\/\/www.jttpressworks.com\/fr\/#organization","name":"JTT Pressworks","url":"http:\/\/www.jttpressworks.com\/fr\/","logo":{"@type":"ImageObject","inLanguage":"fr-FR","@id":"http:\/\/www.jttpressworks.com\/fr\/#\/schema\/logo\/image\/","url":"http:\/\/www.jttpressworks.com\/wp-content\/uploads\/JTTpressworks-logo.png","contentUrl":"http:\/\/www.jttpressworks.com\/wp-content\/uploads\/JTTpressworks-logo.png","width":2008,"height":358,"caption":"JTT Pressworks"},"image":{"@id":"http:\/\/www.jttpressworks.com\/fr\/#\/schema\/logo\/image\/"}}]}},"_links":{"self":[{"href":"http:\/\/www.jttpressworks.com\/fr\/wp-json\/wp\/v2\/pages\/1251"}],"collection":[{"href":"http:\/\/www.jttpressworks.com\/fr\/wp-json\/wp\/v2\/pages"}],"about":[{"href":"http:\/\/www.jttpressworks.com\/fr\/wp-json\/wp\/v2\/types\/page"}],"author":[{"embeddable":true,"href":"http:\/\/www.jttpressworks.com\/fr\/wp-json\/wp\/v2\/users\/1"}],"replies":[{"embeddable":true,"href":"http:\/\/www.jttpressworks.com\/fr\/wp-json\/wp\/v2\/comments?post=1251"}],"version-history":[{"count":10,"href":"http:\/\/www.jttpressworks.com\/fr\/wp-json\/wp\/v2\/pages\/1251\/revisions"}],"predecessor-version":[{"id":1364,"href":"http:\/\/www.jttpressworks.com\/fr\/wp-json\/wp\/v2\/pages\/1251\/revisions\/1364"}],"up":[{"embeddable":true,"href":"http:\/\/www.jttpressworks.com\/fr\/wp-json\/wp\/v2\/pages\/1190"}],"wp:attachment":[{"href":"http:\/\/www.jttpressworks.com\/fr\/wp-json\/wp\/v2\/media?parent=1251"}],"curies":[{"name":"wp","href":"https:\/\/api.w.org\/{rel}","templated":true}]}}