{"id":1221,"date":"2018-02-19T15:17:08","date_gmt":"2018-02-19T20:17:08","guid":{"rendered":"http:\/\/www.jttpressworks.com\/services\/reparation-durgence\/"},"modified":"2019-03-18T15:36:22","modified_gmt":"2019-03-18T19:36:22","slug":"reparation-urgence","status":"publish","type":"page","link":"http:\/\/www.jttpressworks.com\/fr\/services\/reparation-urgence\/","title":{"rendered":"R\u00e9paration d\u2019urgence"},"content":{"rendered":"<p>[et_pb_section fb_built=&#8221;1&#8243; fullwidth=&#8221;on&#8221; _builder_version=&#8221;3.0.47&#8243;][et_pb_fullwidth_image src=&#8221;http:\/\/www.jttpressworks.com\/wp-content\/uploads\/emerg-CCG_00007_XL106_1000_IMAGE_RATIO_2_8-1.jpg&#8221; _builder_version=&#8221;3.0.83&#8243; animation_style=&#8221;slide&#8221; animation_direction=&#8221;left&#8221; animation_duration=&#8221;500ms&#8221; animation_intensity_slide=&#8221;10%&#8221;][\/et_pb_fullwidth_image][\/et_pb_section][et_pb_section fb_built=&#8221;1&#8243; _builder_version=&#8221;3.0.80&#8243; custom_padding=&#8221;10px||10px|&#8221;][et_pb_row make_fullwidth=&#8221;on&#8221; custom_padding=&#8221;10px||0px|&#8221; custom_margin=&#8221;|||&#8221; background_position_1=&#8221;top_left&#8221; background_repeat_1=&#8221;no-repeat&#8221; padding_bottom_1=&#8221;NaNpx&#8221; _builder_version=&#8221;3.0.66&#8243; background_size=&#8221;initial&#8221; background_position=&#8221;top_left&#8221; background_repeat=&#8221;repeat&#8221;][et_pb_column type=&#8221;4_4&#8243; _builder_version=&#8221;3.0.47&#8243; padding_bottom=&#8221;NaNpx&#8221; parallax=&#8221;off&#8221; parallax_method=&#8221;on&#8221; background_position=&#8221;top_left&#8221; background_repeat=&#8221;no-repeat&#8221;][et_pb_text _builder_version=&#8221;3.0.87&#8243; header_text_color=&#8221;#0066ff&#8221; header_font_size=&#8221;48px&#8221; module_alignment=&#8221;left&#8221; custom_margin=&#8221;||1px|&#8221; border_style=&#8221;solid&#8221;]<\/p>\n<h1>R\u00c9PARATION D\u2019URGENCE DE PRESSES HEIDELBERG<\/h1>\n<p>[\/et_pb_text][et_pb_divider divider_weight=&#8221;5&#8243; height=&#8221;0&#8243; disabled_on=&#8221;on|on|off&#8221; _builder_version=&#8221;3.2&#8243;][\/et_pb_divider][et_pb_text _builder_version=&#8221;3.0.85&#8243;]<\/p>\n<h1>R\u00e9duisez le temps d\u2019arr\u00eat de votre presse. Appelez-nous pour vos r\u00e9parations urgentes.<\/h1>\n<p>[\/et_pb_text][\/et_pb_column][\/et_pb_row][et_pb_row make_fullwidth=&#8221;on&#8221; _builder_version=&#8221;3.0.80&#8243;][et_pb_column type=&#8221;2_3&#8243; _builder_version=&#8221;3.0.47&#8243; parallax=&#8221;off&#8221; parallax_method=&#8221;on&#8221;][et_pb_text _builder_version=&#8221;3.19.5&#8243; custom_margin=&#8221;0px|0px|0px|0px&#8221; border_style=&#8221;solid&#8221;]<\/p>\n<h2>Vous pouvez compter sur notre exp\u00e9rience et notre expertise.<\/h2>\n<p>En cas d\u2019urgence, vous pouvez compter sur JTT\u00a0Pressworks pour r\u00e9parer votre presse \u00e0 imprimer Heidelberg.\u00a0<a href=\"..\/..\/a-propos-de\/\">Les trois propri\u00e9taires-exploitants de notre entreprise<\/a> sont des techniciens form\u00e9s par Heidelberg. Ils se distinguent par leurs longues ann\u00e9es d\u2019exp\u00e9rience, leurs vastes connaissances et leurs comp\u00e9tences pouss\u00e9es. Nous pouvons diagnostiquer et corriger les probl\u00e8mes m\u00e9caniques et \u00e9lectriques de vos presses en cas d\u2019urgence ou dans le cadre d\u2019un programme de soutien et d\u2019entretien r\u00e9gulier.<\/p>\n<h2>Assistance en personne ou \u00e0 distance<\/h2>\n<p>JTT\u00a0Pressworks peut vous offrir de l\u2019aide en personne ou \u00e0 distance.\u00a0<a href=\"http:\/\/www.jttpressworks.com\/fr\/coordonnees\/\">Notre bureau et notre atelier sont situ\u00e9s \u00e0 Toronto (Ontario)<\/a>; nous pouvons donc facilement nous rendre en personne dans tout le sud-ouest de l\u2019Ontario, dans le Golden Horseshoe, dans l\u2019est de l\u2019Ontario et au Qu\u00e9bec. Nous effectuons des r\u00e9parations d\u2019urgence de presses Heidelberg partout au Canada et aux \u00c9tats-Unis. Pour les demandes de service \u00e0 distance, nous utilisons des technologies telles que la messagerie texte, les photos et les vid\u00e9os pour cerner le probl\u00e8me et pour vous expliquer comment y rem\u00e9dier.<\/p>\n<h2>Service rapide, aucun contrat de service requis<\/h2>\n<p>Nous diagnostiquons et r\u00e9parons rapidement votre presse d\u00e9faillante sans exiger de contrat de service. Nous traitons en priorit\u00e9 les r\u00e9parations les plus urgentes de nos clients. Nos clients fid\u00e8les le comprennent, car ils se sont, eux aussi, trouv\u00e9s dans cette situation. Vous aimerez sans doute aussi le fait de ne pas avoir \u00e0 souscrire un contrat de service pour vous assurer d\u2019obtenir un service rapide en cas de temps d\u2019arr\u00eat.<\/p>\n<p>La plupart du temps, nous savons <strong>exactement<\/strong> ce qui est probl\u00e9matique dans votre presse. En personne ou \u00e0 distance, nous travaillons avec vous pour mettre rapidement en place une solution temporaire en attendant la r\u00e9paration permanente.<\/p>\n<h2>Nous avons des pi\u00e8ces de rechange et des consommables en stock<\/h2>\n<p>Pour acc\u00e9l\u00e9rer les r\u00e9parations et maximiser le temps de disponibilit\u00e9 de votre presse, <a href=\"..\/..\/pieces\/\">nous tenons des stocks de pi\u00e8ces de rechange<\/a> et de <a href=\"..\/..\/consommables\/\">consommables<\/a> pour un grand nombre de r\u00e9parations courantes des presses Heidelberg. Nous cernerons le probl\u00e8me et fournirons imm\u00e9diatement la pi\u00e8ce requise. Gr\u00e2ce \u00e0 nos ann\u00e9es d\u2019exp\u00e9rience sur ces machines, nous savons quels sont les probl\u00e8mes fr\u00e9quents et quelles pi\u00e8ces se brisent, et nous avons les pi\u00e8ces ou les capacit\u00e9s voulues pour les r\u00e9parer.<\/p>\n<h2>Clients fid\u00e8les<\/h2>\n<p>Les directeurs de la production et les conducteurs de presse qui font appel \u00e0 nous pour une r\u00e9paration urgente deviennent souvent des clients r\u00e9guliers. Ils disent que la qualit\u00e9 et la capacit\u00e9 d\u2019adaptation de notre service de r\u00e9paration d\u2019urgence de presse Heidelberg les ont convaincus de <a href=\"..\/entretien\/\">nous en confier la maintenance et l\u2019entretien courant<\/a>.<\/p>\n<p>En fait, nous n\u2019avons que des clients fid\u00e8les, car nous sommes fiables, honn\u00eates et d\u00e9brouillards. Nous faisons un travail de qualit\u00e9 sup\u00e9rieure pour moins cher et nous fournissons toujours un excellent service. En tant qu\u2019entreprise ind\u00e9pendante, nous avons \u00e0 c\u0153ur d\u2019aider nos clients \u00e0 garder leurs presses en bon \u00e9tat de marche.<\/p>\n<p>[\/et_pb_text][\/et_pb_column][et_pb_column type=&#8221;1_3&#8243; _builder_version=&#8221;3.0.47&#8243; parallax=&#8221;off&#8221; parallax_method=&#8221;on&#8221;][et_pb_testimonial author=&#8221;Paul Siriopoulos&#8221; job_title=&#8221;Vice-pr\u00e9sident de l\u2019exploitation&#8221; company_name=&#8221;Tower Litho&#8221; url=&#8221;http:\/\/towerlitho.ca\/&#8221; url_new_window=&#8221;on&#8221; quote_icon_color=&#8221;#0066ff&#8221; quote_icon_background_color=&#8221;#ffffff&#8221; _builder_version=&#8221;3.2&#8243; body_text_color=&#8221;#595959&#8243; use_background_color=&#8221;off&#8221; border_width_all=&#8221;4px&#8221; border_color_all=&#8221;#0066ff&#8221; border_style_all=&#8221;solid&#8221; custom_margin=&#8221;|||&#8221; custom_padding=&#8221;50px|40px|40px|40px&#8221; use_border_color=&#8221;on&#8221; border_color=&#8221;#0066ff&#8221; border_width=&#8221;4px&#8221;]<em>\u00ab\u00a0Je fais confiance a JTT\u00a0Pressworks depuis plus de 10\u00a0ans pour les pi\u00e8ces et l\u2019entretien de mes presses Heidelberg.\u00a0 L\u2019excellence du service de cette entreprise transpara\u00eet dans la rapidit\u00e9 de ses interventions et jusque dans son suivi.\u00a0 Des techniciens experts, des pi\u00e8ces d\u2019origine et m\u00eame d\u2019excellents conseils. Je n\u2019h\u00e9site jamais \u00e0 recommander JTT \u00e0 quiconque recherche un service fiable et honn\u00eate.\u00a0\u00bb<\/em><br \/>\n[\/et_pb_testimonial][\/et_pb_column][\/et_pb_row][\/et_pb_section][et_pb_section fb_built=&#8221;1&#8243; _builder_version=&#8221;3.0.80&#8243;][\/et_pb_section][et_pb_section fb_built=&#8221;1&#8243; _builder_version=&#8221;3.0.83&#8243; background_color=&#8221;#0066ff&#8221;][et_pb_row make_fullwidth=&#8221;on&#8221; _builder_version=&#8221;3.0.83&#8243;][et_pb_column type=&#8221;4_4&#8243; _builder_version=&#8221;3.0.47&#8243; parallax=&#8221;off&#8221; parallax_method=&#8221;on&#8221;][et_pb_text _builder_version=&#8221;3.0.93&#8243; header_text_align=&#8221;center&#8221; header_font_size=&#8221;44px&#8221; header_letter_spacing=&#8221;1px&#8221; header_line_height=&#8221;1.2em&#8221; background_layout=&#8221;dark&#8221; custom_margin=&#8221;40px|||&#8221;]<\/p>\n<h1 style=\"text-align: center;\">Besoin d\u2019aide pour trouver une pi\u00e8ce?<\/h1>\n<p>[\/et_pb_text][et_pb_button button_url=&#8221;http:\/\/www.jttpressworks.com\/fr\/pieces\/&#8221; button_text=&#8221;DEMANDEZ-NOUS-LA!&#8221; button_alignment=&#8221;center&#8221; _builder_version=&#8221;3.16&#8243; custom_button=&#8221;on&#8221; button_text_size=&#8221;21&#8243; button_text_color=&#8221;#f8f8f8&#8243; button_border_width=&#8221;3px&#8221; button_border_color=&#8221;#f8f8f8&#8243; button_border_radius=&#8221;3px&#8221; button_letter_spacing=&#8221;1px&#8221; button_font=&#8221;|||on|||||&#8221; button_use_icon=&#8221;off&#8221; custom_margin=&#8221;||40px|&#8221; custom_padding=&#8221;20px|20px|20px|20px&#8221; saved_tabs=&#8221;all&#8221; button_text_size__hover_enabled=&#8221;off&#8221; button_one_text_size__hover_enabled=&#8221;off&#8221; button_two_text_size__hover_enabled=&#8221;off&#8221; button_text_color__hover_enabled=&#8221;off&#8221; button_one_text_color__hover_enabled=&#8221;off&#8221; button_two_text_color__hover_enabled=&#8221;off&#8221; button_border_width__hover_enabled=&#8221;off&#8221; button_one_border_width__hover_enabled=&#8221;off&#8221; button_two_border_width__hover_enabled=&#8221;off&#8221; button_border_color__hover_enabled=&#8221;off&#8221; button_one_border_color__hover_enabled=&#8221;off&#8221; button_two_border_color__hover_enabled=&#8221;off&#8221; button_border_radius__hover_enabled=&#8221;off&#8221; button_one_border_radius__hover_enabled=&#8221;off&#8221; button_two_border_radius__hover_enabled=&#8221;off&#8221; button_letter_spacing__hover_enabled=&#8221;off&#8221; button_one_letter_spacing__hover_enabled=&#8221;off&#8221; button_two_letter_spacing__hover_enabled=&#8221;off&#8221; button_bg_color__hover_enabled=&#8221;off&#8221; button_one_bg_color__hover_enabled=&#8221;off&#8221; button_two_bg_color__hover_enabled=&#8221;off&#8221;][\/et_pb_button][\/et_pb_column][\/et_pb_row][\/et_pb_section]<\/p>\n","protected":false},"excerpt":{"rendered":"<p>R\u00c9PARATION D\u2019URGENCE DE PRESSES HEIDELBERGR\u00e9duisez le temps d\u2019arr\u00eat de votre presse. Appelez-nous pour vos r\u00e9parations urgentes. Vous pouvez compter sur notre exp\u00e9rience et notre expertise. En cas d\u2019urgence, vous pouvez compter sur JTT\u00a0Pressworks pour r\u00e9parer votre presse \u00e0 imprimer Heidelberg.\u00a0Les trois propri\u00e9taires-exploitants de notre entreprise sont des techniciens form\u00e9s par Heidelberg. Ils se distinguent par [&hellip;]<\/p>\n","protected":false},"author":1,"featured_media":0,"parent":1190,"menu_order":0,"comment_status":"closed","ping_status":"closed","template":"","meta":{"_et_pb_use_builder":"on","_et_pb_old_content":"","_et_gb_content_width":""},"yoast_head":"<!-- This site is optimized with the Yoast SEO Premium plugin v20.11 (Yoast SEO v20.11) - https:\/\/yoast.com\/wordpress\/plugins\/seo\/ -->\n<title>R\u00e9paration d\u2019urgence de presses Heidelberg \u2013 priorit\u00e9 aux cas urgents<\/title>\n<meta name=\"description\" content=\"R\u00e9paration rapide de presse Heidelberg en cas d\u2019urgence, sur place ou \u00e0 distance, par une entreprise de confiance dirig\u00e9e par les propri\u00e9taires. Priorit\u00e9 aux cas urgents et non aux d\u00e9tenteurs de contrats de service\" \/>\n<meta name=\"robots\" content=\"index, follow, max-snippet:-1, max-image-preview:large, max-video-preview:-1\" \/>\n<link rel=\"canonical\" href=\"http:\/\/www.jttpressworks.com\/fr\/services\/reparation-urgence\/\" \/>\n<meta property=\"og:locale\" content=\"fr_FR\" \/>\n<meta property=\"og:type\" content=\"article\" \/>\n<meta property=\"og:title\" content=\"R\u00e9paration d\u2019urgence\" \/>\n<meta property=\"og:description\" content=\"R\u00e9paration rapide de presse Heidelberg en cas d\u2019urgence, sur place ou \u00e0 distance, par une entreprise de confiance dirig\u00e9e par les propri\u00e9taires. Priorit\u00e9 aux cas urgents et non aux d\u00e9tenteurs de contrats de service\" \/>\n<meta property=\"og:url\" content=\"http:\/\/www.jttpressworks.com\/fr\/services\/reparation-urgence\/\" \/>\n<meta property=\"og:site_name\" content=\"JTT PRESSWORKS\" \/>\n<meta property=\"article:modified_time\" content=\"2019-03-18T19:36:22+00:00\" \/>\n<meta name=\"twitter:card\" content=\"summary_large_image\" \/>\n<meta name=\"twitter:label1\" content=\"Est. reading time\" \/>\n\t<meta name=\"twitter:data1\" content=\"6 minutes\" \/>\n<script type=\"application\/ld+json\" class=\"yoast-schema-graph\">{\"@context\":\"https:\/\/schema.org\",\"@graph\":[{\"@type\":\"WebPage\",\"@id\":\"http:\/\/www.jttpressworks.com\/fr\/services\/reparation-urgence\/\",\"url\":\"http:\/\/www.jttpressworks.com\/fr\/services\/reparation-urgence\/\",\"name\":\"R\u00e9paration d\u2019urgence de presses Heidelberg \u2013 priorit\u00e9 aux cas urgents\",\"isPartOf\":{\"@id\":\"http:\/\/www.jttpressworks.com\/fr\/#website\"},\"datePublished\":\"2018-02-19T20:17:08+00:00\",\"dateModified\":\"2019-03-18T19:36:22+00:00\",\"description\":\"R\u00e9paration rapide de presse Heidelberg en cas d\u2019urgence, sur place ou \u00e0 distance, par une entreprise de confiance dirig\u00e9e par les propri\u00e9taires. Priorit\u00e9 aux cas urgents et non aux d\u00e9tenteurs de contrats de service\",\"breadcrumb\":{\"@id\":\"http:\/\/www.jttpressworks.com\/fr\/services\/reparation-urgence\/#breadcrumb\"},\"inLanguage\":\"fr-FR\",\"potentialAction\":[{\"@type\":\"ReadAction\",\"target\":[\"http:\/\/www.jttpressworks.com\/fr\/services\/reparation-urgence\/\"]}]},{\"@type\":\"BreadcrumbList\",\"@id\":\"http:\/\/www.jttpressworks.com\/fr\/services\/reparation-urgence\/#breadcrumb\",\"itemListElement\":[{\"@type\":\"ListItem\",\"position\":1,\"name\":\"Home\",\"item\":\"http:\/\/www.jttpressworks.com\/fr\/\"},{\"@type\":\"ListItem\",\"position\":2,\"name\":\"Services\",\"item\":\"http:\/\/www.jttpressworks.com\/fr\/services\/\"},{\"@type\":\"ListItem\",\"position\":3,\"name\":\"R\u00e9paration d\u2019urgence\"}]},{\"@type\":\"WebSite\",\"@id\":\"http:\/\/www.jttpressworks.com\/fr\/#website\",\"url\":\"http:\/\/www.jttpressworks.com\/fr\/\",\"name\":\"JTT PRESSWORKS\",\"description\":\"We service and repair Heidelberg printing presses\",\"publisher\":{\"@id\":\"http:\/\/www.jttpressworks.com\/fr\/#organization\"},\"potentialAction\":[{\"@type\":\"SearchAction\",\"target\":{\"@type\":\"EntryPoint\",\"urlTemplate\":\"http:\/\/www.jttpressworks.com\/fr\/?s={search_term_string}\"},\"query-input\":\"required name=search_term_string\"}],\"inLanguage\":\"fr-FR\"},{\"@type\":\"Organization\",\"@id\":\"http:\/\/www.jttpressworks.com\/fr\/#organization\",\"name\":\"JTT Pressworks\",\"url\":\"http:\/\/www.jttpressworks.com\/fr\/\",\"logo\":{\"@type\":\"ImageObject\",\"inLanguage\":\"fr-FR\",\"@id\":\"http:\/\/www.jttpressworks.com\/fr\/#\/schema\/logo\/image\/\",\"url\":\"http:\/\/www.jttpressworks.com\/wp-content\/uploads\/JTTpressworks-logo.png\",\"contentUrl\":\"http:\/\/www.jttpressworks.com\/wp-content\/uploads\/JTTpressworks-logo.png\",\"width\":2008,\"height\":358,\"caption\":\"JTT Pressworks\"},\"image\":{\"@id\":\"http:\/\/www.jttpressworks.com\/fr\/#\/schema\/logo\/image\/\"}}]}<\/script>\n<!-- \/ Yoast SEO Premium plugin. -->","yoast_head_json":{"title":"R\u00e9paration d\u2019urgence de presses Heidelberg \u2013 priorit\u00e9 aux cas urgents","description":"R\u00e9paration rapide de presse Heidelberg en cas d\u2019urgence, sur place ou \u00e0 distance, par une entreprise de confiance dirig\u00e9e par les propri\u00e9taires. Priorit\u00e9 aux cas urgents et non aux d\u00e9tenteurs de contrats de service","robots":{"index":"index","follow":"follow","max-snippet":"max-snippet:-1","max-image-preview":"max-image-preview:large","max-video-preview":"max-video-preview:-1"},"canonical":"http:\/\/www.jttpressworks.com\/fr\/services\/reparation-urgence\/","og_locale":"fr_FR","og_type":"article","og_title":"R\u00e9paration d\u2019urgence","og_description":"R\u00e9paration rapide de presse Heidelberg en cas d\u2019urgence, sur place ou \u00e0 distance, par une entreprise de confiance dirig\u00e9e par les propri\u00e9taires. Priorit\u00e9 aux cas urgents et non aux d\u00e9tenteurs de contrats de service","og_url":"http:\/\/www.jttpressworks.com\/fr\/services\/reparation-urgence\/","og_site_name":"JTT PRESSWORKS","article_modified_time":"2019-03-18T19:36:22+00:00","twitter_card":"summary_large_image","twitter_misc":{"Est. reading time":"6 minutes"},"schema":{"@context":"https:\/\/schema.org","@graph":[{"@type":"WebPage","@id":"http:\/\/www.jttpressworks.com\/fr\/services\/reparation-urgence\/","url":"http:\/\/www.jttpressworks.com\/fr\/services\/reparation-urgence\/","name":"R\u00e9paration d\u2019urgence de presses Heidelberg \u2013 priorit\u00e9 aux cas urgents","isPartOf":{"@id":"http:\/\/www.jttpressworks.com\/fr\/#website"},"datePublished":"2018-02-19T20:17:08+00:00","dateModified":"2019-03-18T19:36:22+00:00","description":"R\u00e9paration rapide de presse Heidelberg en cas d\u2019urgence, sur place ou \u00e0 distance, par une entreprise de confiance dirig\u00e9e par les propri\u00e9taires. Priorit\u00e9 aux cas urgents et non aux d\u00e9tenteurs de contrats de service","breadcrumb":{"@id":"http:\/\/www.jttpressworks.com\/fr\/services\/reparation-urgence\/#breadcrumb"},"inLanguage":"fr-FR","potentialAction":[{"@type":"ReadAction","target":["http:\/\/www.jttpressworks.com\/fr\/services\/reparation-urgence\/"]}]},{"@type":"BreadcrumbList","@id":"http:\/\/www.jttpressworks.com\/fr\/services\/reparation-urgence\/#breadcrumb","itemListElement":[{"@type":"ListItem","position":1,"name":"Home","item":"http:\/\/www.jttpressworks.com\/fr\/"},{"@type":"ListItem","position":2,"name":"Services","item":"http:\/\/www.jttpressworks.com\/fr\/services\/"},{"@type":"ListItem","position":3,"name":"R\u00e9paration d\u2019urgence"}]},{"@type":"WebSite","@id":"http:\/\/www.jttpressworks.com\/fr\/#website","url":"http:\/\/www.jttpressworks.com\/fr\/","name":"JTT PRESSWORKS","description":"We service and repair Heidelberg printing presses","publisher":{"@id":"http:\/\/www.jttpressworks.com\/fr\/#organization"},"potentialAction":[{"@type":"SearchAction","target":{"@type":"EntryPoint","urlTemplate":"http:\/\/www.jttpressworks.com\/fr\/?s={search_term_string}"},"query-input":"required name=search_term_string"}],"inLanguage":"fr-FR"},{"@type":"Organization","@id":"http:\/\/www.jttpressworks.com\/fr\/#organization","name":"JTT Pressworks","url":"http:\/\/www.jttpressworks.com\/fr\/","logo":{"@type":"ImageObject","inLanguage":"fr-FR","@id":"http:\/\/www.jttpressworks.com\/fr\/#\/schema\/logo\/image\/","url":"http:\/\/www.jttpressworks.com\/wp-content\/uploads\/JTTpressworks-logo.png","contentUrl":"http:\/\/www.jttpressworks.com\/wp-content\/uploads\/JTTpressworks-logo.png","width":2008,"height":358,"caption":"JTT Pressworks"},"image":{"@id":"http:\/\/www.jttpressworks.com\/fr\/#\/schema\/logo\/image\/"}}]}},"_links":{"self":[{"href":"http:\/\/www.jttpressworks.com\/fr\/wp-json\/wp\/v2\/pages\/1221"}],"collection":[{"href":"http:\/\/www.jttpressworks.com\/fr\/wp-json\/wp\/v2\/pages"}],"about":[{"href":"http:\/\/www.jttpressworks.com\/fr\/wp-json\/wp\/v2\/types\/page"}],"author":[{"embeddable":true,"href":"http:\/\/www.jttpressworks.com\/fr\/wp-json\/wp\/v2\/users\/1"}],"replies":[{"embeddable":true,"href":"http:\/\/www.jttpressworks.com\/fr\/wp-json\/wp\/v2\/comments?post=1221"}],"version-history":[{"count":25,"href":"http:\/\/www.jttpressworks.com\/fr\/wp-json\/wp\/v2\/pages\/1221\/revisions"}],"predecessor-version":[{"id":1420,"href":"http:\/\/www.jttpressworks.com\/fr\/wp-json\/wp\/v2\/pages\/1221\/revisions\/1420"}],"up":[{"embeddable":true,"href":"http:\/\/www.jttpressworks.com\/fr\/wp-json\/wp\/v2\/pages\/1190"}],"wp:attachment":[{"href":"http:\/\/www.jttpressworks.com\/fr\/wp-json\/wp\/v2\/media?parent=1221"}],"curies":[{"name":"wp","href":"https:\/\/api.w.org\/{rel}","templated":true}]}}