{"id":1190,"date":"2018-01-29T15:33:21","date_gmt":"2018-01-29T20:33:21","guid":{"rendered":"http:\/\/www.jttpressworks.com\/services\/"},"modified":"2018-02-26T09:08:51","modified_gmt":"2018-02-26T14:08:51","slug":"services","status":"publish","type":"page","link":"http:\/\/www.jttpressworks.com\/fr\/services\/","title":{"rendered":"Services"},"content":{"rendered":"<p>[et_pb_section fb_built=&#8221;1&#8243; fullwidth=&#8221;on&#8221; _builder_version=&#8221;3.0.66&#8243;][et_pb_fullwidth_image src=&#8221;http:\/\/www.jttpressworks.com\/wp-content\/uploads\/services-short.jpg&#8221; _builder_version=&#8221;3.0.83&#8243; animation_style=&#8221;slide&#8221; animation_direction=&#8221;left&#8221; animation_duration=&#8221;500ms&#8221; animation_intensity_slide=&#8221;10%&#8221;][\/et_pb_fullwidth_image][\/et_pb_section][et_pb_section fb_built=&#8221;1&#8243; _builder_version=&#8221;3.0.47&#8243;][et_pb_row make_fullwidth=&#8221;on&#8221; custom_padding=&#8221;10px||0px|&#8221; custom_margin=&#8221;|||&#8221; padding_bottom_1=&#8221;NaNpx&#8221; background_position_1=&#8221;top_left&#8221; background_repeat_1=&#8221;no-repeat&#8221; _builder_version=&#8221;3.0.66&#8243;][et_pb_column type=&#8221;4_4&#8243; _builder_version=&#8221;3.0.47&#8243; padding_bottom=&#8221;NaNpx&#8221; parallax=&#8221;off&#8221; parallax_method=&#8221;on&#8221; background_position=&#8221;top_left&#8221; background_repeat=&#8221;no-repeat&#8221;][et_pb_text _builder_version=&#8221;3.0.93&#8243; header_font_size=&#8221;48px&#8221; header_text_color=&#8221;#0066ff&#8221; custom_margin=&#8221;||1px|&#8221;]<\/p>\n<h1>SERVICES<\/h1>\n<p>[\/et_pb_text][et_pb_divider color=&#8221;#0066ff&#8221; show_divider=&#8221;on&#8221; divider_weight=&#8221;5&#8243; height=&#8221;0&#8243; disabled_on=&#8221;on|on|off&#8221; _builder_version=&#8221;3.0.66&#8243;][\/et_pb_divider][\/et_pb_column][\/et_pb_row][\/et_pb_section][et_pb_section fb_built=&#8221;1&#8243; _builder_version=&#8221;3.0.80&#8243;][et_pb_row use_custom_gutter=&#8221;on&#8221; gutter_width=&#8221;0&#8243; custom_padding=&#8221;0px|0px|0px|0px&#8221; make_equal=&#8221;on&#8221; background_color=&#8221;#f8f8f8&#8243; _builder_version=&#8221;3.0.80&#8243; module_alignment=&#8221;center&#8221;][et_pb_column type=&#8221;1_2&#8243; _builder_version=&#8221;3.0.47&#8243; parallax=&#8221;off&#8221; parallax_method=&#8221;on&#8221;][et_pb_text _builder_version=&#8221;3.0.93&#8243; background_color=&#8221;#f8f8f8&#8243; custom_margin=&#8221;0px|0px|0px|0px&#8221; custom_padding=&#8221;10px|15px|15px|15px&#8221; custom_padding_last_edited=&#8221;on|&#8221;]<\/p>\n<div class=\"et_pb_text et_pb_module et_pb_bg_layout_light et_pb_text_align_left et_pb_text_17\">\n<div class=\"et_pb_text_inner\">\n<h2 class=\"WCDH2\"><strong>Nos services<\/strong><\/h2>\n<p>Vous pouvez compter sur JTT\u00a0Presswork pour l\u2019entretien de presses \u00e0 imprimer Heidelberg par des techniciens d\u2019exp\u00e9rience form\u00e9s en usine. Nous pouvons vous aider en cas d\u2019urgence, ou encore pour le soutien, la maintenance et l\u2019entretien courant. Et si vous avez besoin de conseils d\u2019experts ou d\u2019information sur les presses \u00e0 imprimer Heidelberg, nous offrons \u00e9galement des services consultation. <a href=\"..\/a-propos-de\/\">En savoir plus sur nous.<\/a><\/p>\n<\/div>\n<\/div>\n<p>[\/et_pb_text][\/et_pb_column][et_pb_column type=&#8221;1_2&#8243; _builder_version=&#8221;3.0.47&#8243; parallax=&#8221;off&#8221; parallax_method=&#8221;on&#8221;][et_pb_text _builder_version=&#8221;3.0.98&#8243; background_color=&#8221;#dbdbdb&#8221; custom_margin=&#8221;0px|0px|0px|0px&#8221; custom_padding=&#8221;25px|50px|50px|50px&#8221; custom_padding_tablet=&#8221;10px|15px|15px|15px&#8221; custom_padding_last_edited=&#8221;on|tablet&#8221;]<\/p>\n<h2><strong>R\u00e9paration d\u2019urgence<\/strong><\/h2>\n<p>Quand une r\u00e9paration d\u2019urgence s\u2019impose, la rapidit\u00e9 et l\u2019expertise sont essentielles. Si votre presse Heidelberg cesse de fonctionner, nous pouvons la r\u00e9parer d\u2019urgence, sur place ou \u00e0 distance. L\u2019exp\u00e9rience nous a appris quelles pi\u00e8ces sont plus susceptibles d\u2019\u00eatre d\u00e9fectueuses, et nous en gardons en stock. Vous n\u2019avez donc pas \u00e0 attendre la livraison \u00e0 partir d\u2019un seul entrep\u00f4t pour toute l\u2019Am\u00e9rique du Nord. Et nous offrons ces pi\u00e8ces \u00e0 prix concurrentiel. Vous pouvez r\u00e9duire le temps d\u2019arr\u00eat de votre presse en faisant appel \u00e0 nous pour <a href=\"http:\/\/www.jttpressworks.com\/fr\/services\/reparation-urgence\/\">vos r\u00e9parations urgentes de presse Heidelberg<\/a>\u00a0at 1-800-830-9000.<\/p>\n<p>[\/et_pb_text][\/et_pb_column][\/et_pb_row][et_pb_row use_custom_gutter=&#8221;on&#8221; gutter_width=&#8221;0&#8243; custom_padding=&#8221;0px|0px|0px|0px&#8221; make_equal=&#8221;on&#8221; background_color=&#8221;#dbdbdb&#8221; _builder_version=&#8221;3.0.80&#8243; module_alignment=&#8221;center&#8221;][et_pb_column type=&#8221;1_2&#8243; _builder_version=&#8221;3.0.47&#8243; parallax=&#8221;off&#8221; parallax_method=&#8221;on&#8221;][et_pb_text _builder_version=&#8221;3.0.93&#8243; background_color=&#8221;#dbdbdb&#8221; custom_margin=&#8221;0px|0px|0px|0px&#8221; custom_padding=&#8221;50px|50px|50px|50px&#8221; custom_padding_tablet=&#8221;10px|15px|15px|15px&#8221; custom_padding_last_edited=&#8221;on|tablet&#8221;]<\/p>\n<div class=\"et_pb_text et_pb_module et_pb_bg_layout_light et_pb_text_align_left et_pb_text_17\">\n<div class=\"et_pb_text_inner\">\n<h2><strong>R\u00e9parations m\u00e9caniques<\/strong><\/h2>\n<p>Divers remplacements, r\u00e9glages ou <a href=\"reparations-mecaniques\/\">r\u00e9parations m\u00e9caniques<\/a> peuvent \u00eatre n\u00e9cessaires pour votre presse Heidelberg. Nous travaillons avec vous, sur place ou \u00e0 distance, pour cerner la cause des probl\u00e8mes et y rem\u00e9dier. Nous d\u00e9couvrirons peut-\u00eatre que vous avez besoin de <a href=\"..\/pieces\/\">pi\u00e8ces de rechange<\/a> ou de <a href=\"..\/consommables\/\">consommables<\/a> courants. Si c\u2019est le cas,il est fort possible que nous les ayons en stock.<\/p>\n<\/div>\n<\/div>\n<p>[\/et_pb_text][\/et_pb_column][et_pb_column type=&#8221;1_2&#8243; _builder_version=&#8221;3.0.47&#8243; parallax=&#8221;off&#8221; parallax_method=&#8221;on&#8221;][et_pb_text _builder_version=&#8221;3.0.93&#8243; background_color=&#8221;#f8f8f8&#8243; custom_margin=&#8221;0px|0px|0px|0px&#8221; custom_padding=&#8221;50px|50px|50px|50px&#8221; custom_padding_tablet=&#8221;10px|15px|15px|15px&#8221; custom_padding_last_edited=&#8221;on|tablet&#8221;]<\/p>\n<h2><strong>R\u00e9parations \u00e9lectriques et \u00e9lectroniques<\/strong><\/h2>\n<p>Lorsque des r\u00e9parations sont requises, les probl\u00e8mes des syst\u00e8mes \u00e9lectriques et \u00e9lectroniques des presses \u00e0 imprimer Heidelberg peuvent sembler insurmontables aux op\u00e9rateurs des presses et \u00e0 leurs sup\u00e9rieurs. JTT\u00a0Pressworks emploie des techniciens form\u00e9s en usine ayant \u00e0 leur actif de nombreuses ann\u00e9es d\u2019exp\u00e9rience. Ils peuvent diagnostiquer les nombreux types possibles de d\u00e9faillances dans les syst\u00e8mes et sous-syst\u00e8mes des presses, et r\u00e9tablir le fonctionnement optimal de ces derni\u00e8res. <a href=\"reparations-electriques-et-electroniques\/\">En savoir plus sur les r\u00e9parations \u00e9lectriques et \u00e9lectroniques de votre presse.<\/a><\/p>\n<p>[\/et_pb_text][\/et_pb_column][\/et_pb_row][et_pb_row use_custom_gutter=&#8221;on&#8221; gutter_width=&#8221;0&#8243; custom_padding=&#8221;0px|0px|0px|0px&#8221; make_equal=&#8221;on&#8221; background_color=&#8221;#f8f8f8&#8243; _builder_version=&#8221;3.0.80&#8243; module_alignment=&#8221;center&#8221;][et_pb_column type=&#8221;1_2&#8243; _builder_version=&#8221;3.0.47&#8243; parallax=&#8221;off&#8221; parallax_method=&#8221;on&#8221;][et_pb_text _builder_version=&#8221;3.0.83&#8243; background_color=&#8221;#f8f8f8&#8243; custom_margin=&#8221;0px|0px|0px|0px&#8221; custom_padding=&#8221;25px|50px|50px|50px&#8221; custom_padding_tablet=&#8221;10px|15px|15px|15px&#8221; custom_padding_last_edited=&#8221;on|tablet&#8221;]<\/p>\n<h2><strong>Entretien<\/strong><\/h2>\n<p>Les \u00e9quipes d\u2019impression le savent, les presses Heidelberg sont des machines complexes, et la pr\u00e9cision est essentielle. Votre presse doit \u00eatre entretenue pour bien fonctionner. Nous offrons un service exhaustif et minutieux\u00a0<a href=\"entretien\/\">d\u2019entretien de presse \u00e0 imprimer Heidelberg<\/a> effectu\u00e9 par des professionnels de l\u2019imprimerie ayant une grande exp\u00e9rience de travail avec des presses \u00e0 imprimer, et non de simples nettoyeurs qui suivent une liste de v\u00e9rification. L\u2019entretien de votre presse est fait chaque mois en fonction du mod\u00e8le. Le travail se fait en dehors de vos heures de travail (la fin de semaine, par exemple). Nous ne vous demandons pas de vous adapter \u00e0 notre horaire.<\/p>\n<p>[\/et_pb_text][\/et_pb_column][et_pb_column type=&#8221;1_2&#8243; _builder_version=&#8221;3.0.47&#8243; parallax=&#8221;off&#8221; parallax_method=&#8221;on&#8221;][et_pb_text _builder_version=&#8221;3.0.93&#8243; background_color=&#8221;#dbdbdb&#8221; custom_margin=&#8221;0px|0px|0px|0px&#8221; custom_padding=&#8221;50px|50px|50px|50px&#8221; custom_padding_tablet=&#8221;10px|15px|15px|15px&#8221; custom_padding_last_edited=&#8221;on|tablet&#8221;]<\/p>\n<div class=\"et_pb_text et_pb_module et_pb_bg_layout_light et_pb_text_align_left et_pb_text_17\">\n<div class=\"et_pb_text_inner\">\n<h2><strong>Consultation et services sp\u00e9cialis\u00e9s<\/strong><\/h2>\n<p>Il peut arriver que vous ayez besoin de <a href=\"consultation\/\">services sp\u00e9cialis\u00e9s, de conseils ou de services de consultation<\/a> pour votre presse Heidelberg. Nous aidons souvent nos clients pour les points suivants\u00a0:<\/p>\n<ul>\n<li>D\u00e9pannage li\u00e9 \u00e0 l\u2019impression<\/li>\n<li>R\u00e9clamations d\u2019assurance-accidents<\/li>\n<li>D\u00e9m\u00e9nagement d\u2019usine<\/li>\n<li>Achat d\u2019\u00e9quipement d\u2019occasion<\/li>\n<li>V\u00e9rification de presse<\/li>\n<li>Installation d\u2019\u00e9quipement d\u2019occasion<\/li>\n<\/ul>\n<\/div>\n<\/div>\n<p>[\/et_pb_text][\/et_pb_column][\/et_pb_row][\/et_pb_section][et_pb_section fb_built=&#8221;1&#8243; background_color=&#8221;#dbdbdb&#8221; _builder_version=&#8221;3.0.83&#8243; custom_margin=&#8221;0px|0px|0px|0px&#8221; custom_padding=&#8221;44px|0px|40px|0px&#8221;][et_pb_row custom_padding=&#8221;0px|0px|0px|0px&#8221; background_color=&#8221;#f8f8f8&#8243; _builder_version=&#8221;3.0.79&#8243; background_size=&#8221;initial&#8221; background_position=&#8221;top_left&#8221; background_repeat=&#8221;repeat&#8221;][et_pb_column type=&#8221;4_4&#8243; _builder_version=&#8221;3.0.47&#8243; parallax=&#8221;off&#8221; parallax_method=&#8221;on&#8221;][et_pb_testimonial author=&#8221;Paul Houde&#8221; job_title=&#8221;Directeur de la production de mat\u00e9riel de marketing sur le lieu de vente&#8221; company_name=&#8221;Imprimeries Transcontinental&#8221; url=&#8221;http:\/\/tctranscontinental.com\/&#8221; url_new_window=&#8221;on&#8221; use_background_color=&#8221;off&#8221; background_layout=&#8221;light&#8221; quote_icon_color=&#8221;#0066ff&#8221; quote_icon_background_color=&#8221;#ffffff&#8221; _builder_version=&#8221;3.0.83&#8243; body_text_color=&#8221;#595959&#8243; border_width_all=&#8221;4px&#8221; border_color_all=&#8221;#0066ff&#8221; border_style_all=&#8221;solid&#8221; custom_margin=&#8221;|||&#8221; custom_padding=&#8221;50px|40px|40px|40px&#8221; use_border_color=&#8221;on&#8221; border_color=&#8221;#0066ff&#8221; border_width=&#8221;4px&#8221;]<em>\u00ab\u00a0Pour les services et les pi\u00e8ces de rechange dont nous avons besoin, JTT\u00a0Pressworks se d\u00e9marque des autres entreprises par la comp\u00e9tence et la fiabilit\u00e9 de son personnel. Lorsque nous lui confions un travail, nous savons qu\u2019il sera fait correctement d\u00e8s la premi\u00e8re fois. De plus, l\u2019entreprise a en stock des pi\u00e8ces d\u2019origine \u00e0 prix tr\u00e8s concurrentiel, ce qui nous permet de r\u00e9duire au minimum les temps d\u2019arr\u00eat de mani\u00e8re \u00e9conomique. Que l\u2019on ait besoin de services d\u2019urgence, de pi\u00e8ces de rechange, d\u2019aide pour d\u00e9m\u00e9nager une machine ou une usine, ou simplement de conseils techniques, gr\u00e2ce au travail d\u2019\u00e9quipe et au professionnalisme de JTT Pressworks, on est entre bonnes mains.\u00a0\u00bb<\/em><br \/>\n[\/et_pb_testimonial][\/et_pb_column][\/et_pb_row][\/et_pb_section]<\/p>\n","protected":false},"excerpt":{"rendered":"<p>SERVICES Nos services Vous pouvez compter sur JTT\u00a0Presswork pour l\u2019entretien de presses \u00e0 imprimer Heidelberg par des techniciens d\u2019exp\u00e9rience form\u00e9s en usine. Nous pouvons vous aider en cas d\u2019urgence, ou encore pour le soutien, la maintenance et l\u2019entretien courant. Et si vous avez besoin de conseils d\u2019experts ou d\u2019information sur les presses \u00e0 imprimer Heidelberg, [&hellip;]<\/p>\n","protected":false},"author":1,"featured_media":0,"parent":0,"menu_order":0,"comment_status":"closed","ping_status":"closed","template":"","meta":{"_et_pb_use_builder":"on","_et_pb_old_content":"","_et_gb_content_width":""},"yoast_head":"<!-- This site is optimized with the Yoast SEO Premium plugin v20.11 (Yoast SEO v20.11) - https:\/\/yoast.com\/wordpress\/plugins\/seo\/ -->\n<title>Services de nos techniciens propri\u00e9taires-exploitants pour les presses Heidelberg<\/title>\n<meta name=\"description\" content=\"Services de techniciens exp\u00e9riment\u00e9s et form\u00e9s en usine pour les presses Heidelberg. Entreprise dirig\u00e9e par les propri\u00e9taires. Nous r\u00e9parons, entretenons et conseillons. Appelez-nous au 416\u00a0508-6673.\" \/>\n<meta name=\"robots\" content=\"index, follow, max-snippet:-1, max-image-preview:large, max-video-preview:-1\" \/>\n<link rel=\"canonical\" href=\"http:\/\/www.jttpressworks.com\/fr\/services\/\" \/>\n<meta property=\"og:locale\" content=\"fr_FR\" \/>\n<meta property=\"og:type\" content=\"article\" \/>\n<meta property=\"og:title\" content=\"Services\" \/>\n<meta property=\"og:description\" content=\"Services de techniciens exp\u00e9riment\u00e9s et form\u00e9s en usine pour les presses Heidelberg. Entreprise dirig\u00e9e par les propri\u00e9taires. Nous r\u00e9parons, entretenons et conseillons. Appelez-nous au 416\u00a0508-6673.\" \/>\n<meta property=\"og:url\" content=\"http:\/\/www.jttpressworks.com\/fr\/services\/\" \/>\n<meta property=\"og:site_name\" content=\"JTT PRESSWORKS\" \/>\n<meta property=\"article:modified_time\" content=\"2018-02-26T14:08:51+00:00\" \/>\n<meta name=\"twitter:card\" content=\"summary_large_image\" \/>\n<meta name=\"twitter:label1\" content=\"Est. reading time\" \/>\n\t<meta name=\"twitter:data1\" content=\"7 minutes\" \/>\n<script type=\"application\/ld+json\" class=\"yoast-schema-graph\">{\"@context\":\"https:\/\/schema.org\",\"@graph\":[{\"@type\":\"WebPage\",\"@id\":\"http:\/\/www.jttpressworks.com\/fr\/services\/\",\"url\":\"http:\/\/www.jttpressworks.com\/fr\/services\/\",\"name\":\"Services de nos techniciens propri\u00e9taires-exploitants pour les presses Heidelberg\",\"isPartOf\":{\"@id\":\"http:\/\/www.jttpressworks.com\/fr\/#website\"},\"datePublished\":\"2018-01-29T20:33:21+00:00\",\"dateModified\":\"2018-02-26T14:08:51+00:00\",\"description\":\"Services de techniciens exp\u00e9riment\u00e9s et form\u00e9s en usine pour les presses Heidelberg. Entreprise dirig\u00e9e par les propri\u00e9taires. Nous r\u00e9parons, entretenons et conseillons. Appelez-nous au 416\u00a0508-6673.\",\"breadcrumb\":{\"@id\":\"http:\/\/www.jttpressworks.com\/fr\/services\/#breadcrumb\"},\"inLanguage\":\"fr-FR\",\"potentialAction\":[{\"@type\":\"ReadAction\",\"target\":[\"http:\/\/www.jttpressworks.com\/fr\/services\/\"]}]},{\"@type\":\"BreadcrumbList\",\"@id\":\"http:\/\/www.jttpressworks.com\/fr\/services\/#breadcrumb\",\"itemListElement\":[{\"@type\":\"ListItem\",\"position\":1,\"name\":\"Home\",\"item\":\"http:\/\/www.jttpressworks.com\/fr\/\"},{\"@type\":\"ListItem\",\"position\":2,\"name\":\"Services\"}]},{\"@type\":\"WebSite\",\"@id\":\"http:\/\/www.jttpressworks.com\/fr\/#website\",\"url\":\"http:\/\/www.jttpressworks.com\/fr\/\",\"name\":\"JTT PRESSWORKS\",\"description\":\"We service and repair Heidelberg printing presses\",\"publisher\":{\"@id\":\"http:\/\/www.jttpressworks.com\/fr\/#organization\"},\"potentialAction\":[{\"@type\":\"SearchAction\",\"target\":{\"@type\":\"EntryPoint\",\"urlTemplate\":\"http:\/\/www.jttpressworks.com\/fr\/?s={search_term_string}\"},\"query-input\":\"required name=search_term_string\"}],\"inLanguage\":\"fr-FR\"},{\"@type\":\"Organization\",\"@id\":\"http:\/\/www.jttpressworks.com\/fr\/#organization\",\"name\":\"JTT Pressworks\",\"url\":\"http:\/\/www.jttpressworks.com\/fr\/\",\"logo\":{\"@type\":\"ImageObject\",\"inLanguage\":\"fr-FR\",\"@id\":\"http:\/\/www.jttpressworks.com\/fr\/#\/schema\/logo\/image\/\",\"url\":\"http:\/\/www.jttpressworks.com\/wp-content\/uploads\/JTTpressworks-logo.png\",\"contentUrl\":\"http:\/\/www.jttpressworks.com\/wp-content\/uploads\/JTTpressworks-logo.png\",\"width\":2008,\"height\":358,\"caption\":\"JTT Pressworks\"},\"image\":{\"@id\":\"http:\/\/www.jttpressworks.com\/fr\/#\/schema\/logo\/image\/\"}}]}<\/script>\n<!-- \/ Yoast SEO Premium plugin. -->","yoast_head_json":{"title":"Services de nos techniciens propri\u00e9taires-exploitants pour les presses Heidelberg","description":"Services de techniciens exp\u00e9riment\u00e9s et form\u00e9s en usine pour les presses Heidelberg. Entreprise dirig\u00e9e par les propri\u00e9taires. Nous r\u00e9parons, entretenons et conseillons. Appelez-nous au 416\u00a0508-6673.","robots":{"index":"index","follow":"follow","max-snippet":"max-snippet:-1","max-image-preview":"max-image-preview:large","max-video-preview":"max-video-preview:-1"},"canonical":"http:\/\/www.jttpressworks.com\/fr\/services\/","og_locale":"fr_FR","og_type":"article","og_title":"Services","og_description":"Services de techniciens exp\u00e9riment\u00e9s et form\u00e9s en usine pour les presses Heidelberg. Entreprise dirig\u00e9e par les propri\u00e9taires. Nous r\u00e9parons, entretenons et conseillons. Appelez-nous au 416\u00a0508-6673.","og_url":"http:\/\/www.jttpressworks.com\/fr\/services\/","og_site_name":"JTT PRESSWORKS","article_modified_time":"2018-02-26T14:08:51+00:00","twitter_card":"summary_large_image","twitter_misc":{"Est. reading time":"7 minutes"},"schema":{"@context":"https:\/\/schema.org","@graph":[{"@type":"WebPage","@id":"http:\/\/www.jttpressworks.com\/fr\/services\/","url":"http:\/\/www.jttpressworks.com\/fr\/services\/","name":"Services de nos techniciens propri\u00e9taires-exploitants pour les presses Heidelberg","isPartOf":{"@id":"http:\/\/www.jttpressworks.com\/fr\/#website"},"datePublished":"2018-01-29T20:33:21+00:00","dateModified":"2018-02-26T14:08:51+00:00","description":"Services de techniciens exp\u00e9riment\u00e9s et form\u00e9s en usine pour les presses Heidelberg. Entreprise dirig\u00e9e par les propri\u00e9taires. Nous r\u00e9parons, entretenons et conseillons. Appelez-nous au 416\u00a0508-6673.","breadcrumb":{"@id":"http:\/\/www.jttpressworks.com\/fr\/services\/#breadcrumb"},"inLanguage":"fr-FR","potentialAction":[{"@type":"ReadAction","target":["http:\/\/www.jttpressworks.com\/fr\/services\/"]}]},{"@type":"BreadcrumbList","@id":"http:\/\/www.jttpressworks.com\/fr\/services\/#breadcrumb","itemListElement":[{"@type":"ListItem","position":1,"name":"Home","item":"http:\/\/www.jttpressworks.com\/fr\/"},{"@type":"ListItem","position":2,"name":"Services"}]},{"@type":"WebSite","@id":"http:\/\/www.jttpressworks.com\/fr\/#website","url":"http:\/\/www.jttpressworks.com\/fr\/","name":"JTT PRESSWORKS","description":"We service and repair Heidelberg printing presses","publisher":{"@id":"http:\/\/www.jttpressworks.com\/fr\/#organization"},"potentialAction":[{"@type":"SearchAction","target":{"@type":"EntryPoint","urlTemplate":"http:\/\/www.jttpressworks.com\/fr\/?s={search_term_string}"},"query-input":"required name=search_term_string"}],"inLanguage":"fr-FR"},{"@type":"Organization","@id":"http:\/\/www.jttpressworks.com\/fr\/#organization","name":"JTT Pressworks","url":"http:\/\/www.jttpressworks.com\/fr\/","logo":{"@type":"ImageObject","inLanguage":"fr-FR","@id":"http:\/\/www.jttpressworks.com\/fr\/#\/schema\/logo\/image\/","url":"http:\/\/www.jttpressworks.com\/wp-content\/uploads\/JTTpressworks-logo.png","contentUrl":"http:\/\/www.jttpressworks.com\/wp-content\/uploads\/JTTpressworks-logo.png","width":2008,"height":358,"caption":"JTT Pressworks"},"image":{"@id":"http:\/\/www.jttpressworks.com\/fr\/#\/schema\/logo\/image\/"}}]}},"_links":{"self":[{"href":"http:\/\/www.jttpressworks.com\/fr\/wp-json\/wp\/v2\/pages\/1190"}],"collection":[{"href":"http:\/\/www.jttpressworks.com\/fr\/wp-json\/wp\/v2\/pages"}],"about":[{"href":"http:\/\/www.jttpressworks.com\/fr\/wp-json\/wp\/v2\/types\/page"}],"author":[{"embeddable":true,"href":"http:\/\/www.jttpressworks.com\/fr\/wp-json\/wp\/v2\/users\/1"}],"replies":[{"embeddable":true,"href":"http:\/\/www.jttpressworks.com\/fr\/wp-json\/wp\/v2\/comments?post=1190"}],"version-history":[{"count":19,"href":"http:\/\/www.jttpressworks.com\/fr\/wp-json\/wp\/v2\/pages\/1190\/revisions"}],"predecessor-version":[{"id":1380,"href":"http:\/\/www.jttpressworks.com\/fr\/wp-json\/wp\/v2\/pages\/1190\/revisions\/1380"}],"wp:attachment":[{"href":"http:\/\/www.jttpressworks.com\/fr\/wp-json\/wp\/v2\/media?parent=1190"}],"curies":[{"name":"wp","href":"https:\/\/api.w.org\/{rel}","templated":true}]}}