{"id":1178,"date":"2018-01-29T13:58:11","date_gmt":"2018-01-29T18:58:11","guid":{"rendered":"http:\/\/www.jttpressworks.com\/a-propos-de\/"},"modified":"2018-02-20T10:02:05","modified_gmt":"2018-02-20T15:02:05","slug":"a-propos-de","status":"publish","type":"page","link":"http:\/\/www.jttpressworks.com\/fr\/a-propos-de\/","title":{"rendered":"\u00c0 propos de"},"content":{"rendered":"<p>[et_pb_section fb_built=&#8221;1&#8243; fullwidth=&#8221;on&#8221; _builder_version=&#8221;3.0.47&#8243;][et_pb_fullwidth_image src=&#8221;http:\/\/www.jttpressworks.com\/wp-content\/uploads\/about-CCG_00004_XL106_Tuerme_BS_Portfolio_F51.jpg&#8221; _builder_version=&#8221;3.0.83&#8243; animation_style=&#8221;slide&#8221; animation_direction=&#8221;left&#8221; animation_duration=&#8221;500&#8243; animation_intensity_slide=&#8221;10%&#8221;][\/et_pb_fullwidth_image][\/et_pb_section][et_pb_section fb_built=&#8221;1&#8243; _builder_version=&#8221;3.0.80&#8243; custom_padding=&#8221;10px||10px|&#8221;][et_pb_row make_fullwidth=&#8221;on&#8221; custom_padding=&#8221;10px||0px|&#8221; custom_margin=&#8221;|||&#8221; padding_bottom_1=&#8221;NaNpx&#8221; background_position_1=&#8221;top_left&#8221; background_repeat_1=&#8221;no-repeat&#8221; _builder_version=&#8221;3.0.66&#8243; background_size=&#8221;initial&#8221; background_position=&#8221;top_left&#8221; background_repeat=&#8221;repeat&#8221;][et_pb_column type=&#8221;4_4&#8243; _builder_version=&#8221;3.0.47&#8243; padding_bottom=&#8221;NaNpx&#8221; parallax=&#8221;off&#8221; parallax_method=&#8221;on&#8221; background_position=&#8221;top_left&#8221; background_repeat=&#8221;no-repeat&#8221;][et_pb_text _builder_version=&#8221;3.0.83&#8243; header_font_size=&#8221;48px&#8221; header_font_size_tablet=&#8221;40px&#8221; header_font_size_last_edited=&#8221;on|phone&#8221; header_text_color=&#8221;#0066ff&#8221; module_alignment=&#8221;left&#8221; custom_margin=&#8221;||1px|&#8221; border_style=&#8221;solid&#8221;]<\/p>\n<h1>\u00c0 PROPOS DE JTT\u00a0PRESSWORKS<\/h1>\n<p>[\/et_pb_text][et_pb_divider color=&#8221;#0066ff&#8221; show_divider=&#8221;on&#8221; divider_weight=&#8221;5&#8243; height=&#8221;0&#8243; disabled_on=&#8221;on|on|off&#8221; _builder_version=&#8221;3.0.83&#8243;][\/et_pb_divider][et_pb_text _builder_version=&#8221;3.0.93&#8243;]<\/p>\n<h1>Des services sur lesquels vous pouvez compter pour les presses Heidelberg.<\/h1>\n<p>[\/et_pb_text][\/et_pb_column][\/et_pb_row][\/et_pb_section][et_pb_section fb_built=&#8221;1&#8243; _builder_version=&#8221;3.0.80&#8243;][et_pb_row make_fullwidth=&#8221;on&#8221; _builder_version=&#8221;3.0.80&#8243;][et_pb_column type=&#8221;2_3&#8243; _builder_version=&#8221;3.0.47&#8243; parallax=&#8221;off&#8221; parallax_method=&#8221;on&#8221;][et_pb_text _builder_version=&#8221;3.0.93&#8243;]John\u00a0Ho, Tony\u00a0Rotella et Thomas\u00a0Kelly, les fondateurs de l\u2019entreprise, cumulent plus de 50\u00a0ans d\u2019exp\u00e9rience sp\u00e9cialis\u00e9e en m\u00e9canique et en \u00e9lectronique pour la r\u00e9paration et l\u2019entretien de certaines des machines les plus complexes dans le secteur de l\u2019impression.<\/p>\n<p>Nous sommes les propri\u00e9taires-exploitants et employ\u00e9s exp\u00e9riment\u00e9s, form\u00e9s en usine, de JTT\u00a0Pressworks.<br \/>\n[\/et_pb_text][et_pb_testimonial author=&#8221;Phillip Toews&#8221; job_title=&#8221;Directeur de l\u2019exploitation&#8221; company_name=&#8221;Fort Dearborn Company&#8221; url=&#8221;http:\/\/fortdearborn.com&#8221; url_new_window=&#8221;on&#8221; use_background_color=&#8221;off&#8221; background_layout=&#8221;light&#8221; quote_icon_color=&#8221;#0066ff&#8221; quote_icon_background_color=&#8221;#ffffff&#8221; _builder_version=&#8221;3.0.83&#8243; body_text_color=&#8221;#595959&#8243; border_width_all=&#8221;4px&#8221; border_color_all=&#8221;#0066ff&#8221; border_style_all=&#8221;solid&#8221; custom_margin=&#8221;|||&#8221; custom_padding=&#8221;50px|40px|40px|40px&#8221; use_border_color=&#8221;on&#8221; border_color=&#8221;#0066ff&#8221; border_width=&#8221;4px&#8221;]<em>\u00ab\u00a0JTT est notre principal fournisseur de services depuis la cr\u00e9ation de l\u2019entreprise, en 2002. Il n\u2019y a qu\u2019une fa\u00e7on de d\u00e9crire le niveau de service dont nous avons b\u00e9n\u00e9fici\u00e9 au cours de ces 15\u00a0ann\u00e9es\u00a0: sans \u00e9gal dans l\u2019industrie. En plus d\u2019\u00eatre notre principal fournisseur de composants de presse d\u2019origine, JTT offre des services complets de r\u00e9paration de presse, ainsi que l\u2019exp\u00e9dition le jour m\u00eame de la plupart des pi\u00e8ces en stock, le tout avec un excellent rapport co\u00fbt-efficacit\u00e9.<\/em><\/p>\n<p><em>Leurs connaissances courantes et techniques \u00e0 propos des produits Heidelberg surpassent les attentes. Ils peuvent r\u00e9aliser des \u00e9valuations en profondeur et, en fonction de ce qu\u2019ils d\u00e9couvrent, des r\u00e9parations expertes. Nous consid\u00e9rons John, Thomas et Tony comme des membres de la famille, ce qui en dit long sur leur caract\u00e8re et leur honn\u00eatet\u00e9. Ce sont des gens avec qui il est facile de travailler, et nous nous fions \u00e0 leurs recommandations.<\/em><\/p>\n<p><em>\u00c9tant donn\u00e9 les exigences croissantes, tant en ce qui concerne la machinerie que les d\u00e9lais d\u2019ex\u00e9cution, nous comptons grandement sur leur niveau de service et leur souci du d\u00e9tail. Nous leur faisons confiance sans r\u00e9serve. Il est tr\u00e8s clair que JTT est un chef de file dans son domaine et, que ce soit pour l\u2019\u00e9lectricit\u00e9 ou la m\u00e9canique, nous pouvons compter sur eux.\u00a0\u00bb<\/em><br \/>\n[\/et_pb_testimonial][\/et_pb_column][et_pb_column type=&#8221;1_3&#8243; _builder_version=&#8221;3.0.47&#8243; parallax=&#8221;off&#8221; parallax_method=&#8221;on&#8221;][\/et_pb_column][\/et_pb_row][\/et_pb_section][et_pb_section fb_built=&#8221;1&#8243; background_color=&#8221;#0066ff&#8221; _builder_version=&#8221;3.0.83&#8243;][et_pb_row make_fullwidth=&#8221;on&#8221; _builder_version=&#8221;3.0.83&#8243;][et_pb_column type=&#8221;4_4&#8243; _builder_version=&#8221;3.0.47&#8243; parallax=&#8221;off&#8221; parallax_method=&#8221;on&#8221;][et_pb_text background_layout=&#8221;dark&#8221; _builder_version=&#8221;3.0.83&#8243; header_text_align=&#8221;center&#8221; header_font_size=&#8221;44px&#8221; header_letter_spacing=&#8221;1px&#8221; header_line_height=&#8221;1.2em&#8221; custom_margin=&#8221;40px|||&#8221; border_style=&#8221;solid&#8221;]<\/p>\n<h1 style=\"text-align: center;\">\u00a0Pour que vos presses continuent de tourner<\/h1>\n<p>[\/et_pb_text][et_pb_button button_url=&#8221;http:\/\/www.jttpressworks.com\/fr\/services\/&#8221; button_text=&#8221;Nos services&#8221; button_alignment=&#8221;center&#8221; _builder_version=&#8221;3.0.98&#8243; custom_margin=&#8221;||40px|&#8221; custom_padding=&#8221;20px|20px|20px|20px&#8221; custom_button=&#8221;on&#8221; button_text_size=&#8221;21&#8243; button_text_color=&#8221;#f8f8f8&#8243; button_border_width=&#8221;3px&#8221; button_border_color=&#8221;#f8f8f8&#8243; button_border_radius=&#8221;3px&#8221; button_letter_spacing=&#8221;1px&#8221; button_font=&#8221;|||on|||||&#8221; button_use_icon=&#8221;off&#8221; saved_tabs=&#8221;all&#8221;][\/et_pb_button][\/et_pb_column][\/et_pb_row][\/et_pb_section]<\/p>\n","protected":false},"excerpt":{"rendered":"<p>\u00c0 PROPOS DE JTT\u00a0PRESSWORKS Des services sur lesquels vous pouvez compter pour les presses Heidelberg. John\u00a0Ho, Tony\u00a0Rotella et Thomas\u00a0Kelly, les fondateurs de l\u2019entreprise, cumulent plus de 50\u00a0ans d\u2019exp\u00e9rience sp\u00e9cialis\u00e9e en m\u00e9canique et en \u00e9lectronique pour la r\u00e9paration et l\u2019entretien de certaines des machines les plus complexes dans le secteur de l\u2019impression. Nous sommes les propri\u00e9taires-exploitants [&hellip;]<\/p>\n","protected":false},"author":1,"featured_media":0,"parent":0,"menu_order":0,"comment_status":"closed","ping_status":"closed","template":"","meta":{"_et_pb_use_builder":"on","_et_pb_old_content":"","_et_gb_content_width":""},"yoast_head":"<!-- This site is optimized with the Yoast SEO Premium plugin v20.11 (Yoast SEO v20.11) - https:\/\/yoast.com\/wordpress\/plugins\/seo\/ -->\n<title>\u00c0 propos de JTT\u00a0Pressworks \u2013 Services pour les presses Heidelberg<\/title>\n<meta name=\"description\" content=\"\u00c0 propos de JTT\u00a0Pressworks\u00a0: John\u00a0Ho, Tony\u00a0Rotella et Thomas\u00a0Kelly, les propri\u00e9taires-exploitants de l\u2019entreprise, cumulent plus de 50\u00a0ans d\u2019exp\u00e9rience des services pour les presses Heidelberg.\" \/>\n<meta name=\"robots\" content=\"index, follow, max-snippet:-1, max-image-preview:large, max-video-preview:-1\" \/>\n<link rel=\"canonical\" href=\"http:\/\/www.jttpressworks.com\/fr\/a-propos-de\/\" \/>\n<meta property=\"og:locale\" content=\"fr_FR\" \/>\n<meta property=\"og:type\" content=\"article\" \/>\n<meta property=\"og:title\" content=\"\u00c0 propos de\" \/>\n<meta property=\"og:description\" content=\"\u00c0 propos de JTT\u00a0Pressworks\u00a0: John\u00a0Ho, Tony\u00a0Rotella et Thomas\u00a0Kelly, les propri\u00e9taires-exploitants de l\u2019entreprise, cumulent plus de 50\u00a0ans d\u2019exp\u00e9rience des services pour les presses Heidelberg.\" \/>\n<meta property=\"og:url\" content=\"http:\/\/www.jttpressworks.com\/fr\/a-propos-de\/\" \/>\n<meta property=\"og:site_name\" content=\"JTT PRESSWORKS\" \/>\n<meta property=\"article:modified_time\" content=\"2018-02-20T15:02:05+00:00\" \/>\n<meta name=\"twitter:card\" content=\"summary_large_image\" \/>\n<meta name=\"twitter:label1\" content=\"Est. reading time\" \/>\n\t<meta name=\"twitter:data1\" content=\"4 minutes\" \/>\n<script type=\"application\/ld+json\" class=\"yoast-schema-graph\">{\"@context\":\"https:\/\/schema.org\",\"@graph\":[{\"@type\":\"WebPage\",\"@id\":\"http:\/\/www.jttpressworks.com\/fr\/a-propos-de\/\",\"url\":\"http:\/\/www.jttpressworks.com\/fr\/a-propos-de\/\",\"name\":\"\u00c0 propos de JTT\u00a0Pressworks \u2013 Services pour les presses Heidelberg\",\"isPartOf\":{\"@id\":\"http:\/\/www.jttpressworks.com\/fr\/#website\"},\"datePublished\":\"2018-01-29T18:58:11+00:00\",\"dateModified\":\"2018-02-20T15:02:05+00:00\",\"description\":\"\u00c0 propos de JTT\u00a0Pressworks\u00a0: John\u00a0Ho, Tony\u00a0Rotella et Thomas\u00a0Kelly, les propri\u00e9taires-exploitants de l\u2019entreprise, cumulent plus de 50\u00a0ans d\u2019exp\u00e9rience des services pour les presses Heidelberg.\",\"breadcrumb\":{\"@id\":\"http:\/\/www.jttpressworks.com\/fr\/a-propos-de\/#breadcrumb\"},\"inLanguage\":\"fr-FR\",\"potentialAction\":[{\"@type\":\"ReadAction\",\"target\":[\"http:\/\/www.jttpressworks.com\/fr\/a-propos-de\/\"]}]},{\"@type\":\"BreadcrumbList\",\"@id\":\"http:\/\/www.jttpressworks.com\/fr\/a-propos-de\/#breadcrumb\",\"itemListElement\":[{\"@type\":\"ListItem\",\"position\":1,\"name\":\"Home\",\"item\":\"http:\/\/www.jttpressworks.com\/fr\/\"},{\"@type\":\"ListItem\",\"position\":2,\"name\":\"\u00c0 propos de\"}]},{\"@type\":\"WebSite\",\"@id\":\"http:\/\/www.jttpressworks.com\/fr\/#website\",\"url\":\"http:\/\/www.jttpressworks.com\/fr\/\",\"name\":\"JTT PRESSWORKS\",\"description\":\"We service and repair Heidelberg printing presses\",\"publisher\":{\"@id\":\"http:\/\/www.jttpressworks.com\/fr\/#organization\"},\"potentialAction\":[{\"@type\":\"SearchAction\",\"target\":{\"@type\":\"EntryPoint\",\"urlTemplate\":\"http:\/\/www.jttpressworks.com\/fr\/?s={search_term_string}\"},\"query-input\":\"required name=search_term_string\"}],\"inLanguage\":\"fr-FR\"},{\"@type\":\"Organization\",\"@id\":\"http:\/\/www.jttpressworks.com\/fr\/#organization\",\"name\":\"JTT Pressworks\",\"url\":\"http:\/\/www.jttpressworks.com\/fr\/\",\"logo\":{\"@type\":\"ImageObject\",\"inLanguage\":\"fr-FR\",\"@id\":\"http:\/\/www.jttpressworks.com\/fr\/#\/schema\/logo\/image\/\",\"url\":\"http:\/\/www.jttpressworks.com\/wp-content\/uploads\/JTTpressworks-logo.png\",\"contentUrl\":\"http:\/\/www.jttpressworks.com\/wp-content\/uploads\/JTTpressworks-logo.png\",\"width\":2008,\"height\":358,\"caption\":\"JTT Pressworks\"},\"image\":{\"@id\":\"http:\/\/www.jttpressworks.com\/fr\/#\/schema\/logo\/image\/\"}}]}<\/script>\n<!-- \/ Yoast SEO Premium plugin. -->","yoast_head_json":{"title":"\u00c0 propos de JTT\u00a0Pressworks \u2013 Services pour les presses Heidelberg","description":"\u00c0 propos de JTT\u00a0Pressworks\u00a0: John\u00a0Ho, Tony\u00a0Rotella et Thomas\u00a0Kelly, les propri\u00e9taires-exploitants de l\u2019entreprise, cumulent plus de 50\u00a0ans d\u2019exp\u00e9rience des services pour les presses Heidelberg.","robots":{"index":"index","follow":"follow","max-snippet":"max-snippet:-1","max-image-preview":"max-image-preview:large","max-video-preview":"max-video-preview:-1"},"canonical":"http:\/\/www.jttpressworks.com\/fr\/a-propos-de\/","og_locale":"fr_FR","og_type":"article","og_title":"\u00c0 propos de","og_description":"\u00c0 propos de JTT\u00a0Pressworks\u00a0: John\u00a0Ho, Tony\u00a0Rotella et Thomas\u00a0Kelly, les propri\u00e9taires-exploitants de l\u2019entreprise, cumulent plus de 50\u00a0ans d\u2019exp\u00e9rience des services pour les presses Heidelberg.","og_url":"http:\/\/www.jttpressworks.com\/fr\/a-propos-de\/","og_site_name":"JTT PRESSWORKS","article_modified_time":"2018-02-20T15:02:05+00:00","twitter_card":"summary_large_image","twitter_misc":{"Est. reading time":"4 minutes"},"schema":{"@context":"https:\/\/schema.org","@graph":[{"@type":"WebPage","@id":"http:\/\/www.jttpressworks.com\/fr\/a-propos-de\/","url":"http:\/\/www.jttpressworks.com\/fr\/a-propos-de\/","name":"\u00c0 propos de JTT\u00a0Pressworks \u2013 Services pour les presses Heidelberg","isPartOf":{"@id":"http:\/\/www.jttpressworks.com\/fr\/#website"},"datePublished":"2018-01-29T18:58:11+00:00","dateModified":"2018-02-20T15:02:05+00:00","description":"\u00c0 propos de JTT\u00a0Pressworks\u00a0: John\u00a0Ho, Tony\u00a0Rotella et Thomas\u00a0Kelly, les propri\u00e9taires-exploitants de l\u2019entreprise, cumulent plus de 50\u00a0ans d\u2019exp\u00e9rience des services pour les presses Heidelberg.","breadcrumb":{"@id":"http:\/\/www.jttpressworks.com\/fr\/a-propos-de\/#breadcrumb"},"inLanguage":"fr-FR","potentialAction":[{"@type":"ReadAction","target":["http:\/\/www.jttpressworks.com\/fr\/a-propos-de\/"]}]},{"@type":"BreadcrumbList","@id":"http:\/\/www.jttpressworks.com\/fr\/a-propos-de\/#breadcrumb","itemListElement":[{"@type":"ListItem","position":1,"name":"Home","item":"http:\/\/www.jttpressworks.com\/fr\/"},{"@type":"ListItem","position":2,"name":"\u00c0 propos de"}]},{"@type":"WebSite","@id":"http:\/\/www.jttpressworks.com\/fr\/#website","url":"http:\/\/www.jttpressworks.com\/fr\/","name":"JTT PRESSWORKS","description":"We service and repair Heidelberg printing presses","publisher":{"@id":"http:\/\/www.jttpressworks.com\/fr\/#organization"},"potentialAction":[{"@type":"SearchAction","target":{"@type":"EntryPoint","urlTemplate":"http:\/\/www.jttpressworks.com\/fr\/?s={search_term_string}"},"query-input":"required name=search_term_string"}],"inLanguage":"fr-FR"},{"@type":"Organization","@id":"http:\/\/www.jttpressworks.com\/fr\/#organization","name":"JTT Pressworks","url":"http:\/\/www.jttpressworks.com\/fr\/","logo":{"@type":"ImageObject","inLanguage":"fr-FR","@id":"http:\/\/www.jttpressworks.com\/fr\/#\/schema\/logo\/image\/","url":"http:\/\/www.jttpressworks.com\/wp-content\/uploads\/JTTpressworks-logo.png","contentUrl":"http:\/\/www.jttpressworks.com\/wp-content\/uploads\/JTTpressworks-logo.png","width":2008,"height":358,"caption":"JTT Pressworks"},"image":{"@id":"http:\/\/www.jttpressworks.com\/fr\/#\/schema\/logo\/image\/"}}]}},"_links":{"self":[{"href":"http:\/\/www.jttpressworks.com\/fr\/wp-json\/wp\/v2\/pages\/1178"}],"collection":[{"href":"http:\/\/www.jttpressworks.com\/fr\/wp-json\/wp\/v2\/pages"}],"about":[{"href":"http:\/\/www.jttpressworks.com\/fr\/wp-json\/wp\/v2\/types\/page"}],"author":[{"embeddable":true,"href":"http:\/\/www.jttpressworks.com\/fr\/wp-json\/wp\/v2\/users\/1"}],"replies":[{"embeddable":true,"href":"http:\/\/www.jttpressworks.com\/fr\/wp-json\/wp\/v2\/comments?post=1178"}],"version-history":[{"count":8,"href":"http:\/\/www.jttpressworks.com\/fr\/wp-json\/wp\/v2\/pages\/1178\/revisions"}],"predecessor-version":[{"id":1356,"href":"http:\/\/www.jttpressworks.com\/fr\/wp-json\/wp\/v2\/pages\/1178\/revisions\/1356"}],"wp:attachment":[{"href":"http:\/\/www.jttpressworks.com\/fr\/wp-json\/wp\/v2\/media?parent=1178"}],"curies":[{"name":"wp","href":"https:\/\/api.w.org\/{rel}","templated":true}]}}